{"id":73648,"date":"2025-12-02T12:38:07","date_gmt":"2025-12-02T11:38:07","guid":{"rendered":"https:\/\/www.softub.ch\/?post_type=product&#038;p=73648"},"modified":"2025-12-02T13:31:42","modified_gmt":"2025-12-02T12:31:42","slug":"game-unterwasser-pool-licht-fernbedienung","status":"publish","type":"product","link":"https:\/\/www.softub.ch\/fr\/produit\/game-unterwasser-pool-licht-fernbedienung\/","title":{"rendered":"Game Unterwasser Pool Licht"},"content":{"rendered":"<div class=\"fusion-fullwidth fullwidth-box fusion-builder-row-1 fusion-flex-container nonhundred-percent-fullwidth non-hundred-percent-height-scrolling\" style=\"--awb-border-radius-top-left:0px;--awb-border-radius-top-right:0px;--awb-border-radius-bottom-right:0px;--awb-border-radius-bottom-left:0px;--awb-flex-wrap:wrap;\" ><div class=\"fusion-builder-row fusion-row fusion-flex-align-items-flex-start fusion-flex-content-wrap\" style=\"max-width:1248px;margin-left: calc(-4% \/ 2 );margin-right: calc(-4% \/ 2 );\"><div class=\"fusion-layout-column fusion_builder_column fusion-builder-column-0 fusion_builder_column_1_1 1_1 fusion-flex-column\" style=\"--awb-bg-size:cover;--awb-width-large:100%;--awb-margin-top-large:0px;--awb-spacing-right-large:1.92%;--awb-margin-bottom-large:0px;--awb-spacing-left-large:1.92%;--awb-width-medium:100%;--awb-spacing-right-medium:1.92%;--awb-spacing-left-medium:1.92%;--awb-width-small:100%;--awb-spacing-right-small:1.92%;--awb-spacing-left-small:1.92%;\"><div class=\"fusion-column-wrapper fusion-flex-justify-content-flex-start fusion-content-layout-column\"><div class=\"fusion-text fusion-text-1\"><h1><span style=\"color: #3c9bb9;\">Game Unterwasser Pool Licht\u00a0<\/span><\/h1>\n<h3><strong>Poolbeleuchtung mit Fernbedienung <\/strong><\/h3>\n<p>Die Poolbeleuchtung ist ausschliesslich f\u00fcr oberirdische Pools mit Vinyl- und Stahlw\u00e4nden konzipiert. Die Leuchte wird mit einem Magneten an der Aussenseite der Poolwand an der Innenseite der Poolwand befestigt. Der Magnet ist im Lieferumfang enthalten, und die Leuchte l\u00e4sst sich leicht anbringen und entfernen.<\/p>\n<h3>Pool Licht mit Magnet und Fernbedienung<\/h3>\n<p>WARNUNG: Enth\u00e4lt starke Magnete. Halten Sie das Licht von kleinen Kindern, Mobiltelefonen, magnetischen Medien wie Festplatten und anderen elektronischen Ger\u00e4ten fern.<\/p>\n<p>WICHTIG: Dieses Produkt ist f\u00fcr die Verwendung mit oberirdischen Poolw\u00e4nden mit einer maximalen Dicke von 0,5 mm (0,02 Zoll) oder starren Stahlw\u00e4nden vorgesehen. Nicht f\u00fcr die Verwendung mit unterirdischen Pools geeignet.<\/p>\n<h3><strong>ANLEITUNG<\/strong><\/h3>\n<p><strong>Batterieeinbau <\/strong><\/p>\n<p><strong>Poolbeleuchtung<\/strong><\/p>\n<p>HINWEIS: Vergewissern Sie sich immer, dass das Produkt vollst\u00e4ndig trocken ist, bevor Sie die Batterien einlegen.)<\/p>\n<ol>\n<li>Drehen Sie die obere durchsichtige Abdeckung gegen den Uhrzeigersinn, um sie zu \u00f6ffnen.<\/li>\n<li>Entfernen Sie die Batterieabdeckung, indem Sie die aufrecht stehende Lasche vorsichtig nach aussen dr\u00fccken.<\/li>\n<li>Legen Sie (3) AA-Batterien ein.<\/li>\n<li>Setzen Sie die Batterieabdeckung wieder \u00fcber die LEDs.<\/li>\n<li>Setzen Sie die Abdeckung wieder auf und drehen Sie sie im Uhrzeigersinn, bis sie fest sitzt. Achten Sie darauf, dass die Dichtung sauber ist und richtig sitzt, da sie mit Silikonfett geschmiert ist.<\/li>\n<\/ol>\n<p>HINWEIS: Tragen Sie beim Austausch der Batterien vor dem Zusammenbau eine d\u00fcnne Schicht Silikonfett aus der mitgelieferten Packung (auch im Schwimmbadfachhandel erh\u00e4ltlich) auf die blaue Dichtungsfl\u00e4che oder die Passfl\u00e4che der durchsichtigen Abdeckung auf. Dies tr\u00e4gt dazu bei, eine wasserdichte Abdichtung zu gew\u00e4hrleisten.<\/p>\n<p>WARNUNG: Vergewissern Sie sich, dass alle Gewinde eingerastet sind und die Abdeckung vollst\u00e4ndig und gleichm\u00e4ssig auf der Dichtung sitzt, bevor Sie das Ger\u00e4t unter Wasser tauchen. Eine unsachgem\u00e4sse Abdichtung des Ger\u00e4ts f\u00fchrt zu Undichtigkeiten, die das Licht zerst\u00f6ren und die Garantie ung\u00fcltig machen.<\/p>\n<p><strong>Fernbedienung<\/strong> (Batterie ist bereits eingelegt)<br \/>\nHinweis: Die Fernbedienung ist nicht wasserdicht. Nicht unter Wasser tauchen.<\/p>\n<p>Ziehen Sie an der Plastiklasche, um die Batterie einzusetzen. Wenn sich die durchsichtige Plastiklasche nicht ziehen l\u00e4sst, l\u00f6sen Sie die Batterieabdeckung mit einem Kreuzschlitzschraubendreher, ziehen Sie die Plastikabdeckung heraus und ziehen Sie die Schraube fest.<\/p>\n<p><strong>Ein-\/Ausschalten <\/strong><br \/>\nDr\u00fccken Sie die Taste in der Mitte der Unterseite der Leuchte.<\/p>\n<ol>\n<li>Dr\u00fccken Sie die Taste einmal, um die Leuchte einzuschalten (niedrige Einstellung).<\/li>\n<li>Dr\u00fccken Sie die Taste erneut, um die hohe Einstellung zu aktivieren.<\/li>\n<li>Dr\u00fccken Sie die Taste ein drittes Mal, um die Leuchte auszuschalten.<\/li>\n<\/ol>\n<p><strong>Fernbedienung Bedienung<\/strong><\/p>\n<ol>\n<li>Richten Sie die Fernbedienung direkt auf die durchsichtige Abdeckung der Leuchteinheit. Dies ist wichtig, wenn das Ger\u00e4t in einem Schwimmbecken untergetaucht ist.<\/li>\n<li>Dr\u00fccken Sie die Taste einmal, um das Ger\u00e4t einzuschalten (niedrige Stufe). Dr\u00fccken Sie die Taste erneut, um die hohe Stufe einzustellen. Dr\u00fccken Sie die Taste ein drittes Mal, um das Ger\u00e4t auszuschalten.<\/li>\n<\/ol>\n<p><strong>Installation der Leuchte in Ihrem Pool <\/strong><\/p>\n<p>Platzieren Sie die Leuchte mit den eingelegten Batterien im Inneren des Pools und halten Sie sie fest, bis Sie den blauen Magneten an der Aussenseite hinter der Leuchte befestigen.<\/p>\n<p><strong>Lagerung <\/strong><\/p>\n<p>Trocknen Sie alle Teile vor der Lagerung gr\u00fcndlich.<br \/>\nWenn das Produkt l\u00e4nger als einen Monat nicht verwendet wird, entfernen Sie die Batterien, um Entladung und Korrosion zu vermeiden.<\/p>\n<p>Mehr <a href=\"https:\/\/www.softub.ch\/shop\/softub-zubehoer\/\">Zubeh\u00f6r<\/a> zur Ihrem Whirlpool finden Sie in unserem <a href=\"https:\/\/www.softub.ch\/shop\/\">Online Shop<\/a>.<\/p>\n<\/div><\/div><\/div><\/div><\/div>\n","protected":false},"excerpt":{"rendered":"<h1><span style=\"color: #3c9bb9;\">Game Unterwasser Pool Licht\u00a0<\/span><\/h1>\n<p>Zus\u00e4tzliches Licht f\u00fcr Ihren Whirlpool.<\/p>\n","protected":false},"featured_media":73652,"template":"","meta":{"_acf_changed":false},"product_brand":[],"product_cat":[5113,34],"product_tag":[1885,1880,1886,1881,1884,10307,10308,567,1179,1887,184,1125,180],"woo-feed-brand":[],"class_list":{"0":"post-73648","1":"product","2":"type-product","3":"status-publish","4":"has-post-thumbnail","6":"product_cat-super-sale-black-friday-24-7","7":"product_cat-softub-zubehoer","8":"product_tag-led-lichter-fuer-softub","9":"product_tag-led-lichter-fuer-whirlpool","10":"product_tag-licht-fuer-softub","11":"product_tag-licht-fuer-whirlpool","12":"product_tag-licht-show-fuer-whirlpool","13":"product_tag-pool-licht","14":"product_tag-poollicht","15":"product_tag-softub","16":"product_tag-softub-schweiz","17":"product_tag-wasserfeste-lichtshow-fuer-whirlpool","18":"product_tag-wellness","19":"product_tag-wellnessoase","20":"product_tag-whirlpool","21":"product_shipping_class-post-15","23":"first","24":"instock","25":"sale","26":"taxable","27":"shipping-taxable","28":"purchasable","29":"product-type-simple"},"acf":[],"yoast_head":"<!-- This site is optimized with the Yoast SEO Premium plugin v27.3 (Yoast SEO v27.3) - https:\/\/yoast.com\/product\/yoast-seo-premium-wordpress\/ -->\n<title>Game Unterwasser Pool Licht\u00a0<\/title>\n<meta name=\"description\" content=\"Das Game Unterwasser Pool Licht ist ein langlebiges Ger\u00e4t, das Spass und festliches Dekor f\u00fcr Ihren Softub Whirlpool oder Pool bietet. Mit Fernbedienung.\" \/>\n<meta name=\"robots\" content=\"index, follow, max-snippet:-1, max-image-preview:large, max-video-preview:-1\" \/>\n<link rel=\"canonical\" href=\"https:\/\/www.softub.ch\/produkt\/game-unterwasser-pool-licht-fernbedienung\/\" \/>\n<meta property=\"og:locale\" content=\"fr_FR\" \/>\n<meta property=\"og:type\" content=\"article\" \/>\n<meta property=\"og:title\" content=\"Game Unterwasser Pool Licht\" \/>\n<meta property=\"og:description\" content=\"Das Game Unterwasser Pool Licht ist ein langlebiges Ger\u00e4t, das Spass und festliches Dekor f\u00fcr Ihren Softub Whirlpool oder Pool bietet. Mit Fernbedienung.\" \/>\n<meta property=\"og:url\" content=\"https:\/\/www.softub.ch\/produkt\/game-unterwasser-pool-licht-fernbedienung\/\" \/>\n<meta property=\"og:site_name\" content=\"Softub Schweiz\" \/>\n<meta property=\"article:publisher\" content=\"https:\/\/www.facebook.com\/softubschweiz\" \/>\n<meta property=\"article:modified_time\" content=\"2025-12-02T12:31:42+00:00\" \/>\n<meta property=\"og:image\" content=\"https:\/\/www.softub.ch\/wp-content\/uploads\/Poollicht-mit-Fernbedienung-Softub-Schweiz.jpg\" \/>\n\t<meta property=\"og:image:width\" content=\"650\" \/>\n\t<meta property=\"og:image:height\" content=\"650\" \/>\n\t<meta property=\"og:image:type\" content=\"image\/jpeg\" \/>\n<meta name=\"twitter:card\" content=\"summary_large_image\" \/>\n<meta name=\"twitter:label1\" content=\"Dur\u00e9e de lecture estim\u00e9e\" \/>\n\t<meta name=\"twitter:data1\" content=\"4 minutes\" \/>\n<script type=\"application\/ld+json\" class=\"yoast-schema-graph\">{\"@context\":\"https:\\\/\\\/schema.org\",\"@graph\":[{\"@type\":\"WebPage\",\"@id\":\"https:\\\/\\\/www.softub.ch\\\/produkt\\\/game-unterwasser-pool-licht-fernbedienung\\\/\",\"url\":\"https:\\\/\\\/www.softub.ch\\\/produkt\\\/game-unterwasser-pool-licht-fernbedienung\\\/\",\"name\":\"Game Unterwasser Pool Licht\u00a0\",\"isPartOf\":{\"@id\":\"https:\\\/\\\/www.softub.ch\\\/fr\\\/#website\"},\"primaryImageOfPage\":{\"@id\":\"https:\\\/\\\/www.softub.ch\\\/produkt\\\/game-unterwasser-pool-licht-fernbedienung\\\/#primaryimage\"},\"image\":{\"@id\":\"https:\\\/\\\/www.softub.ch\\\/produkt\\\/game-unterwasser-pool-licht-fernbedienung\\\/#primaryimage\"},\"thumbnailUrl\":\"https:\\\/\\\/www.softub.ch\\\/wp-content\\\/uploads\\\/Poollicht-mit-Fernbedienung-Softub-Schweiz.jpg\",\"datePublished\":\"2025-12-02T11:38:07+00:00\",\"dateModified\":\"2025-12-02T12:31:42+00:00\",\"description\":\"Das Game Unterwasser Pool Licht ist ein langlebiges Ger\u00e4t, das Spass und festliches Dekor f\u00fcr Ihren Softub Whirlpool oder Pool bietet. Mit Fernbedienung.\",\"breadcrumb\":{\"@id\":\"https:\\\/\\\/www.softub.ch\\\/produkt\\\/game-unterwasser-pool-licht-fernbedienung\\\/#breadcrumb\"},\"inLanguage\":\"fr-FR\",\"potentialAction\":[{\"@type\":\"ReadAction\",\"target\":[\"https:\\\/\\\/www.softub.ch\\\/produkt\\\/game-unterwasser-pool-licht-fernbedienung\\\/\"]}]},{\"@type\":\"ImageObject\",\"inLanguage\":\"fr-FR\",\"@id\":\"https:\\\/\\\/www.softub.ch\\\/produkt\\\/game-unterwasser-pool-licht-fernbedienung\\\/#primaryimage\",\"url\":\"https:\\\/\\\/www.softub.ch\\\/wp-content\\\/uploads\\\/Poollicht-mit-Fernbedienung-Softub-Schweiz.jpg\",\"contentUrl\":\"https:\\\/\\\/www.softub.ch\\\/wp-content\\\/uploads\\\/Poollicht-mit-Fernbedienung-Softub-Schweiz.jpg\",\"width\":650,\"height\":650,\"caption\":\"Poollicht mit Fernbedienung\"},{\"@type\":\"BreadcrumbList\",\"@id\":\"https:\\\/\\\/www.softub.ch\\\/produkt\\\/game-unterwasser-pool-licht-fernbedienung\\\/#breadcrumb\",\"itemListElement\":[{\"@type\":\"ListItem\",\"position\":1,\"name\":\"Startseite\",\"item\":\"https:\\\/\\\/www.softub.ch\\\/fr\\\/\"},{\"@type\":\"ListItem\",\"position\":2,\"name\":\"Shop\",\"item\":\"https:\\\/\\\/www.softub.ch\\\/fr\\\/softub-suisse-shop\\\/\"},{\"@type\":\"ListItem\",\"position\":3,\"name\":\"Game Unterwasser Pool Licht\"}]},{\"@type\":\"WebSite\",\"@id\":\"https:\\\/\\\/www.softub.ch\\\/fr\\\/#website\",\"url\":\"https:\\\/\\\/www.softub.ch\\\/fr\\\/\",\"name\":\"Softub Schweiz\",\"description\":\"Softub - Wir machen Ferien Zuhause\",\"publisher\":{\"@id\":\"https:\\\/\\\/www.softub.ch\\\/fr\\\/#organization\"},\"potentialAction\":[{\"@type\":\"SearchAction\",\"target\":{\"@type\":\"EntryPoint\",\"urlTemplate\":\"https:\\\/\\\/www.softub.ch\\\/fr\\\/?s={search_term_string}\"},\"query-input\":{\"@type\":\"PropertyValueSpecification\",\"valueRequired\":true,\"valueName\":\"search_term_string\"}}],\"inLanguage\":\"fr-FR\"},{\"@type\":\"Organization\",\"@id\":\"https:\\\/\\\/www.softub.ch\\\/fr\\\/#organization\",\"name\":\"Softub Schweiz AG\",\"url\":\"https:\\\/\\\/www.softub.ch\\\/fr\\\/\",\"logo\":{\"@type\":\"ImageObject\",\"inLanguage\":\"fr-FR\",\"@id\":\"https:\\\/\\\/www.softub.ch\\\/fr\\\/#\\\/schema\\\/logo\\\/image\\\/\",\"url\":\"https:\\\/\\\/www.softub.ch\\\/wp-content\\\/uploads\\\/Softub-Logo-Softub-Schweiz-.png\",\"contentUrl\":\"https:\\\/\\\/www.softub.ch\\\/wp-content\\\/uploads\\\/Softub-Logo-Softub-Schweiz-.png\",\"width\":200,\"height\":73,\"caption\":\"Softub Schweiz AG\"},\"image\":{\"@id\":\"https:\\\/\\\/www.softub.ch\\\/fr\\\/#\\\/schema\\\/logo\\\/image\\\/\"},\"sameAs\":[\"https:\\\/\\\/www.facebook.com\\\/softubschweiz\",\"https:\\\/\\\/www.instagram.com\\\/softub_schweiz\\\/\",\"https:\\\/\\\/ch.pinterest.com\\\/softub_schweiz\\\/\",\"https:\\\/\\\/www.linkedin.com\\\/company\\\/softub-schweiz-ag\\\/\"]}]}<\/script>\n<!-- \/ Yoast SEO Premium plugin. -->","yoast_head_json":{"title":"Game Unterwasser Pool Licht\u00a0","description":"Das Game Unterwasser Pool Licht ist ein langlebiges Ger\u00e4t, das Spass und festliches Dekor f\u00fcr Ihren Softub Whirlpool oder Pool bietet. Mit Fernbedienung.","robots":{"index":"index","follow":"follow","max-snippet":"max-snippet:-1","max-image-preview":"max-image-preview:large","max-video-preview":"max-video-preview:-1"},"canonical":"https:\/\/www.softub.ch\/produkt\/game-unterwasser-pool-licht-fernbedienung\/","og_locale":"fr_FR","og_type":"article","og_title":"Game Unterwasser Pool Licht","og_description":"Das Game Unterwasser Pool Licht ist ein langlebiges Ger\u00e4t, das Spass und festliches Dekor f\u00fcr Ihren Softub Whirlpool oder Pool bietet. Mit Fernbedienung.","og_url":"https:\/\/www.softub.ch\/produkt\/game-unterwasser-pool-licht-fernbedienung\/","og_site_name":"Softub Schweiz","article_publisher":"https:\/\/www.facebook.com\/softubschweiz","article_modified_time":"2025-12-02T12:31:42+00:00","og_image":[{"width":650,"height":650,"url":"https:\/\/www.softub.ch\/wp-content\/uploads\/Poollicht-mit-Fernbedienung-Softub-Schweiz.jpg","type":"image\/jpeg"}],"twitter_card":"summary_large_image","twitter_misc":{"Dur\u00e9e de lecture estim\u00e9e":"4 minutes"},"schema":{"@context":"https:\/\/schema.org","@graph":[{"@type":"WebPage","@id":"https:\/\/www.softub.ch\/produkt\/game-unterwasser-pool-licht-fernbedienung\/","url":"https:\/\/www.softub.ch\/produkt\/game-unterwasser-pool-licht-fernbedienung\/","name":"Game Unterwasser Pool Licht\u00a0","isPartOf":{"@id":"https:\/\/www.softub.ch\/fr\/#website"},"primaryImageOfPage":{"@id":"https:\/\/www.softub.ch\/produkt\/game-unterwasser-pool-licht-fernbedienung\/#primaryimage"},"image":{"@id":"https:\/\/www.softub.ch\/produkt\/game-unterwasser-pool-licht-fernbedienung\/#primaryimage"},"thumbnailUrl":"https:\/\/www.softub.ch\/wp-content\/uploads\/Poollicht-mit-Fernbedienung-Softub-Schweiz.jpg","datePublished":"2025-12-02T11:38:07+00:00","dateModified":"2025-12-02T12:31:42+00:00","description":"Das Game Unterwasser Pool Licht ist ein langlebiges Ger\u00e4t, das Spass und festliches Dekor f\u00fcr Ihren Softub Whirlpool oder Pool bietet. Mit Fernbedienung.","breadcrumb":{"@id":"https:\/\/www.softub.ch\/produkt\/game-unterwasser-pool-licht-fernbedienung\/#breadcrumb"},"inLanguage":"fr-FR","potentialAction":[{"@type":"ReadAction","target":["https:\/\/www.softub.ch\/produkt\/game-unterwasser-pool-licht-fernbedienung\/"]}]},{"@type":"ImageObject","inLanguage":"fr-FR","@id":"https:\/\/www.softub.ch\/produkt\/game-unterwasser-pool-licht-fernbedienung\/#primaryimage","url":"https:\/\/www.softub.ch\/wp-content\/uploads\/Poollicht-mit-Fernbedienung-Softub-Schweiz.jpg","contentUrl":"https:\/\/www.softub.ch\/wp-content\/uploads\/Poollicht-mit-Fernbedienung-Softub-Schweiz.jpg","width":650,"height":650,"caption":"Poollicht mit Fernbedienung"},{"@type":"BreadcrumbList","@id":"https:\/\/www.softub.ch\/produkt\/game-unterwasser-pool-licht-fernbedienung\/#breadcrumb","itemListElement":[{"@type":"ListItem","position":1,"name":"Startseite","item":"https:\/\/www.softub.ch\/fr\/"},{"@type":"ListItem","position":2,"name":"Shop","item":"https:\/\/www.softub.ch\/fr\/softub-suisse-shop\/"},{"@type":"ListItem","position":3,"name":"Game Unterwasser Pool Licht"}]},{"@type":"WebSite","@id":"https:\/\/www.softub.ch\/fr\/#website","url":"https:\/\/www.softub.ch\/fr\/","name":"Softub Schweiz","description":"Softub - Wir machen Ferien Zuhause","publisher":{"@id":"https:\/\/www.softub.ch\/fr\/#organization"},"potentialAction":[{"@type":"SearchAction","target":{"@type":"EntryPoint","urlTemplate":"https:\/\/www.softub.ch\/fr\/?s={search_term_string}"},"query-input":{"@type":"PropertyValueSpecification","valueRequired":true,"valueName":"search_term_string"}}],"inLanguage":"fr-FR"},{"@type":"Organization","@id":"https:\/\/www.softub.ch\/fr\/#organization","name":"Softub Schweiz AG","url":"https:\/\/www.softub.ch\/fr\/","logo":{"@type":"ImageObject","inLanguage":"fr-FR","@id":"https:\/\/www.softub.ch\/fr\/#\/schema\/logo\/image\/","url":"https:\/\/www.softub.ch\/wp-content\/uploads\/Softub-Logo-Softub-Schweiz-.png","contentUrl":"https:\/\/www.softub.ch\/wp-content\/uploads\/Softub-Logo-Softub-Schweiz-.png","width":200,"height":73,"caption":"Softub Schweiz AG"},"image":{"@id":"https:\/\/www.softub.ch\/fr\/#\/schema\/logo\/image\/"},"sameAs":["https:\/\/www.facebook.com\/softubschweiz","https:\/\/www.instagram.com\/softub_schweiz\/","https:\/\/ch.pinterest.com\/softub_schweiz\/","https:\/\/www.linkedin.com\/company\/softub-schweiz-ag\/"]}]}},"_links":{"self":[{"href":"https:\/\/www.softub.ch\/fr\/wp-json\/wp\/v2\/product\/73648","targetHints":{"allow":["GET"]}}],"collection":[{"href":"https:\/\/www.softub.ch\/fr\/wp-json\/wp\/v2\/product"}],"about":[{"href":"https:\/\/www.softub.ch\/fr\/wp-json\/wp\/v2\/types\/product"}],"wp:featuredmedia":[{"embeddable":true,"href":"https:\/\/www.softub.ch\/fr\/wp-json\/wp\/v2\/media\/73652"}],"wp:attachment":[{"href":"https:\/\/www.softub.ch\/fr\/wp-json\/wp\/v2\/media?parent=73648"}],"wp:term":[{"taxonomy":"product_brand","embeddable":true,"href":"https:\/\/www.softub.ch\/fr\/wp-json\/wp\/v2\/product_brand?post=73648"},{"taxonomy":"product_cat","embeddable":true,"href":"https:\/\/www.softub.ch\/fr\/wp-json\/wp\/v2\/product_cat?post=73648"},{"taxonomy":"product_tag","embeddable":true,"href":"https:\/\/www.softub.ch\/fr\/wp-json\/wp\/v2\/product_tag?post=73648"},{"taxonomy":"woo-feed-brand","embeddable":true,"href":"https:\/\/www.softub.ch\/fr\/wp-json\/wp\/v2\/woo-feed-brand?post=73648"}],"curies":[{"name":"wp","href":"https:\/\/api.w.org\/{rel}","templated":true}]}}