{"id":73799,"date":"2025-12-10T14:52:19","date_gmt":"2025-12-10T13:52:19","guid":{"rendered":"https:\/\/www.softub.ch\/?post_type=product&#038;p=73799"},"modified":"2025-12-10T16:15:40","modified_gmt":"2025-12-10T15:15:40","slug":"mini-canard-copy","status":"publish","type":"product","link":"https:\/\/www.softub.ch\/fr\/produit\/mini-canard-copy\/","title":{"rendered":"Canard de bain No\u00ebl"},"content":{"rendered":"<div class=\"fusion-fullwidth fullwidth-box fusion-builder-row-1 fusion-flex-container nonhundred-percent-fullwidth non-hundred-percent-height-scrolling\" style=\"--awb-border-radius-top-left:0px;--awb-border-radius-top-right:0px;--awb-border-radius-bottom-right:0px;--awb-border-radius-bottom-left:0px;--awb-flex-wrap:wrap;\" ><div class=\"fusion-builder-row fusion-row fusion-flex-align-items-flex-start fusion-flex-content-wrap\" style=\"max-width:1248px;margin-left: calc(-4% \/ 2 );margin-right: calc(-4% \/ 2 );\"><div class=\"fusion-layout-column fusion_builder_column fusion-builder-column-0 fusion_builder_column_1_1 1_1 fusion-flex-column\" style=\"--awb-bg-size:cover;--awb-width-large:100%;--awb-margin-top-large:0px;--awb-spacing-right-large:1.92%;--awb-margin-bottom-large:0px;--awb-spacing-left-large:1.92%;--awb-width-medium:100%;--awb-spacing-right-medium:1.92%;--awb-spacing-left-medium:1.92%;--awb-width-small:100%;--awb-spacing-right-small:1.92%;--awb-spacing-left-small:1.92%;\"><div class=\"fusion-column-wrapper fusion-flex-justify-content-flex-start fusion-content-layout-column\"><div class=\"fusion-text fusion-text-1\"><h2>Canards de bain No\u00ebl-hiver \u2013 un plaisir festif pour petits et grands<\/h2>\n<p>Nos canards de bain de No\u00ebl et d&rsquo;hiver apportent une ambiance festive et un charme hivernal directement dans la salle de bain. Chaque figurine est de taille normale et con\u00e7ue avec soin, de sorte qu&rsquo;elle ne s\u00e9duit pas seulement comme jouet, mais aussi comme d\u00e9tail d\u00e9coratif.<\/p>\n<p><strong>Le canard d&rsquo;hiver<\/strong> porte un bonnet blanc tricot\u00e9 et une \u00e9charpe \u2013 simple, nordique et parfait pour tous ceux qui aiment le style. <strong>Le canard renne<\/strong> combine un bonnet de No\u00ebl rouge avec des cornes de renne et une petite clochette : ludique, joyeux et vraiment accrocheur. <strong>Le canard P\u00e8re No\u00ebl<\/strong> est un classique : manteau rouge, barbe blanche, bonnet rouge \u2013 un mini P\u00e8re No\u00ebl qui cr\u00e9e imm\u00e9diatement une ambiance festive.<\/p>\n<p>Les trois canards de bain sont disponibles s\u00e9par\u00e9ment et constituent une id\u00e9e cadeau id\u00e9ale, un d\u00e9tail humoristique pour votre Softub ou une d\u00e9coration saisonni\u00e8re pleine de charme. Ils sont robustes, imperm\u00e9ables et apportent couleur et joie dans toutes les salles de bain.<\/p>\n<p><strong>Voici comment passer commande :<\/strong><br \/>\nSi vous pr\u00e9f\u00e9rez une figurine en particulier, il vous suffit de l&rsquo;indiquer dans les commentaires lors de votre commande, par exemple \u00ab Rentierente \u00bb (renne) ou \u00ab Santaente \u00bb (P\u00e8re No\u00ebl). Nous ferons notre possible pour satisfaire votre demande. Veuillez toutefois noter qu&rsquo;il n&rsquo;y a aucune garantie que ce mod\u00e8le soit disponible. Si la figurine de votre choix est \u00e9puis\u00e9e, vous recevrez une autre figurine de la gamme No\u00ebl-Hiver.<\/p>\n<p>C&rsquo;est justement ce petit suspense qui fait tout le charme de ces figurines, car chaque canard a son propre caract\u00e8re et vous fera sourire. Que ce soit comme objet de collection, comme d\u00e9tail humoristique dans votre espace bien-\u00eatre ou comme cadeau pour les enfants et les adultes, nos canards de bain de No\u00ebl et d&rsquo;hiver apportent une touche chaleureuse pendant la saison froide.<\/p>\n<\/div><\/div><\/div><\/div><\/div>\n","protected":false},"excerpt":{"rendered":"<h1><!--StartFragment --><\/h1>\n<h1>Canards de bain No\u00ebl-hiver<\/h1>\n<p>Le P\u00e8re No\u00ebl, Rudolph le renne ou le canard de bain classique d&rsquo;hiver ?<\/p>\n<p>D\u00e9couvrez d\u00e8s maintenant les canards de bain de No\u00ebl et d&rsquo;hiver et laissez-vous surprendre par la joie des f\u00eates.<\/p>\n","protected":false},"featured_media":73801,"template":"","meta":{"_acf_changed":false},"product_brand":[],"product_cat":[212],"product_tag":[10397,10421,10423,10417,10416,9827,10420,10396,10393,10388,10392,10422,10418,10419,10390,4949,9398,270],"woo-feed-brand":[],"class_list":{"0":"post-73799","1":"product","2":"type-product","3":"status-publish","4":"has-post-thumbnail","6":"product_cat-accessoires","7":"product_tag-adultes","8":"product_tag-ambiance-festive","9":"product_tag-cadeau-softub","10":"product_tag-canard-dhiver","11":"product_tag-canard-de-noel","12":"product_tag-canards-de-bain","13":"product_tag-decorations-de-noel","14":"product_tag-enfants","15":"product_tag-figurine-de-collection","16":"product_tag-fun","17":"product_tag-idee-cadeau","18":"product_tag-periode-de-noel","19":"product_tag-renne","20":"product_tag-santa-canard","21":"product_tag-softub-accessoires","22":"product_tag-softub-suisse","23":"product_tag-style-de-vie","24":"product_tag-wellness-fr","25":"product_shipping_class-post-3-5","27":"first","28":"instock","29":"taxable","30":"shipping-taxable","31":"purchasable","32":"product-type-simple"},"acf":[],"yoast_head":"<!-- This site is optimized with the Yoast SEO Premium plugin v27.3 (Yoast SEO v27.3) - https:\/\/yoast.com\/product\/yoast-seo-premium-wordpress\/ -->\n<title>Canards de bain No\u00ebl-hiver<\/title>\n<meta name=\"description\" content=\"Canards de bain No\u00ebl-hiver : canard d&#039;hiver, canard renne ou canard P\u00e8re No\u00ebl. Indiquez votre choix lors de la commande \u2013 plaisir festif garanti.\" \/>\n<meta name=\"robots\" content=\"index, follow, max-snippet:-1, max-image-preview:large, max-video-preview:-1\" \/>\n<link rel=\"canonical\" href=\"https:\/\/www.softub.ch\/fr\/produit\/mini-canard-copy\/\" \/>\n<meta property=\"og:locale\" content=\"fr_FR\" \/>\n<meta property=\"og:type\" content=\"article\" \/>\n<meta property=\"og:title\" content=\"Canard de bain No\u00ebl\" \/>\n<meta property=\"og:description\" content=\"Canards de bain No\u00ebl-hiver : canard d&#039;hiver, canard renne ou canard P\u00e8re No\u00ebl. Indiquez votre choix lors de la commande \u2013 plaisir festif garanti.\" \/>\n<meta property=\"og:url\" content=\"https:\/\/www.softub.ch\/fr\/produit\/mini-canard-copy\/\" \/>\n<meta property=\"og:site_name\" content=\"Softub Schweiz\" \/>\n<meta property=\"article:publisher\" content=\"https:\/\/www.facebook.com\/softubschweiz\" \/>\n<meta property=\"article:modified_time\" content=\"2025-12-10T15:15:40+00:00\" \/>\n<meta property=\"og:image\" content=\"https:\/\/www.softub.ch\/wp-content\/uploads\/Weihnachtsente-Badeente-Weihnachten-Winter-Softub-Schweiz.jpg\" \/>\n\t<meta property=\"og:image:width\" content=\"1500\" \/>\n\t<meta property=\"og:image:height\" content=\"1125\" \/>\n\t<meta property=\"og:image:type\" content=\"image\/jpeg\" \/>\n<meta name=\"twitter:card\" content=\"summary_large_image\" \/>\n<meta name=\"twitter:label1\" content=\"Dur\u00e9e de lecture estim\u00e9e\" \/>\n\t<meta name=\"twitter:data1\" content=\"3 minutes\" \/>\n<script type=\"application\/ld+json\" class=\"yoast-schema-graph\">{\"@context\":\"https:\\\/\\\/schema.org\",\"@graph\":[{\"@type\":\"WebPage\",\"@id\":\"https:\\\/\\\/www.softub.ch\\\/fr\\\/produit\\\/mini-canard-copy\\\/\",\"url\":\"https:\\\/\\\/www.softub.ch\\\/fr\\\/produit\\\/mini-canard-copy\\\/\",\"name\":\"Canards de bain No\u00ebl-hiver\",\"isPartOf\":{\"@id\":\"https:\\\/\\\/www.softub.ch\\\/fr\\\/#website\"},\"primaryImageOfPage\":{\"@id\":\"https:\\\/\\\/www.softub.ch\\\/fr\\\/produit\\\/mini-canard-copy\\\/#primaryimage\"},\"image\":{\"@id\":\"https:\\\/\\\/www.softub.ch\\\/fr\\\/produit\\\/mini-canard-copy\\\/#primaryimage\"},\"thumbnailUrl\":\"https:\\\/\\\/www.softub.ch\\\/wp-content\\\/uploads\\\/Weihnachtsente-Badeente-Weihnachten-Winter-Softub-Schweiz.jpg\",\"datePublished\":\"2025-12-10T13:52:19+00:00\",\"dateModified\":\"2025-12-10T15:15:40+00:00\",\"description\":\"Canards de bain No\u00ebl-hiver : canard d'hiver, canard renne ou canard P\u00e8re No\u00ebl. Indiquez votre choix lors de la commande \u2013 plaisir festif garanti.\",\"breadcrumb\":{\"@id\":\"https:\\\/\\\/www.softub.ch\\\/fr\\\/produit\\\/mini-canard-copy\\\/#breadcrumb\"},\"inLanguage\":\"fr-FR\",\"potentialAction\":[{\"@type\":\"ReadAction\",\"target\":[\"https:\\\/\\\/www.softub.ch\\\/fr\\\/produit\\\/mini-canard-copy\\\/\"]}]},{\"@type\":\"ImageObject\",\"inLanguage\":\"fr-FR\",\"@id\":\"https:\\\/\\\/www.softub.ch\\\/fr\\\/produit\\\/mini-canard-copy\\\/#primaryimage\",\"url\":\"https:\\\/\\\/www.softub.ch\\\/wp-content\\\/uploads\\\/Weihnachtsente-Badeente-Weihnachten-Winter-Softub-Schweiz.jpg\",\"contentUrl\":\"https:\\\/\\\/www.softub.ch\\\/wp-content\\\/uploads\\\/Weihnachtsente-Badeente-Weihnachten-Winter-Softub-Schweiz.jpg\",\"width\":1500,\"height\":1125,\"caption\":\"Canards de bain jaunes d\u00e9guis\u00e9s en P\u00e8re No\u00ebl, renne Rudolf et canard avec bonnet et \u00e9charpe\"},{\"@type\":\"BreadcrumbList\",\"@id\":\"https:\\\/\\\/www.softub.ch\\\/fr\\\/produit\\\/mini-canard-copy\\\/#breadcrumb\",\"itemListElement\":[{\"@type\":\"ListItem\",\"position\":1,\"name\":\"Startseite\",\"item\":\"https:\\\/\\\/www.softub.ch\\\/fr\\\/\"},{\"@type\":\"ListItem\",\"position\":2,\"name\":\"Shop\",\"item\":\"https:\\\/\\\/www.softub.ch\\\/fr\\\/softub-suisse-shop\\\/\"},{\"@type\":\"ListItem\",\"position\":3,\"name\":\"Canard de bain No\u00ebl\"}]},{\"@type\":\"WebSite\",\"@id\":\"https:\\\/\\\/www.softub.ch\\\/fr\\\/#website\",\"url\":\"https:\\\/\\\/www.softub.ch\\\/fr\\\/\",\"name\":\"Softub Schweiz\",\"description\":\"Softub - Wir machen Ferien Zuhause\",\"publisher\":{\"@id\":\"https:\\\/\\\/www.softub.ch\\\/fr\\\/#organization\"},\"potentialAction\":[{\"@type\":\"SearchAction\",\"target\":{\"@type\":\"EntryPoint\",\"urlTemplate\":\"https:\\\/\\\/www.softub.ch\\\/fr\\\/?s={search_term_string}\"},\"query-input\":{\"@type\":\"PropertyValueSpecification\",\"valueRequired\":true,\"valueName\":\"search_term_string\"}}],\"inLanguage\":\"fr-FR\"},{\"@type\":\"Organization\",\"@id\":\"https:\\\/\\\/www.softub.ch\\\/fr\\\/#organization\",\"name\":\"Softub Schweiz AG\",\"url\":\"https:\\\/\\\/www.softub.ch\\\/fr\\\/\",\"logo\":{\"@type\":\"ImageObject\",\"inLanguage\":\"fr-FR\",\"@id\":\"https:\\\/\\\/www.softub.ch\\\/fr\\\/#\\\/schema\\\/logo\\\/image\\\/\",\"url\":\"https:\\\/\\\/www.softub.ch\\\/wp-content\\\/uploads\\\/Softub-Logo-Softub-Schweiz-.png\",\"contentUrl\":\"https:\\\/\\\/www.softub.ch\\\/wp-content\\\/uploads\\\/Softub-Logo-Softub-Schweiz-.png\",\"width\":200,\"height\":73,\"caption\":\"Softub Schweiz AG\"},\"image\":{\"@id\":\"https:\\\/\\\/www.softub.ch\\\/fr\\\/#\\\/schema\\\/logo\\\/image\\\/\"},\"sameAs\":[\"https:\\\/\\\/www.facebook.com\\\/softubschweiz\",\"https:\\\/\\\/www.instagram.com\\\/softub_schweiz\\\/\",\"https:\\\/\\\/ch.pinterest.com\\\/softub_schweiz\\\/\",\"https:\\\/\\\/www.linkedin.com\\\/company\\\/softub-schweiz-ag\\\/\"]}]}<\/script>\n<!-- \/ Yoast SEO Premium plugin. -->","yoast_head_json":{"title":"Canards de bain No\u00ebl-hiver","description":"Canards de bain No\u00ebl-hiver : canard d'hiver, canard renne ou canard P\u00e8re No\u00ebl. Indiquez votre choix lors de la commande \u2013 plaisir festif garanti.","robots":{"index":"index","follow":"follow","max-snippet":"max-snippet:-1","max-image-preview":"max-image-preview:large","max-video-preview":"max-video-preview:-1"},"canonical":"https:\/\/www.softub.ch\/fr\/produit\/mini-canard-copy\/","og_locale":"fr_FR","og_type":"article","og_title":"Canard de bain No\u00ebl","og_description":"Canards de bain No\u00ebl-hiver : canard d'hiver, canard renne ou canard P\u00e8re No\u00ebl. Indiquez votre choix lors de la commande \u2013 plaisir festif garanti.","og_url":"https:\/\/www.softub.ch\/fr\/produit\/mini-canard-copy\/","og_site_name":"Softub Schweiz","article_publisher":"https:\/\/www.facebook.com\/softubschweiz","article_modified_time":"2025-12-10T15:15:40+00:00","og_image":[{"width":1500,"height":1125,"url":"https:\/\/www.softub.ch\/wp-content\/uploads\/Weihnachtsente-Badeente-Weihnachten-Winter-Softub-Schweiz.jpg","type":"image\/jpeg"}],"twitter_card":"summary_large_image","twitter_misc":{"Dur\u00e9e de lecture estim\u00e9e":"3 minutes"},"schema":{"@context":"https:\/\/schema.org","@graph":[{"@type":"WebPage","@id":"https:\/\/www.softub.ch\/fr\/produit\/mini-canard-copy\/","url":"https:\/\/www.softub.ch\/fr\/produit\/mini-canard-copy\/","name":"Canards de bain No\u00ebl-hiver","isPartOf":{"@id":"https:\/\/www.softub.ch\/fr\/#website"},"primaryImageOfPage":{"@id":"https:\/\/www.softub.ch\/fr\/produit\/mini-canard-copy\/#primaryimage"},"image":{"@id":"https:\/\/www.softub.ch\/fr\/produit\/mini-canard-copy\/#primaryimage"},"thumbnailUrl":"https:\/\/www.softub.ch\/wp-content\/uploads\/Weihnachtsente-Badeente-Weihnachten-Winter-Softub-Schweiz.jpg","datePublished":"2025-12-10T13:52:19+00:00","dateModified":"2025-12-10T15:15:40+00:00","description":"Canards de bain No\u00ebl-hiver : canard d'hiver, canard renne ou canard P\u00e8re No\u00ebl. Indiquez votre choix lors de la commande \u2013 plaisir festif garanti.","breadcrumb":{"@id":"https:\/\/www.softub.ch\/fr\/produit\/mini-canard-copy\/#breadcrumb"},"inLanguage":"fr-FR","potentialAction":[{"@type":"ReadAction","target":["https:\/\/www.softub.ch\/fr\/produit\/mini-canard-copy\/"]}]},{"@type":"ImageObject","inLanguage":"fr-FR","@id":"https:\/\/www.softub.ch\/fr\/produit\/mini-canard-copy\/#primaryimage","url":"https:\/\/www.softub.ch\/wp-content\/uploads\/Weihnachtsente-Badeente-Weihnachten-Winter-Softub-Schweiz.jpg","contentUrl":"https:\/\/www.softub.ch\/wp-content\/uploads\/Weihnachtsente-Badeente-Weihnachten-Winter-Softub-Schweiz.jpg","width":1500,"height":1125,"caption":"Canards de bain jaunes d\u00e9guis\u00e9s en P\u00e8re No\u00ebl, renne Rudolf et canard avec bonnet et \u00e9charpe"},{"@type":"BreadcrumbList","@id":"https:\/\/www.softub.ch\/fr\/produit\/mini-canard-copy\/#breadcrumb","itemListElement":[{"@type":"ListItem","position":1,"name":"Startseite","item":"https:\/\/www.softub.ch\/fr\/"},{"@type":"ListItem","position":2,"name":"Shop","item":"https:\/\/www.softub.ch\/fr\/softub-suisse-shop\/"},{"@type":"ListItem","position":3,"name":"Canard de bain No\u00ebl"}]},{"@type":"WebSite","@id":"https:\/\/www.softub.ch\/fr\/#website","url":"https:\/\/www.softub.ch\/fr\/","name":"Softub Schweiz","description":"Softub - Wir machen Ferien Zuhause","publisher":{"@id":"https:\/\/www.softub.ch\/fr\/#organization"},"potentialAction":[{"@type":"SearchAction","target":{"@type":"EntryPoint","urlTemplate":"https:\/\/www.softub.ch\/fr\/?s={search_term_string}"},"query-input":{"@type":"PropertyValueSpecification","valueRequired":true,"valueName":"search_term_string"}}],"inLanguage":"fr-FR"},{"@type":"Organization","@id":"https:\/\/www.softub.ch\/fr\/#organization","name":"Softub Schweiz AG","url":"https:\/\/www.softub.ch\/fr\/","logo":{"@type":"ImageObject","inLanguage":"fr-FR","@id":"https:\/\/www.softub.ch\/fr\/#\/schema\/logo\/image\/","url":"https:\/\/www.softub.ch\/wp-content\/uploads\/Softub-Logo-Softub-Schweiz-.png","contentUrl":"https:\/\/www.softub.ch\/wp-content\/uploads\/Softub-Logo-Softub-Schweiz-.png","width":200,"height":73,"caption":"Softub Schweiz AG"},"image":{"@id":"https:\/\/www.softub.ch\/fr\/#\/schema\/logo\/image\/"},"sameAs":["https:\/\/www.facebook.com\/softubschweiz","https:\/\/www.instagram.com\/softub_schweiz\/","https:\/\/ch.pinterest.com\/softub_schweiz\/","https:\/\/www.linkedin.com\/company\/softub-schweiz-ag\/"]}]}},"_links":{"self":[{"href":"https:\/\/www.softub.ch\/fr\/wp-json\/wp\/v2\/product\/73799","targetHints":{"allow":["GET"]}}],"collection":[{"href":"https:\/\/www.softub.ch\/fr\/wp-json\/wp\/v2\/product"}],"about":[{"href":"https:\/\/www.softub.ch\/fr\/wp-json\/wp\/v2\/types\/product"}],"wp:featuredmedia":[{"embeddable":true,"href":"https:\/\/www.softub.ch\/fr\/wp-json\/wp\/v2\/media\/73801"}],"wp:attachment":[{"href":"https:\/\/www.softub.ch\/fr\/wp-json\/wp\/v2\/media?parent=73799"}],"wp:term":[{"taxonomy":"product_brand","embeddable":true,"href":"https:\/\/www.softub.ch\/fr\/wp-json\/wp\/v2\/product_brand?post=73799"},{"taxonomy":"product_cat","embeddable":true,"href":"https:\/\/www.softub.ch\/fr\/wp-json\/wp\/v2\/product_cat?post=73799"},{"taxonomy":"product_tag","embeddable":true,"href":"https:\/\/www.softub.ch\/fr\/wp-json\/wp\/v2\/product_tag?post=73799"},{"taxonomy":"woo-feed-brand","embeddable":true,"href":"https:\/\/www.softub.ch\/fr\/wp-json\/wp\/v2\/woo-feed-brand?post=73799"}],"curies":[{"name":"wp","href":"https:\/\/api.w.org\/{rel}","templated":true}]}}