{"id":74990,"date":"2026-02-11T16:39:09","date_gmt":"2026-02-11T15:39:09","guid":{"rendered":"https:\/\/www.softub.ch\/?post_type=product&#038;p=74990"},"modified":"2026-02-11T16:57:47","modified_gmt":"2026-02-11T15:57:47","slug":"regale-set-fuer-balkonschrank-julia","status":"publish","type":"product","link":"https:\/\/www.softub.ch\/fr\/produit\/regale-set-fuer-balkonschrank-julia\/","title":{"rendered":"biohort Regale-Set f\u00fcr Balkonschrank JULIA"},"content":{"rendered":"<div class=\"fusion-fullwidth fullwidth-box fusion-builder-row-1 fusion-flex-container has-pattern-background has-mask-background nonhundred-percent-fullwidth non-hundred-percent-height-scrolling\" style=\"--awb-border-radius-top-left:0px;--awb-border-radius-top-right:0px;--awb-border-radius-bottom-right:0px;--awb-border-radius-bottom-left:0px;--awb-flex-wrap:wrap;\" ><div class=\"fusion-builder-row fusion-row fusion-flex-align-items-flex-start fusion-flex-content-wrap\" style=\"max-width:1248px;margin-left: calc(-4% \/ 2 );margin-right: calc(-4% \/ 2 );\"><div class=\"fusion-layout-column fusion_builder_column fusion-builder-column-0 fusion_builder_column_1_1 1_1 fusion-flex-column\" style=\"--awb-bg-size:cover;--awb-width-large:100%;--awb-margin-top-large:0px;--awb-spacing-right-large:1.92%;--awb-margin-bottom-large:20px;--awb-spacing-left-large:1.92%;--awb-width-medium:100%;--awb-order-medium:0;--awb-spacing-right-medium:1.92%;--awb-spacing-left-medium:1.92%;--awb-width-small:100%;--awb-order-small:0;--awb-spacing-right-small:1.92%;--awb-spacing-left-small:1.92%;\"><div class=\"fusion-column-wrapper fusion-column-has-shadow fusion-flex-justify-content-flex-start fusion-content-layout-column\"><div class=\"fusion-text fusion-text-1\"><h1>Regal Set f\u00fcr Balkonschrank Julia<\/h1>\n<p>Die Regale f\u00fcr den Balkonschrank Julia sind feuerverzinkte Stahlb\u00f6den. Zus\u00e4tzlich zu den bereits in der Grundausstattung enthaltenen Regalb\u00f6den optional erh\u00e4ltlich.<\/p>\n<ul>\n<li>Gr\u00f6sse: 66 x 28 x 7,5 cm &#8211; \u00a0M, L, M high, L high<\/li>\n<li>2 St\u00fcck<\/li>\n<\/ul>\n<div id=\"overview\" class=\"tab-holder\">\n<div class=\"tab-wrapper\">\n<div class=\"tab-content overview\">\n<div class=\"api-content\">\n<div id=\"c14335\" class=\"ecx-cframe ecx-layout0 ecx-imagepos-2 \">\n<div class=\"ecx-ctype ecx-ctype-textmedia\">\n<div class=\"ce-textpic ce-left ce-above\">\n<h3 class=\"ce-bodytext fusion-responsive-typography-calculated\" data-fontsize=\"18\" data-lineheight=\"27px\">Zubeh\u00f6r f\u00fcr Ihr Zuhause:<\/h3>\n<\/div>\n<\/div>\n<\/div>\n<\/div>\n<\/div>\n<\/div>\n<\/div>\n<div id=\"colors-and-sizes\" class=\"tab-holder\">\n<div class=\"tab-wrapper\">\n<div class=\"tab-content colors-and-sizes\">\n<div class=\"api-content\">\n<div id=\"c8205\" class=\"ecx-cframe ecx-layout0 ecx-imagepos-17 \">\n<div class=\"ecx-ctype ecx-ctype-textmedia\">\n<div class=\"ce-textpic ce-right ce-intext\">\n<div class=\"ce-bodytext\">\n<p>Wir haben ein reichhaltiges Zubeh\u00f6rsortiment f\u00fcr Sie zusammengestellt, so dass Sie sich die passenden Produkte in Ruhe in unserem Onlineshop ausw\u00e4hlen k\u00f6nnen. Wenn Sie sich dar\u00fcber hinaus Ihre ganz pers\u00f6nliche Wellness-Oase schaffen wollen, so schauen Sie sich doch einfach unsere Softub <a href=\"https:\/\/softub.ch\/simply-relaxing\/softub-whirlpools\/\">Whirlpools<\/a>\u00a0oder weka Saunen an \u2013 eventuell auch in Kombination mit einem\u00a0<a href=\"https:\/\/meinschattenspender.ch\/\">Unosider-<\/a><a href=\"https:\/\/meinschattenspender.ch\/\">Pavillon<\/a>.<\/p>\n<p>Wir beraten Sie gerne, telefonisch, in einem unserer Showrooms oder bei Ihnen Zuhause.<\/p>\n<\/div>\n<\/div>\n<\/div>\n<\/div>\n<\/div>\n<\/div>\n<\/div>\n<\/div>\n<\/div><\/div><\/div><\/div><\/div>\n","protected":false},"excerpt":{"rendered":"<h2>Regal Set f\u00fcr Balkonschrank Julia<\/h2>\n<ul>\n<li>Gr\u00f6sse: 66 x 28 x 7,5 cm<\/li>\n<li>2 St\u00fcck<\/li>\n<\/ul>\n","protected":false},"featured_media":74937,"template":"","meta":{"_acf_changed":false},"product_brand":[],"product_cat":[5209],"product_tag":[10883,10885,3607,8076,8079,10884,8077,887],"woo-feed-brand":[],"class_list":{"0":"post-74990","1":"product","2":"type-product","3":"status-publish","4":"has-post-thumbnail","6":"product_cat-biohort-zubehoer","7":"product_tag-balkonschrank","8":"product_tag-biohort-balkonschrank","9":"product_tag-biohort-regale","10":"product_tag-regal-fuer-terrasse","11":"product_tag-regal-fuer-terrassenschrank-von-biohort","12":"product_tag-regale-fuer-balkon","13":"product_tag-regale-fuer-terrasse","14":"product_tag-terrassenschrank","15":"product_shipping_class-biohort-kostenlose-lieferung","17":"first","18":"instock","19":"sale","20":"taxable","21":"shipping-taxable","22":"purchasable","23":"product-type-simple"},"acf":[],"yoast_head":"<!-- This site is optimized with the Yoast SEO Premium plugin v27.4 (Yoast SEO v27.4) - https:\/\/yoast.com\/product\/yoast-seo-premium-wordpress\/ -->\n<title>Regale f\u00fcr Balkonschrank Julia - Softub Schweiz<\/title>\n<meta name=\"description\" content=\"Regale f\u00fcr Balkonschrank Julia - zus\u00e4tzlich erh\u00e4ltlich zu den bereits in der Grundausstattung enthaltenen Regalb\u00f6den. Biohort bei Softub Schweiz.\" \/>\n<meta name=\"robots\" content=\"index, follow, max-snippet:-1, max-image-preview:large, max-video-preview:-1\" \/>\n<link rel=\"canonical\" href=\"https:\/\/www.softub.ch\/produkt\/regale-set-fuer-balkonschrank-julia\/\" \/>\n<meta property=\"og:locale\" content=\"fr_FR\" \/>\n<meta property=\"og:type\" content=\"article\" \/>\n<meta property=\"og:title\" content=\"biohort Regale-Set f\u00fcr Balkonschrank JULIA\" \/>\n<meta property=\"og:description\" content=\"Regale f\u00fcr Balkonschrank Julia - zus\u00e4tzlich erh\u00e4ltlich zu den bereits in der Grundausstattung enthaltenen Regalb\u00f6den. Biohort bei Softub Schweiz.\" \/>\n<meta property=\"og:url\" content=\"https:\/\/www.softub.ch\/produkt\/regale-set-fuer-balkonschrank-julia\/\" \/>\n<meta property=\"og:site_name\" content=\"Softub Schweiz\" \/>\n<meta property=\"article:publisher\" content=\"https:\/\/www.facebook.com\/softubschweiz\" \/>\n<meta property=\"article:modified_time\" content=\"2026-02-11T15:57:47+00:00\" \/>\n<meta property=\"og:image\" content=\"https:\/\/www.softub.ch\/wp-content\/uploads\/Biohort-Balkonschrank-75056_Regalboden-SET_Julia_Zubehoer-Softub-Schweiz.jpg\" \/>\n\t<meta property=\"og:image:width\" content=\"1499\" \/>\n\t<meta property=\"og:image:height\" content=\"1000\" \/>\n\t<meta property=\"og:image:type\" content=\"image\/jpeg\" \/>\n<meta name=\"twitter:card\" content=\"summary_large_image\" \/>\n<meta name=\"twitter:label1\" content=\"Dur\u00e9e de lecture estim\u00e9e\" \/>\n\t<meta name=\"twitter:data1\" content=\"1 minute\" \/>\n<script type=\"application\/ld+json\" class=\"yoast-schema-graph\">{\"@context\":\"https:\\\/\\\/schema.org\",\"@graph\":[{\"@type\":\"WebPage\",\"@id\":\"https:\\\/\\\/www.softub.ch\\\/produkt\\\/regale-set-fuer-balkonschrank-julia\\\/\",\"url\":\"https:\\\/\\\/www.softub.ch\\\/produkt\\\/regale-set-fuer-balkonschrank-julia\\\/\",\"name\":\"Regale f\u00fcr Balkonschrank Julia - Softub Schweiz\",\"isPartOf\":{\"@id\":\"https:\\\/\\\/www.softub.ch\\\/fr\\\/#website\"},\"primaryImageOfPage\":{\"@id\":\"https:\\\/\\\/www.softub.ch\\\/produkt\\\/regale-set-fuer-balkonschrank-julia\\\/#primaryimage\"},\"image\":{\"@id\":\"https:\\\/\\\/www.softub.ch\\\/produkt\\\/regale-set-fuer-balkonschrank-julia\\\/#primaryimage\"},\"thumbnailUrl\":\"https:\\\/\\\/www.softub.ch\\\/wp-content\\\/uploads\\\/Biohort-Balkonschrank-75056_Regalboden-SET_Julia_Zubehoer-Softub-Schweiz.jpg\",\"datePublished\":\"2026-02-11T15:39:09+00:00\",\"dateModified\":\"2026-02-11T15:57:47+00:00\",\"description\":\"Regale f\u00fcr Balkonschrank Julia - zus\u00e4tzlich erh\u00e4ltlich zu den bereits in der Grundausstattung enthaltenen Regalb\u00f6den. Biohort bei Softub Schweiz.\",\"breadcrumb\":{\"@id\":\"https:\\\/\\\/www.softub.ch\\\/produkt\\\/regale-set-fuer-balkonschrank-julia\\\/#breadcrumb\"},\"inLanguage\":\"fr-FR\",\"potentialAction\":[{\"@type\":\"ReadAction\",\"target\":[\"https:\\\/\\\/www.softub.ch\\\/produkt\\\/regale-set-fuer-balkonschrank-julia\\\/\"]}]},{\"@type\":\"ImageObject\",\"inLanguage\":\"fr-FR\",\"@id\":\"https:\\\/\\\/www.softub.ch\\\/produkt\\\/regale-set-fuer-balkonschrank-julia\\\/#primaryimage\",\"url\":\"https:\\\/\\\/www.softub.ch\\\/wp-content\\\/uploads\\\/Biohort-Balkonschrank-75056_Regalboden-SET_Julia_Zubehoer-Softub-Schweiz.jpg\",\"contentUrl\":\"https:\\\/\\\/www.softub.ch\\\/wp-content\\\/uploads\\\/Biohort-Balkonschrank-75056_Regalboden-SET_Julia_Zubehoer-Softub-Schweiz.jpg\",\"width\":1499,\"height\":1000,\"caption\":\"Regalboden Set f\u00fcr Julia Balkonschrank\"},{\"@type\":\"BreadcrumbList\",\"@id\":\"https:\\\/\\\/www.softub.ch\\\/produkt\\\/regale-set-fuer-balkonschrank-julia\\\/#breadcrumb\",\"itemListElement\":[{\"@type\":\"ListItem\",\"position\":1,\"name\":\"Startseite\",\"item\":\"https:\\\/\\\/www.softub.ch\\\/fr\\\/\"},{\"@type\":\"ListItem\",\"position\":2,\"name\":\"Shop\",\"item\":\"https:\\\/\\\/www.softub.ch\\\/fr\\\/softub-suisse-shop\\\/\"},{\"@type\":\"ListItem\",\"position\":3,\"name\":\"biohort Regale-Set f\u00fcr Balkonschrank JULIA\"}]},{\"@type\":\"WebSite\",\"@id\":\"https:\\\/\\\/www.softub.ch\\\/fr\\\/#website\",\"url\":\"https:\\\/\\\/www.softub.ch\\\/fr\\\/\",\"name\":\"Softub Schweiz\",\"description\":\"Softub - Wir machen Ferien Zuhause\",\"publisher\":{\"@id\":\"https:\\\/\\\/www.softub.ch\\\/fr\\\/#organization\"},\"potentialAction\":[{\"@type\":\"SearchAction\",\"target\":{\"@type\":\"EntryPoint\",\"urlTemplate\":\"https:\\\/\\\/www.softub.ch\\\/fr\\\/?s={search_term_string}\"},\"query-input\":{\"@type\":\"PropertyValueSpecification\",\"valueRequired\":true,\"valueName\":\"search_term_string\"}}],\"inLanguage\":\"fr-FR\"},{\"@type\":\"Organization\",\"@id\":\"https:\\\/\\\/www.softub.ch\\\/fr\\\/#organization\",\"name\":\"Softub Schweiz AG\",\"url\":\"https:\\\/\\\/www.softub.ch\\\/fr\\\/\",\"logo\":{\"@type\":\"ImageObject\",\"inLanguage\":\"fr-FR\",\"@id\":\"https:\\\/\\\/www.softub.ch\\\/fr\\\/#\\\/schema\\\/logo\\\/image\\\/\",\"url\":\"https:\\\/\\\/www.softub.ch\\\/wp-content\\\/uploads\\\/Softub-Logo-Softub-Schweiz-.png\",\"contentUrl\":\"https:\\\/\\\/www.softub.ch\\\/wp-content\\\/uploads\\\/Softub-Logo-Softub-Schweiz-.png\",\"width\":200,\"height\":73,\"caption\":\"Softub Schweiz AG\"},\"image\":{\"@id\":\"https:\\\/\\\/www.softub.ch\\\/fr\\\/#\\\/schema\\\/logo\\\/image\\\/\"},\"sameAs\":[\"https:\\\/\\\/www.facebook.com\\\/softubschweiz\",\"https:\\\/\\\/www.instagram.com\\\/softub_schweiz\\\/\",\"https:\\\/\\\/ch.pinterest.com\\\/softub_schweiz\\\/\",\"https:\\\/\\\/www.linkedin.com\\\/company\\\/softub-schweiz-ag\\\/\"]}]}<\/script>\n<!-- \/ Yoast SEO Premium plugin. -->","yoast_head_json":{"title":"Regale f\u00fcr Balkonschrank Julia - Softub Schweiz","description":"Regale f\u00fcr Balkonschrank Julia - zus\u00e4tzlich erh\u00e4ltlich zu den bereits in der Grundausstattung enthaltenen Regalb\u00f6den. Biohort bei Softub Schweiz.","robots":{"index":"index","follow":"follow","max-snippet":"max-snippet:-1","max-image-preview":"max-image-preview:large","max-video-preview":"max-video-preview:-1"},"canonical":"https:\/\/www.softub.ch\/produkt\/regale-set-fuer-balkonschrank-julia\/","og_locale":"fr_FR","og_type":"article","og_title":"biohort Regale-Set f\u00fcr Balkonschrank JULIA","og_description":"Regale f\u00fcr Balkonschrank Julia - zus\u00e4tzlich erh\u00e4ltlich zu den bereits in der Grundausstattung enthaltenen Regalb\u00f6den. Biohort bei Softub Schweiz.","og_url":"https:\/\/www.softub.ch\/produkt\/regale-set-fuer-balkonschrank-julia\/","og_site_name":"Softub Schweiz","article_publisher":"https:\/\/www.facebook.com\/softubschweiz","article_modified_time":"2026-02-11T15:57:47+00:00","og_image":[{"width":1499,"height":1000,"url":"https:\/\/www.softub.ch\/wp-content\/uploads\/Biohort-Balkonschrank-75056_Regalboden-SET_Julia_Zubehoer-Softub-Schweiz.jpg","type":"image\/jpeg"}],"twitter_card":"summary_large_image","twitter_misc":{"Dur\u00e9e de lecture estim\u00e9e":"1 minute"},"schema":{"@context":"https:\/\/schema.org","@graph":[{"@type":"WebPage","@id":"https:\/\/www.softub.ch\/produkt\/regale-set-fuer-balkonschrank-julia\/","url":"https:\/\/www.softub.ch\/produkt\/regale-set-fuer-balkonschrank-julia\/","name":"Regale f\u00fcr Balkonschrank Julia - Softub Schweiz","isPartOf":{"@id":"https:\/\/www.softub.ch\/fr\/#website"},"primaryImageOfPage":{"@id":"https:\/\/www.softub.ch\/produkt\/regale-set-fuer-balkonschrank-julia\/#primaryimage"},"image":{"@id":"https:\/\/www.softub.ch\/produkt\/regale-set-fuer-balkonschrank-julia\/#primaryimage"},"thumbnailUrl":"https:\/\/www.softub.ch\/wp-content\/uploads\/Biohort-Balkonschrank-75056_Regalboden-SET_Julia_Zubehoer-Softub-Schweiz.jpg","datePublished":"2026-02-11T15:39:09+00:00","dateModified":"2026-02-11T15:57:47+00:00","description":"Regale f\u00fcr Balkonschrank Julia - zus\u00e4tzlich erh\u00e4ltlich zu den bereits in der Grundausstattung enthaltenen Regalb\u00f6den. Biohort bei Softub Schweiz.","breadcrumb":{"@id":"https:\/\/www.softub.ch\/produkt\/regale-set-fuer-balkonschrank-julia\/#breadcrumb"},"inLanguage":"fr-FR","potentialAction":[{"@type":"ReadAction","target":["https:\/\/www.softub.ch\/produkt\/regale-set-fuer-balkonschrank-julia\/"]}]},{"@type":"ImageObject","inLanguage":"fr-FR","@id":"https:\/\/www.softub.ch\/produkt\/regale-set-fuer-balkonschrank-julia\/#primaryimage","url":"https:\/\/www.softub.ch\/wp-content\/uploads\/Biohort-Balkonschrank-75056_Regalboden-SET_Julia_Zubehoer-Softub-Schweiz.jpg","contentUrl":"https:\/\/www.softub.ch\/wp-content\/uploads\/Biohort-Balkonschrank-75056_Regalboden-SET_Julia_Zubehoer-Softub-Schweiz.jpg","width":1499,"height":1000,"caption":"Regalboden Set f\u00fcr Julia Balkonschrank"},{"@type":"BreadcrumbList","@id":"https:\/\/www.softub.ch\/produkt\/regale-set-fuer-balkonschrank-julia\/#breadcrumb","itemListElement":[{"@type":"ListItem","position":1,"name":"Startseite","item":"https:\/\/www.softub.ch\/fr\/"},{"@type":"ListItem","position":2,"name":"Shop","item":"https:\/\/www.softub.ch\/fr\/softub-suisse-shop\/"},{"@type":"ListItem","position":3,"name":"biohort Regale-Set f\u00fcr Balkonschrank JULIA"}]},{"@type":"WebSite","@id":"https:\/\/www.softub.ch\/fr\/#website","url":"https:\/\/www.softub.ch\/fr\/","name":"Softub Schweiz","description":"Softub - Wir machen Ferien Zuhause","publisher":{"@id":"https:\/\/www.softub.ch\/fr\/#organization"},"potentialAction":[{"@type":"SearchAction","target":{"@type":"EntryPoint","urlTemplate":"https:\/\/www.softub.ch\/fr\/?s={search_term_string}"},"query-input":{"@type":"PropertyValueSpecification","valueRequired":true,"valueName":"search_term_string"}}],"inLanguage":"fr-FR"},{"@type":"Organization","@id":"https:\/\/www.softub.ch\/fr\/#organization","name":"Softub Schweiz AG","url":"https:\/\/www.softub.ch\/fr\/","logo":{"@type":"ImageObject","inLanguage":"fr-FR","@id":"https:\/\/www.softub.ch\/fr\/#\/schema\/logo\/image\/","url":"https:\/\/www.softub.ch\/wp-content\/uploads\/Softub-Logo-Softub-Schweiz-.png","contentUrl":"https:\/\/www.softub.ch\/wp-content\/uploads\/Softub-Logo-Softub-Schweiz-.png","width":200,"height":73,"caption":"Softub Schweiz AG"},"image":{"@id":"https:\/\/www.softub.ch\/fr\/#\/schema\/logo\/image\/"},"sameAs":["https:\/\/www.facebook.com\/softubschweiz","https:\/\/www.instagram.com\/softub_schweiz\/","https:\/\/ch.pinterest.com\/softub_schweiz\/","https:\/\/www.linkedin.com\/company\/softub-schweiz-ag\/"]}]}},"_links":{"self":[{"href":"https:\/\/www.softub.ch\/fr\/wp-json\/wp\/v2\/product\/74990","targetHints":{"allow":["GET"]}}],"collection":[{"href":"https:\/\/www.softub.ch\/fr\/wp-json\/wp\/v2\/product"}],"about":[{"href":"https:\/\/www.softub.ch\/fr\/wp-json\/wp\/v2\/types\/product"}],"wp:featuredmedia":[{"embeddable":true,"href":"https:\/\/www.softub.ch\/fr\/wp-json\/wp\/v2\/media\/74937"}],"wp:attachment":[{"href":"https:\/\/www.softub.ch\/fr\/wp-json\/wp\/v2\/media?parent=74990"}],"wp:term":[{"taxonomy":"product_brand","embeddable":true,"href":"https:\/\/www.softub.ch\/fr\/wp-json\/wp\/v2\/product_brand?post=74990"},{"taxonomy":"product_cat","embeddable":true,"href":"https:\/\/www.softub.ch\/fr\/wp-json\/wp\/v2\/product_cat?post=74990"},{"taxonomy":"product_tag","embeddable":true,"href":"https:\/\/www.softub.ch\/fr\/wp-json\/wp\/v2\/product_tag?post=74990"},{"taxonomy":"woo-feed-brand","embeddable":true,"href":"https:\/\/www.softub.ch\/fr\/wp-json\/wp\/v2\/woo-feed-brand?post=74990"}],"curies":[{"name":"wp","href":"https:\/\/api.w.org\/{rel}","templated":true}]}}