{"id":7714,"date":"2020-01-12T07:41:00","date_gmt":"2020-01-12T07:41:00","guid":{"rendered":"http:\/\/www.softub.ch\/?post_type=product&#038;p=7714"},"modified":"2024-09-17T16:22:43","modified_gmt":"2024-09-17T14:22:43","slug":"weka-wellnissage-komfort-liege","status":"publish","type":"product","link":"https:\/\/www.softub.ch\/fr\/produit\/weka-wellnissage-komfort-liege\/","title":{"rendered":"Weka Wellnissage-Komfort-Liege &#8211; Entspannung nach der Sauna"},"content":{"rendered":"<h1><span style=\"color: #429bba\">Weka Wellnissage-Komfort-Liege<\/span><\/h1>\n<p>Mit der Weka Wellnissage Komfort Liege k\u00f6nnen Sie zwischen den Saunag\u00e4ngen ausgezeichnet entspannen. Die ergonomische Form und die verstellbare Kopfst\u00fctze bieten dabei maximale Bequemlichkeit.<\/p>\n<p>&nbsp;<\/p>\n<h3>Produktvorteile:<\/h3>\n<ul>\n<li>Naturbelassenes, hautfreundliches Spezialholz<\/li>\n<li>Ergonomisch geformte Liegefl\u00e4che<\/li>\n<li>Inklusive verstellbarer Kopfst\u00fctze<\/li>\n<li>Inklusive saugstarkem Saunabadetuch (oeko-Tex-Standard)<\/li>\n<li>Inklusive Montagematerial und ausf\u00fchrlicher Aufbauanleitung<\/li>\n<\/ul>\n<p>&nbsp;<\/p>\n<h3>Mass (L\u00e4nge x Breite x H\u00f6he) Gewicht und Material:<\/h3>\n<ul>\n<li>163,5 x 64 x 93,5 cm<\/li>\n<li>Gewicht: 39,40 kg<\/li>\n<li>Materialart: Linde<\/li>\n<\/ul>\n<p>&nbsp;<\/p>\n<h3 data-fontsize=\"18\" data-lineheight=\"25\">Warum Weka?<\/h3>\n<p>Dank dem vielseitigen Saunazubeh\u00f6r von Weka, machen Sie Ihren Saunagang zu einem einzigartigen Erlebnis. Vom Peelingsalz bis zum Aufgussk\u00fcbel \u2013 erg\u00e4nzen Sie Ihre Grundausstattung mit passenden Produkten von WEKA. F\u00fcr absolute Entspannung sorgen ausserdem unsere Lendenst\u00fctzen f\u00fcr Saunaliegen. Diese lassen sich individuell an Ihre R\u00fcckenform anpassen und entlasten den R\u00fccken sp\u00fcrbar.<\/p>\n<p>Zur gezielten Entlastung verschiedener K\u00f6rperzonen finden Sie in unserem Sortiment ausserdem Kopf-, R\u00fccken- und Venenst\u00fctzen sowie ergonomisch geformte Wellnessliegen, die Sie variabel einsetzen k\u00f6nnen. Das Sauna-Zubeh\u00f6r-Set mit Sch\u00f6pfkelle, K\u00fcbel und Baderegeln sowie verschiedene Aufgusskonzentrate runden Ihren Saunagang ab.<\/p>\n<p>&nbsp;<\/p>\n<h3>Weiteres Saunazubeh\u00f6r von Weka:<\/h3>\n<p>Wir haben ein reichhaltiges Zubeh\u00f6rsortiment f\u00fcr Sie zusammengestellt, so dass Sie sich die passenden Produkte in Ruhe in unserem Onlineshop ausw\u00e4hlen k\u00f6nnen. Wenn Sie sich dar\u00fcber hinaus Ihre ganz pers\u00f6nliche Wellness-Oase schaffen wollen, so schauen Sie sich doch einfach unsere Softub <a href=\"https:\/\/softub.ch\/simply-relaxing\/softub-whirlpools\/\">Whirlpools<\/a> an \u2013 eventuell auch in Kombination mit einem <a href=\"https:\/\/meinschattenspender.ch\/\">Unosider-<\/a><a href=\"https:\/\/meinschattenspender.ch\/\">Pavillon<\/a>.<\/p>\n<p>Wir beraten Sie gerne, telefonisch, in einem unserer Showrooms oder bei Ihnen Zuhause<\/p>\n","protected":false},"excerpt":{"rendered":"<h1><span style=\"color: #429bba\">Weka Wellnissage-Komfort-Liege<\/span><\/h1>\n<p>Ergonomisch geformte Wellnessliege im modernen Design.<\/p>\n","protected":false},"featured_media":7717,"template":"","meta":{"_acf_changed":false},"product_brand":[],"product_cat":[6294],"product_tag":[10078,10079,10081,1664,6321,6472,10087,461,457,1693,1655,9992,7615,7617,1666,270,4948,4027],"woo-feed-brand":[],"class_list":{"0":"post-7714","1":"product","2":"type-product","3":"status-publish","4":"has-post-thumbnail","6":"product_cat-accessoires-pour-sauna","7":"product_tag-die-besten-saunen-fr","8":"product_tag-die-schoensten-saunen-fr","9":"product_tag-holz-sauna-fr","10":"product_tag-komfortable-saunaliege","11":"product_tag-sauna-fr","12":"product_tag-sauna-en-bois-fr","13":"product_tag-sauna-von-weka-fr","14":"product_tag-sauna-zubehoer","15":"product_tag-saunaliege","16":"product_tag-saunaliege-aus-holz","17":"product_tag-saunazubehoer-von-weka","18":"product_tag-softub-schweiz-ag-fr","19":"product_tag-weka-fr","20":"product_tag-weka-sauna-fr","21":"product_tag-weka-saunazubehoer","22":"product_tag-wellness-fr","23":"product_tag-oasis-de-wellness","24":"product_tag-zubehoer-von-sauna","25":"product_shipping_class-post-50","27":"first","28":"instock","29":"taxable","30":"shipping-taxable","31":"purchasable","32":"product-type-simple"},"acf":[],"yoast_head":"<!-- This site is optimized with the Yoast SEO Premium plugin v27.5 (Yoast SEO v27.5) - https:\/\/yoast.com\/product\/yoast-seo-premium-wordpress\/ -->\n<title>Weka Wellnissage Komfort Liege - Entspannung nach der Sauna<\/title>\n<meta name=\"description\" content=\"Die Weka Wellnissage Komfort Liege im modernen Design. Entspannen Sie sich nach oder zwischen den Saunag\u00e4ngen und geniessen Sie das Saunaerlebnis.\" \/>\n<meta name=\"robots\" content=\"index, follow, max-snippet:-1, max-image-preview:large, max-video-preview:-1\" \/>\n<link rel=\"canonical\" href=\"https:\/\/www.softub.ch\/produkt\/weka-wellnissage-komfort-liege\/\" \/>\n<meta property=\"og:locale\" content=\"fr_FR\" \/>\n<meta property=\"og:type\" content=\"article\" \/>\n<meta property=\"og:title\" content=\"Weka Wellnissage-Komfort-Liege - Entspannung nach der Sauna\" \/>\n<meta property=\"og:description\" content=\"Die Weka Wellnissage Komfort Liege im modernen Design. Entspannen Sie sich nach oder zwischen den Saunag\u00e4ngen und geniessen Sie das Saunaerlebnis.\" \/>\n<meta property=\"og:url\" content=\"https:\/\/www.softub.ch\/produkt\/weka-wellnissage-komfort-liege\/\" \/>\n<meta property=\"og:site_name\" content=\"Softub Schweiz\" \/>\n<meta property=\"article:publisher\" content=\"https:\/\/www.facebook.com\/softubschweiz\" \/>\n<meta property=\"article:modified_time\" content=\"2024-09-17T14:22:43+00:00\" \/>\n<meta property=\"og:image\" content=\"https:\/\/www.softub.ch\/wp-content\/uploads\/weka-wellnessliege-1.jpg\" \/>\n\t<meta property=\"og:image:width\" content=\"440\" \/>\n\t<meta property=\"og:image:height\" content=\"330\" \/>\n\t<meta property=\"og:image:type\" content=\"image\/jpeg\" \/>\n<meta name=\"twitter:card\" content=\"summary_large_image\" \/>\n<meta name=\"twitter:label1\" content=\"Dur\u00e9e de lecture estim\u00e9e\" \/>\n\t<meta name=\"twitter:data1\" content=\"1 minute\" \/>\n<script type=\"application\/ld+json\" class=\"yoast-schema-graph\">{\"@context\":\"https:\\\/\\\/schema.org\",\"@graph\":[{\"@type\":\"WebPage\",\"@id\":\"https:\\\/\\\/www.softub.ch\\\/produkt\\\/weka-wellnissage-komfort-liege\\\/\",\"url\":\"https:\\\/\\\/www.softub.ch\\\/produkt\\\/weka-wellnissage-komfort-liege\\\/\",\"name\":\"Weka Wellnissage Komfort Liege - Entspannung nach der Sauna\",\"isPartOf\":{\"@id\":\"https:\\\/\\\/www.softub.ch\\\/fr\\\/#website\"},\"primaryImageOfPage\":{\"@id\":\"https:\\\/\\\/www.softub.ch\\\/produkt\\\/weka-wellnissage-komfort-liege\\\/#primaryimage\"},\"image\":{\"@id\":\"https:\\\/\\\/www.softub.ch\\\/produkt\\\/weka-wellnissage-komfort-liege\\\/#primaryimage\"},\"thumbnailUrl\":\"https:\\\/\\\/www.softub.ch\\\/wp-content\\\/uploads\\\/weka-wellnessliege-1.jpg\",\"datePublished\":\"2020-01-12T07:41:00+00:00\",\"dateModified\":\"2024-09-17T14:22:43+00:00\",\"description\":\"Die Weka Wellnissage Komfort Liege im modernen Design. Entspannen Sie sich nach oder zwischen den Saunag\u00e4ngen und geniessen Sie das Saunaerlebnis.\",\"breadcrumb\":{\"@id\":\"https:\\\/\\\/www.softub.ch\\\/produkt\\\/weka-wellnissage-komfort-liege\\\/#breadcrumb\"},\"inLanguage\":\"fr-FR\",\"potentialAction\":[{\"@type\":\"ReadAction\",\"target\":[\"https:\\\/\\\/www.softub.ch\\\/produkt\\\/weka-wellnissage-komfort-liege\\\/\"]}]},{\"@type\":\"ImageObject\",\"inLanguage\":\"fr-FR\",\"@id\":\"https:\\\/\\\/www.softub.ch\\\/produkt\\\/weka-wellnissage-komfort-liege\\\/#primaryimage\",\"url\":\"https:\\\/\\\/www.softub.ch\\\/wp-content\\\/uploads\\\/weka-wellnessliege-1.jpg\",\"contentUrl\":\"https:\\\/\\\/www.softub.ch\\\/wp-content\\\/uploads\\\/weka-wellnessliege-1.jpg\",\"width\":440,\"height\":330,\"caption\":\"Weka Wellnissage Komfort Liege\"},{\"@type\":\"BreadcrumbList\",\"@id\":\"https:\\\/\\\/www.softub.ch\\\/produkt\\\/weka-wellnissage-komfort-liege\\\/#breadcrumb\",\"itemListElement\":[{\"@type\":\"ListItem\",\"position\":1,\"name\":\"Startseite\",\"item\":\"https:\\\/\\\/www.softub.ch\\\/fr\\\/\"},{\"@type\":\"ListItem\",\"position\":2,\"name\":\"Shop\",\"item\":\"https:\\\/\\\/www.softub.ch\\\/fr\\\/softub-suisse-shop\\\/\"},{\"@type\":\"ListItem\",\"position\":3,\"name\":\"Weka Wellnissage-Komfort-Liege &#8211; Entspannung nach der Sauna\"}]},{\"@type\":\"WebSite\",\"@id\":\"https:\\\/\\\/www.softub.ch\\\/fr\\\/#website\",\"url\":\"https:\\\/\\\/www.softub.ch\\\/fr\\\/\",\"name\":\"Softub Schweiz\",\"description\":\"Softub - Wir machen Ferien Zuhause\",\"publisher\":{\"@id\":\"https:\\\/\\\/www.softub.ch\\\/fr\\\/#organization\"},\"potentialAction\":[{\"@type\":\"SearchAction\",\"target\":{\"@type\":\"EntryPoint\",\"urlTemplate\":\"https:\\\/\\\/www.softub.ch\\\/fr\\\/?s={search_term_string}\"},\"query-input\":{\"@type\":\"PropertyValueSpecification\",\"valueRequired\":true,\"valueName\":\"search_term_string\"}}],\"inLanguage\":\"fr-FR\"},{\"@type\":\"Organization\",\"@id\":\"https:\\\/\\\/www.softub.ch\\\/fr\\\/#organization\",\"name\":\"Softub Schweiz AG\",\"url\":\"https:\\\/\\\/www.softub.ch\\\/fr\\\/\",\"logo\":{\"@type\":\"ImageObject\",\"inLanguage\":\"fr-FR\",\"@id\":\"https:\\\/\\\/www.softub.ch\\\/fr\\\/#\\\/schema\\\/logo\\\/image\\\/\",\"url\":\"https:\\\/\\\/www.softub.ch\\\/wp-content\\\/uploads\\\/Softub-Logo-Softub-Schweiz-.png\",\"contentUrl\":\"https:\\\/\\\/www.softub.ch\\\/wp-content\\\/uploads\\\/Softub-Logo-Softub-Schweiz-.png\",\"width\":200,\"height\":73,\"caption\":\"Softub Schweiz AG\"},\"image\":{\"@id\":\"https:\\\/\\\/www.softub.ch\\\/fr\\\/#\\\/schema\\\/logo\\\/image\\\/\"},\"sameAs\":[\"https:\\\/\\\/www.facebook.com\\\/softubschweiz\",\"https:\\\/\\\/www.instagram.com\\\/softub_schweiz\\\/\",\"https:\\\/\\\/ch.pinterest.com\\\/softub_schweiz\\\/\",\"https:\\\/\\\/www.linkedin.com\\\/company\\\/softub-schweiz-ag\\\/\"]}]}<\/script>\n<!-- \/ Yoast SEO Premium plugin. -->","yoast_head_json":{"title":"Weka Wellnissage Komfort Liege - Entspannung nach der Sauna","description":"Die Weka Wellnissage Komfort Liege im modernen Design. Entspannen Sie sich nach oder zwischen den Saunag\u00e4ngen und geniessen Sie das Saunaerlebnis.","robots":{"index":"index","follow":"follow","max-snippet":"max-snippet:-1","max-image-preview":"max-image-preview:large","max-video-preview":"max-video-preview:-1"},"canonical":"https:\/\/www.softub.ch\/produkt\/weka-wellnissage-komfort-liege\/","og_locale":"fr_FR","og_type":"article","og_title":"Weka Wellnissage-Komfort-Liege - Entspannung nach der Sauna","og_description":"Die Weka Wellnissage Komfort Liege im modernen Design. Entspannen Sie sich nach oder zwischen den Saunag\u00e4ngen und geniessen Sie das Saunaerlebnis.","og_url":"https:\/\/www.softub.ch\/produkt\/weka-wellnissage-komfort-liege\/","og_site_name":"Softub Schweiz","article_publisher":"https:\/\/www.facebook.com\/softubschweiz","article_modified_time":"2024-09-17T14:22:43+00:00","og_image":[{"width":440,"height":330,"url":"https:\/\/www.softub.ch\/wp-content\/uploads\/weka-wellnessliege-1.jpg","type":"image\/jpeg"}],"twitter_card":"summary_large_image","twitter_misc":{"Dur\u00e9e de lecture estim\u00e9e":"1 minute"},"schema":{"@context":"https:\/\/schema.org","@graph":[{"@type":"WebPage","@id":"https:\/\/www.softub.ch\/produkt\/weka-wellnissage-komfort-liege\/","url":"https:\/\/www.softub.ch\/produkt\/weka-wellnissage-komfort-liege\/","name":"Weka Wellnissage Komfort Liege - Entspannung nach der Sauna","isPartOf":{"@id":"https:\/\/www.softub.ch\/fr\/#website"},"primaryImageOfPage":{"@id":"https:\/\/www.softub.ch\/produkt\/weka-wellnissage-komfort-liege\/#primaryimage"},"image":{"@id":"https:\/\/www.softub.ch\/produkt\/weka-wellnissage-komfort-liege\/#primaryimage"},"thumbnailUrl":"https:\/\/www.softub.ch\/wp-content\/uploads\/weka-wellnessliege-1.jpg","datePublished":"2020-01-12T07:41:00+00:00","dateModified":"2024-09-17T14:22:43+00:00","description":"Die Weka Wellnissage Komfort Liege im modernen Design. Entspannen Sie sich nach oder zwischen den Saunag\u00e4ngen und geniessen Sie das Saunaerlebnis.","breadcrumb":{"@id":"https:\/\/www.softub.ch\/produkt\/weka-wellnissage-komfort-liege\/#breadcrumb"},"inLanguage":"fr-FR","potentialAction":[{"@type":"ReadAction","target":["https:\/\/www.softub.ch\/produkt\/weka-wellnissage-komfort-liege\/"]}]},{"@type":"ImageObject","inLanguage":"fr-FR","@id":"https:\/\/www.softub.ch\/produkt\/weka-wellnissage-komfort-liege\/#primaryimage","url":"https:\/\/www.softub.ch\/wp-content\/uploads\/weka-wellnessliege-1.jpg","contentUrl":"https:\/\/www.softub.ch\/wp-content\/uploads\/weka-wellnessliege-1.jpg","width":440,"height":330,"caption":"Weka Wellnissage Komfort Liege"},{"@type":"BreadcrumbList","@id":"https:\/\/www.softub.ch\/produkt\/weka-wellnissage-komfort-liege\/#breadcrumb","itemListElement":[{"@type":"ListItem","position":1,"name":"Startseite","item":"https:\/\/www.softub.ch\/fr\/"},{"@type":"ListItem","position":2,"name":"Shop","item":"https:\/\/www.softub.ch\/fr\/softub-suisse-shop\/"},{"@type":"ListItem","position":3,"name":"Weka Wellnissage-Komfort-Liege &#8211; Entspannung nach der Sauna"}]},{"@type":"WebSite","@id":"https:\/\/www.softub.ch\/fr\/#website","url":"https:\/\/www.softub.ch\/fr\/","name":"Softub Schweiz","description":"Softub - Wir machen Ferien Zuhause","publisher":{"@id":"https:\/\/www.softub.ch\/fr\/#organization"},"potentialAction":[{"@type":"SearchAction","target":{"@type":"EntryPoint","urlTemplate":"https:\/\/www.softub.ch\/fr\/?s={search_term_string}"},"query-input":{"@type":"PropertyValueSpecification","valueRequired":true,"valueName":"search_term_string"}}],"inLanguage":"fr-FR"},{"@type":"Organization","@id":"https:\/\/www.softub.ch\/fr\/#organization","name":"Softub Schweiz AG","url":"https:\/\/www.softub.ch\/fr\/","logo":{"@type":"ImageObject","inLanguage":"fr-FR","@id":"https:\/\/www.softub.ch\/fr\/#\/schema\/logo\/image\/","url":"https:\/\/www.softub.ch\/wp-content\/uploads\/Softub-Logo-Softub-Schweiz-.png","contentUrl":"https:\/\/www.softub.ch\/wp-content\/uploads\/Softub-Logo-Softub-Schweiz-.png","width":200,"height":73,"caption":"Softub Schweiz AG"},"image":{"@id":"https:\/\/www.softub.ch\/fr\/#\/schema\/logo\/image\/"},"sameAs":["https:\/\/www.facebook.com\/softubschweiz","https:\/\/www.instagram.com\/softub_schweiz\/","https:\/\/ch.pinterest.com\/softub_schweiz\/","https:\/\/www.linkedin.com\/company\/softub-schweiz-ag\/"]}]}},"_links":{"self":[{"href":"https:\/\/www.softub.ch\/fr\/wp-json\/wp\/v2\/product\/7714","targetHints":{"allow":["GET"]}}],"collection":[{"href":"https:\/\/www.softub.ch\/fr\/wp-json\/wp\/v2\/product"}],"about":[{"href":"https:\/\/www.softub.ch\/fr\/wp-json\/wp\/v2\/types\/product"}],"wp:featuredmedia":[{"embeddable":true,"href":"https:\/\/www.softub.ch\/fr\/wp-json\/wp\/v2\/media\/7717"}],"wp:attachment":[{"href":"https:\/\/www.softub.ch\/fr\/wp-json\/wp\/v2\/media?parent=7714"}],"wp:term":[{"taxonomy":"product_brand","embeddable":true,"href":"https:\/\/www.softub.ch\/fr\/wp-json\/wp\/v2\/product_brand?post=7714"},{"taxonomy":"product_cat","embeddable":true,"href":"https:\/\/www.softub.ch\/fr\/wp-json\/wp\/v2\/product_cat?post=7714"},{"taxonomy":"product_tag","embeddable":true,"href":"https:\/\/www.softub.ch\/fr\/wp-json\/wp\/v2\/product_tag?post=7714"},{"taxonomy":"woo-feed-brand","embeddable":true,"href":"https:\/\/www.softub.ch\/fr\/wp-json\/wp\/v2\/woo-feed-brand?post=7714"}],"curies":[{"name":"wp","href":"https:\/\/api.w.org\/{rel}","templated":true}]}}