{"id":7726,"date":"2020-01-12T08:00:28","date_gmt":"2020-01-12T07:00:28","guid":{"rendered":"http:\/\/www.softub.ch\/?post_type=product&#038;p=7726"},"modified":"2024-09-17T16:22:46","modified_gmt":"2024-09-17T14:22:46","slug":"weka-ganzglastuer","status":"publish","type":"product","link":"https:\/\/www.softub.ch\/fr\/produit\/weka-ganzglastuer\/","title":{"rendered":"Weka Ganzglast\u00fcr &#8211; f\u00fcr viel nat\u00fcrliches Licht in Ihrer Sauna"},"content":{"rendered":"<h1><span style=\"color: #429bba\">Weka Ganzglast\u00fcr<\/span><\/h1>\n<p>Statten Sie Ihre Sauna mit einer stilvollen Weka Ganzglast\u00fcr in Graphit Optik aus um viel nat\u00fcrliches Licht einfliessen zu lassen. Angenehmes Licht erhalten Sie mit dieser modernen Ganzglast\u00fcr.<\/p>\n<p>&nbsp;<\/p>\n<h3>Produktdetails<\/h3>\n<ul>\n<li>In Graphit-Optik aus 8 mm Sicherheitsglas<\/li>\n<li>Inkl. Rahmen<\/li>\n<li>2-Punkt-Magnetverschluss<\/li>\n<li>Beschl\u00e4ge in matt-chrom Design<\/li>\n<li>Premium Edelstahl-\/Holzgriff<\/li>\n<li>T\u00fcrrahmen aussen: B 61,8 x H 182,5 cm<\/li>\n<li>Durchgangsmasse: ca. B 51 x H 174 cm,<\/li>\n<li>Rahmenst\u00e4rke: 67 mm<\/li>\n<\/ul>\n<p>&nbsp;<\/p>\n<h3 data-fontsize=\"18\" data-lineheight=\"25\">Warum Weka?<\/h3>\n<p>Dank dem vielseitigen Saunazubeh\u00f6r von Weka, machen Sie Ihren Saunagang zu einem einzigartigen Erlebnis. Vom Peelingsalz bis zum Aufgussk\u00fcbel \u2013 erg\u00e4nzen Sie Ihre Grundausstattung mit passenden Produkten von WEKA. F\u00fcr absolute Entspannung sorgen ausserdem unsere Lendenst\u00fctzen f\u00fcr Saunaliegen. Diese lassen sich individuell an Ihre R\u00fcckenform anpassen und entlasten den R\u00fccken sp\u00fcrbar.<\/p>\n<p>Zur gezielten Entlastung verschiedener K\u00f6rperzonen finden Sie in unserem Sortiment ausserdem Kopf-, R\u00fccken- und Venenst\u00fctzen sowie ergonomisch geformte Wellnessliegen, die Sie variabel einsetzen k\u00f6nnen. Das Sauna-Zubeh\u00f6r-Set mit Sch\u00f6pfkelle, K\u00fcbel und Baderegeln sowie verschiedene Aufgusskonzentrate runden Ihren Saunagang ab.<\/p>\n<p>&nbsp;<\/p>\n<h3>Weiteres Saunazubeh\u00f6r von Weka:<\/h3>\n<p>Wir haben ein reichhaltiges Zubeh\u00f6rsortiment f\u00fcr Sie zusammengestellt, so dass Sie sich die passenden Produkte in Ruhe in unserem Onlineshop ausw\u00e4hlen k\u00f6nnen. Wenn Sie sich dar\u00fcber hinaus Ihre ganz pers\u00f6nliche Wellness-Oase schaffen wollen, so schauen Sie sich doch einfach unsere Softub <a href=\"https:\/\/softub.ch\/simply-relaxing\/softub-whirlpools\/\">Whirlpools<\/a> an \u2013 eventuell auch in Kombination mit einem <a href=\"https:\/\/meinschattenspender.ch\/\">Unosider-<\/a><a href=\"https:\/\/meinschattenspender.ch\/\">Pavillon<\/a>.<\/p>\n<p>Wir beraten Sie gerne, telefonisch, in einem unserer Showrooms oder bei Ihnen Zuhause.<\/p>\n","protected":false},"excerpt":{"rendered":"<h1><span style=\"color: #429bba\">Weka Ganzglast\u00fcr<\/span><\/h1>\n<p>Statten Sie Ihre Sauna mit einer stilvollen Ganzglast\u00fcr in Graphit Optik aus um viel nat\u00fcrliches Licht einfliessen zu lassen.<\/p>\n","protected":false},"featured_media":7729,"template":"","meta":{"_acf_changed":false},"product_brand":[],"product_cat":[591],"product_tag":[4004,4005,1671,1674,4006,1519,1548,430,2829,2828,459,461,567,1179,3040,1672,431,1202,1666,1502,1641,184,1670,4027],"woo-feed-brand":[],"class_list":{"0":"post-7726","1":"product","2":"type-product","3":"status-publish","4":"has-post-thumbnail","6":"product_cat-saunazubehoer","7":"product_tag-die-besten-saunen","8":"product_tag-die-schoensten-saunen","9":"product_tag-ganzglastuer-fuer-saunen","10":"product_tag-glastuer-fuer-sauna","11":"product_tag-holz-sauna","12":"product_tag-holzsauna","13":"product_tag-holzsaunen","14":"product_tag-sauna","15":"product_tag-sauna-aus-holz","16":"product_tag-sauna-von-weka","17":"product_tag-sauna-glastuer","18":"product_tag-sauna-zubehoer","19":"product_tag-softub","20":"product_tag-softub-schweiz","21":"product_tag-softub-schweiz-ag","22":"product_tag-tueren-fuer-saunen","23":"product_tag-weka","24":"product_tag-weka-sauna","25":"product_tag-weka-saunazubehoer","26":"product_tag-weka-saunen","27":"product_tag-weka-saunen-fuer-innenraeume","28":"product_tag-wellness","29":"product_tag-zubehoer-fuer-saunen","30":"product_tag-zubehoer-von-sauna","31":"product_shipping_class-post-50","33":"first","34":"instock","35":"taxable","36":"shipping-taxable","37":"purchasable","38":"product-type-simple"},"acf":[],"yoast_head":"<!-- This site is optimized with the Yoast SEO Premium plugin v27.3 (Yoast SEO v27.3) - https:\/\/yoast.com\/product\/yoast-seo-premium-wordpress\/ -->\n<title>Weka Ganzglast\u00fcr - f\u00fcr viel nat\u00fcrliches Licht in Ihrer Sauna<\/title>\n<meta name=\"description\" content=\"Statten Sie Ihre Sauna mit einer stilvollen Weka Ganzglast\u00fcr in Graphit Optik aus um viel nat\u00fcrliches Licht einflie\u00dfen zu lassen.\" \/>\n<meta name=\"robots\" content=\"index, follow, max-snippet:-1, max-image-preview:large, max-video-preview:-1\" \/>\n<link rel=\"canonical\" href=\"https:\/\/www.softub.ch\/fr\/produkt\/weka-ganzglastuer\/\" \/>\n<meta property=\"og:locale\" content=\"fr_FR\" \/>\n<meta property=\"og:type\" content=\"article\" \/>\n<meta property=\"og:title\" content=\"Weka Ganzglast\u00fcr - f\u00fcr viel nat\u00fcrliches Licht in Ihrer Sauna\" \/>\n<meta property=\"og:description\" content=\"Statten Sie Ihre Sauna mit einer stilvollen Weka Ganzglast\u00fcr in Graphit Optik aus um viel nat\u00fcrliches Licht einflie\u00dfen zu lassen.\" \/>\n<meta property=\"og:url\" content=\"https:\/\/www.softub.ch\/fr\/produkt\/weka-ganzglastuer\/\" \/>\n<meta property=\"og:site_name\" content=\"Softub Schweiz\" \/>\n<meta property=\"article:publisher\" content=\"https:\/\/www.facebook.com\/softubschweiz\" \/>\n<meta property=\"article:modified_time\" content=\"2024-09-17T14:22:46+00:00\" \/>\n<meta property=\"og:image\" content=\"https:\/\/www.softub.ch\/wp-content\/uploads\/weka-glast\u00fcr.jpg\" \/>\n\t<meta property=\"og:image:width\" content=\"440\" \/>\n\t<meta property=\"og:image:height\" content=\"330\" \/>\n\t<meta property=\"og:image:type\" content=\"image\/jpeg\" \/>\n<meta name=\"twitter:card\" content=\"summary_large_image\" \/>\n<meta name=\"twitter:label1\" content=\"Dur\u00e9e de lecture estim\u00e9e\" \/>\n\t<meta name=\"twitter:data1\" content=\"1 minute\" \/>\n<script type=\"application\/ld+json\" class=\"yoast-schema-graph\">{\"@context\":\"https:\\\/\\\/schema.org\",\"@graph\":[{\"@type\":\"WebPage\",\"@id\":\"https:\\\/\\\/www.softub.ch\\\/fr\\\/produkt\\\/weka-ganzglastuer\\\/\",\"url\":\"https:\\\/\\\/www.softub.ch\\\/fr\\\/produkt\\\/weka-ganzglastuer\\\/\",\"name\":\"Weka Ganzglast\u00fcr - f\u00fcr viel nat\u00fcrliches Licht in Ihrer Sauna\",\"isPartOf\":{\"@id\":\"https:\\\/\\\/www.softub.ch\\\/fr\\\/#website\"},\"primaryImageOfPage\":{\"@id\":\"https:\\\/\\\/www.softub.ch\\\/fr\\\/produkt\\\/weka-ganzglastuer\\\/#primaryimage\"},\"image\":{\"@id\":\"https:\\\/\\\/www.softub.ch\\\/fr\\\/produkt\\\/weka-ganzglastuer\\\/#primaryimage\"},\"thumbnailUrl\":\"https:\\\/\\\/www.softub.ch\\\/wp-content\\\/uploads\\\/weka-glast\u00fcr.jpg\",\"datePublished\":\"2020-01-12T07:00:28+00:00\",\"dateModified\":\"2024-09-17T14:22:46+00:00\",\"description\":\"Statten Sie Ihre Sauna mit einer stilvollen Weka Ganzglast\u00fcr in Graphit Optik aus um viel nat\u00fcrliches Licht einflie\u00dfen zu lassen.\",\"breadcrumb\":{\"@id\":\"https:\\\/\\\/www.softub.ch\\\/fr\\\/produkt\\\/weka-ganzglastuer\\\/#breadcrumb\"},\"inLanguage\":\"fr-FR\",\"potentialAction\":[{\"@type\":\"ReadAction\",\"target\":[\"https:\\\/\\\/www.softub.ch\\\/fr\\\/produkt\\\/weka-ganzglastuer\\\/\"]}]},{\"@type\":\"ImageObject\",\"inLanguage\":\"fr-FR\",\"@id\":\"https:\\\/\\\/www.softub.ch\\\/fr\\\/produkt\\\/weka-ganzglastuer\\\/#primaryimage\",\"url\":\"https:\\\/\\\/www.softub.ch\\\/wp-content\\\/uploads\\\/weka-glast\u00fcr.jpg\",\"contentUrl\":\"https:\\\/\\\/www.softub.ch\\\/wp-content\\\/uploads\\\/weka-glast\u00fcr.jpg\",\"width\":440,\"height\":330,\"caption\":\"Weka Ganzglast\u00fcr. Softub. Softub Schweiz.\"},{\"@type\":\"BreadcrumbList\",\"@id\":\"https:\\\/\\\/www.softub.ch\\\/fr\\\/produkt\\\/weka-ganzglastuer\\\/#breadcrumb\",\"itemListElement\":[{\"@type\":\"ListItem\",\"position\":1,\"name\":\"Startseite\",\"item\":\"https:\\\/\\\/www.softub.ch\\\/fr\\\/\"},{\"@type\":\"ListItem\",\"position\":2,\"name\":\"Shop\",\"item\":\"https:\\\/\\\/www.softub.ch\\\/fr\\\/softub-suisse-shop\\\/\"},{\"@type\":\"ListItem\",\"position\":3,\"name\":\"Weka Ganzglast\u00fcr &#8211; f\u00fcr viel nat\u00fcrliches Licht in Ihrer Sauna\"}]},{\"@type\":\"WebSite\",\"@id\":\"https:\\\/\\\/www.softub.ch\\\/fr\\\/#website\",\"url\":\"https:\\\/\\\/www.softub.ch\\\/fr\\\/\",\"name\":\"Softub Schweiz\",\"description\":\"Softub - Wir machen Ferien Zuhause\",\"publisher\":{\"@id\":\"https:\\\/\\\/www.softub.ch\\\/fr\\\/#organization\"},\"potentialAction\":[{\"@type\":\"SearchAction\",\"target\":{\"@type\":\"EntryPoint\",\"urlTemplate\":\"https:\\\/\\\/www.softub.ch\\\/fr\\\/?s={search_term_string}\"},\"query-input\":{\"@type\":\"PropertyValueSpecification\",\"valueRequired\":true,\"valueName\":\"search_term_string\"}}],\"inLanguage\":\"fr-FR\"},{\"@type\":\"Organization\",\"@id\":\"https:\\\/\\\/www.softub.ch\\\/fr\\\/#organization\",\"name\":\"Softub Schweiz AG\",\"url\":\"https:\\\/\\\/www.softub.ch\\\/fr\\\/\",\"logo\":{\"@type\":\"ImageObject\",\"inLanguage\":\"fr-FR\",\"@id\":\"https:\\\/\\\/www.softub.ch\\\/fr\\\/#\\\/schema\\\/logo\\\/image\\\/\",\"url\":\"https:\\\/\\\/www.softub.ch\\\/wp-content\\\/uploads\\\/Softub-Logo-Softub-Schweiz-.png\",\"contentUrl\":\"https:\\\/\\\/www.softub.ch\\\/wp-content\\\/uploads\\\/Softub-Logo-Softub-Schweiz-.png\",\"width\":200,\"height\":73,\"caption\":\"Softub Schweiz AG\"},\"image\":{\"@id\":\"https:\\\/\\\/www.softub.ch\\\/fr\\\/#\\\/schema\\\/logo\\\/image\\\/\"},\"sameAs\":[\"https:\\\/\\\/www.facebook.com\\\/softubschweiz\",\"https:\\\/\\\/www.instagram.com\\\/softub_schweiz\\\/\",\"https:\\\/\\\/ch.pinterest.com\\\/softub_schweiz\\\/\",\"https:\\\/\\\/www.linkedin.com\\\/company\\\/softub-schweiz-ag\\\/\"]}]}<\/script>\n<!-- \/ Yoast SEO Premium plugin. -->","yoast_head_json":{"title":"Weka Ganzglast\u00fcr - f\u00fcr viel nat\u00fcrliches Licht in Ihrer Sauna","description":"Statten Sie Ihre Sauna mit einer stilvollen Weka Ganzglast\u00fcr in Graphit Optik aus um viel nat\u00fcrliches Licht einflie\u00dfen zu lassen.","robots":{"index":"index","follow":"follow","max-snippet":"max-snippet:-1","max-image-preview":"max-image-preview:large","max-video-preview":"max-video-preview:-1"},"canonical":"https:\/\/www.softub.ch\/fr\/produkt\/weka-ganzglastuer\/","og_locale":"fr_FR","og_type":"article","og_title":"Weka Ganzglast\u00fcr - f\u00fcr viel nat\u00fcrliches Licht in Ihrer Sauna","og_description":"Statten Sie Ihre Sauna mit einer stilvollen Weka Ganzglast\u00fcr in Graphit Optik aus um viel nat\u00fcrliches Licht einflie\u00dfen zu lassen.","og_url":"https:\/\/www.softub.ch\/fr\/produkt\/weka-ganzglastuer\/","og_site_name":"Softub Schweiz","article_publisher":"https:\/\/www.facebook.com\/softubschweiz","article_modified_time":"2024-09-17T14:22:46+00:00","og_image":[{"width":440,"height":330,"url":"https:\/\/www.softub.ch\/wp-content\/uploads\/weka-glast\u00fcr.jpg","type":"image\/jpeg"}],"twitter_card":"summary_large_image","twitter_misc":{"Dur\u00e9e de lecture estim\u00e9e":"1 minute"},"schema":{"@context":"https:\/\/schema.org","@graph":[{"@type":"WebPage","@id":"https:\/\/www.softub.ch\/fr\/produkt\/weka-ganzglastuer\/","url":"https:\/\/www.softub.ch\/fr\/produkt\/weka-ganzglastuer\/","name":"Weka Ganzglast\u00fcr - f\u00fcr viel nat\u00fcrliches Licht in Ihrer Sauna","isPartOf":{"@id":"https:\/\/www.softub.ch\/fr\/#website"},"primaryImageOfPage":{"@id":"https:\/\/www.softub.ch\/fr\/produkt\/weka-ganzglastuer\/#primaryimage"},"image":{"@id":"https:\/\/www.softub.ch\/fr\/produkt\/weka-ganzglastuer\/#primaryimage"},"thumbnailUrl":"https:\/\/www.softub.ch\/wp-content\/uploads\/weka-glast\u00fcr.jpg","datePublished":"2020-01-12T07:00:28+00:00","dateModified":"2024-09-17T14:22:46+00:00","description":"Statten Sie Ihre Sauna mit einer stilvollen Weka Ganzglast\u00fcr in Graphit Optik aus um viel nat\u00fcrliches Licht einflie\u00dfen zu lassen.","breadcrumb":{"@id":"https:\/\/www.softub.ch\/fr\/produkt\/weka-ganzglastuer\/#breadcrumb"},"inLanguage":"fr-FR","potentialAction":[{"@type":"ReadAction","target":["https:\/\/www.softub.ch\/fr\/produkt\/weka-ganzglastuer\/"]}]},{"@type":"ImageObject","inLanguage":"fr-FR","@id":"https:\/\/www.softub.ch\/fr\/produkt\/weka-ganzglastuer\/#primaryimage","url":"https:\/\/www.softub.ch\/wp-content\/uploads\/weka-glast\u00fcr.jpg","contentUrl":"https:\/\/www.softub.ch\/wp-content\/uploads\/weka-glast\u00fcr.jpg","width":440,"height":330,"caption":"Weka Ganzglast\u00fcr. Softub. Softub Schweiz."},{"@type":"BreadcrumbList","@id":"https:\/\/www.softub.ch\/fr\/produkt\/weka-ganzglastuer\/#breadcrumb","itemListElement":[{"@type":"ListItem","position":1,"name":"Startseite","item":"https:\/\/www.softub.ch\/fr\/"},{"@type":"ListItem","position":2,"name":"Shop","item":"https:\/\/www.softub.ch\/fr\/softub-suisse-shop\/"},{"@type":"ListItem","position":3,"name":"Weka Ganzglast\u00fcr &#8211; f\u00fcr viel nat\u00fcrliches Licht in Ihrer Sauna"}]},{"@type":"WebSite","@id":"https:\/\/www.softub.ch\/fr\/#website","url":"https:\/\/www.softub.ch\/fr\/","name":"Softub Schweiz","description":"Softub - Wir machen Ferien Zuhause","publisher":{"@id":"https:\/\/www.softub.ch\/fr\/#organization"},"potentialAction":[{"@type":"SearchAction","target":{"@type":"EntryPoint","urlTemplate":"https:\/\/www.softub.ch\/fr\/?s={search_term_string}"},"query-input":{"@type":"PropertyValueSpecification","valueRequired":true,"valueName":"search_term_string"}}],"inLanguage":"fr-FR"},{"@type":"Organization","@id":"https:\/\/www.softub.ch\/fr\/#organization","name":"Softub Schweiz AG","url":"https:\/\/www.softub.ch\/fr\/","logo":{"@type":"ImageObject","inLanguage":"fr-FR","@id":"https:\/\/www.softub.ch\/fr\/#\/schema\/logo\/image\/","url":"https:\/\/www.softub.ch\/wp-content\/uploads\/Softub-Logo-Softub-Schweiz-.png","contentUrl":"https:\/\/www.softub.ch\/wp-content\/uploads\/Softub-Logo-Softub-Schweiz-.png","width":200,"height":73,"caption":"Softub Schweiz AG"},"image":{"@id":"https:\/\/www.softub.ch\/fr\/#\/schema\/logo\/image\/"},"sameAs":["https:\/\/www.facebook.com\/softubschweiz","https:\/\/www.instagram.com\/softub_schweiz\/","https:\/\/ch.pinterest.com\/softub_schweiz\/","https:\/\/www.linkedin.com\/company\/softub-schweiz-ag\/"]}]}},"_links":{"self":[{"href":"https:\/\/www.softub.ch\/fr\/wp-json\/wp\/v2\/product\/7726","targetHints":{"allow":["GET"]}}],"collection":[{"href":"https:\/\/www.softub.ch\/fr\/wp-json\/wp\/v2\/product"}],"about":[{"href":"https:\/\/www.softub.ch\/fr\/wp-json\/wp\/v2\/types\/product"}],"wp:featuredmedia":[{"embeddable":true,"href":"https:\/\/www.softub.ch\/fr\/wp-json\/wp\/v2\/media\/7729"}],"wp:attachment":[{"href":"https:\/\/www.softub.ch\/fr\/wp-json\/wp\/v2\/media?parent=7726"}],"wp:term":[{"taxonomy":"product_brand","embeddable":true,"href":"https:\/\/www.softub.ch\/fr\/wp-json\/wp\/v2\/product_brand?post=7726"},{"taxonomy":"product_cat","embeddable":true,"href":"https:\/\/www.softub.ch\/fr\/wp-json\/wp\/v2\/product_cat?post=7726"},{"taxonomy":"product_tag","embeddable":true,"href":"https:\/\/www.softub.ch\/fr\/wp-json\/wp\/v2\/product_tag?post=7726"},{"taxonomy":"woo-feed-brand","embeddable":true,"href":"https:\/\/www.softub.ch\/fr\/wp-json\/wp\/v2\/woo-feed-brand?post=7726"}],"curies":[{"name":"wp","href":"https:\/\/api.w.org\/{rel}","templated":true}]}}