{"id":7760,"date":"2020-01-12T09:03:37","date_gmt":"2020-01-12T08:03:37","guid":{"rendered":"http:\/\/www.softub.ch\/?post_type=product&#038;p=7760"},"modified":"2024-09-17T16:20:31","modified_gmt":"2024-09-17T14:20:31","slug":"ergonomische-weka-kopfstuetze","status":"publish","type":"product","link":"https:\/\/www.softub.ch\/fr\/produit\/ergonomische-weka-kopfstuetze\/","title":{"rendered":"Ergonomische Weka Kopfst\u00fctze &#8211; Entspannung f\u00e4ngt im Kopf an"},"content":{"rendered":"<h1><span style=\"color: #429bba\">Ergonomische Weka Kopfst\u00fctze<\/span><\/h1>\n<p>Mit der ergonomische Weka Kopfst\u00fctze k\u00f6nnen Sie vom Alltag abschalten. Sie ist ergonomisch geformt und mit einer 4-Punkt-Auflagefl\u00e4che versehen, die sich individuell an Ihre Kopfform anpassen l\u00e4sst. Die Weka ergonomische Kopfst\u00fctze, f\u00fcr die optimale Entspannung!<\/p>\n<p>&nbsp;<\/p>\n<h3>Produktvorteile<\/h3>\n<ul>\n<li>Ergonomisch geformt<\/li>\n<li>Hochwertiges Espenholz<\/li>\n<\/ul>\n<p>&nbsp;<\/p>\n<h3 data-fontsize=\"18\" data-lineheight=\"25\">Warum Weka?<\/h3>\n<p>Dank dem vielseitigen Saunazubeh\u00f6r von Weka, machen Sie Ihren Saunagang zu einem einzigartigen Erlebnis. Vom Peelingsalz bis zum Aufgussk\u00fcbel \u2013 erg\u00e4nzen Sie Ihre Grundausstattung mit passenden Produkten von WEKA. F\u00fcr absolute Entspannung sorgen ausserdem unsere Lendenst\u00fctzen f\u00fcr Saunaliegen. Diese lassen sich individuell an Ihre R\u00fcckenform anpassen und entlasten den R\u00fccken sp\u00fcrbar.<\/p>\n<p>Zur gezielten Entlastung verschiedener K\u00f6rperzonen finden Sie in unserem Sortiment ausserdem Kopf-, R\u00fccken- und Venenst\u00fctzen sowie ergonomisch geformte Wellnessliegen, die Sie variabel einsetzen k\u00f6nnen. Das Sauna-Zubeh\u00f6r-Set mit Sch\u00f6pfkelle, K\u00fcbel und Baderegeln sowie verschiedene Aufgusskonzentrate runden Ihren Saunagang ab.<\/p>\n<p>&nbsp;<\/p>\n<h3 data-fontsize=\"18\" data-lineheight=\"25\">Extra Zubeh\u00f6r von Weka:<\/h3>\n<p>Wir haben ein reichhaltiges Zubeh\u00f6rsortiment f\u00fcr Sie zusammengestellt, so dass Sie sich die passenden Produkte in Ruhe in unserem Onlineshop ausw\u00e4hlen k\u00f6nnen. Wenn Sie sich dar\u00fcber hinaus Ihre ganz pers\u00f6nliche Wellness-Oase schaffen wollen, so schauen Sie sich doch einfach unsere Softub <a href=\"https:\/\/softub.ch\/simply-relaxing\/softub-whirlpools\/\">Whirlpools<\/a> an \u2013 eventuell auch in Kombination mit einem <a href=\"https:\/\/meinschattenspender.ch\/\">Unosider-<\/a><a href=\"https:\/\/meinschattenspender.ch\/\">Pavillon<\/a>.<\/p>\n<p>Wir beraten Sie gerne, telefonisch, in einem unserer Showrooms oder bei Ihnen Zuhause.<\/p>\n","protected":false},"excerpt":{"rendered":"<h1><span style=\"color: #429bba\">Weka ergonomische Kopfst\u00fctze<\/span><\/h1>\n<p>F\u00fcr noch mehr Komfort beim Saunieren sorgt diese ergonomische Kopfst\u00fctze. Sie passt sich ideal an Ihre Kopfform an.<\/p>\n","protected":false},"featured_media":7763,"template":"","meta":{"_acf_changed":false},"product_brand":[],"product_cat":[591],"product_tag":[4334,430,4333,465,461,778,567,1179,431,4335,1666,1502,1667,184,4336,1670,4337],"woo-feed-brand":[],"class_list":{"0":"post-7760","1":"product","2":"type-product","3":"status-publish","4":"has-post-thumbnail","6":"product_cat-saunazubehoer","7":"product_tag-kopfstuetze","8":"product_tag-sauna","9":"product_tag-sauna-equipment","10":"product_tag-sauna-kopfstuetze","11":"product_tag-sauna-zubehoer","12":"product_tag-saunawelt","13":"product_tag-softub","14":"product_tag-softub-schweiz","15":"product_tag-weka","16":"product_tag-weka-saunawelt","17":"product_tag-weka-saunazubehoer","18":"product_tag-weka-saunen","19":"product_tag-weka-saunen-fuer-innenraeumen","20":"product_tag-wellness","21":"product_tag-wellness-zubehoer","22":"product_tag-zubehoer-fuer-saunen","23":"product_tag-zubehoer-fuer-welllness","24":"product_shipping_class-post-20","26":"first","27":"instock","28":"taxable","29":"shipping-taxable","30":"purchasable","31":"product-type-simple"},"acf":[],"yoast_head":"<!-- This site is optimized with the Yoast SEO Premium plugin v27.5 (Yoast SEO v27.5) - https:\/\/yoast.com\/product\/yoast-seo-premium-wordpress\/ -->\n<title>Ergonomische Weka Kopfst\u00fctze - Entspannung f\u00e4ngt im Kopf an<\/title>\n<meta name=\"description\" content=\"F\u00fcr noch mehr Komfort beim Saunieren sorgt diese ergonomische Weka Kopfst\u00fctze. Sie passt sich ideal an Ihre Kopfform an.\" \/>\n<meta name=\"robots\" content=\"index, follow, max-snippet:-1, max-image-preview:large, max-video-preview:-1\" \/>\n<link rel=\"canonical\" href=\"https:\/\/www.softub.ch\/produkt\/ergonomische-weka-kopfstuetze\/\" \/>\n<meta property=\"og:locale\" content=\"fr_FR\" \/>\n<meta property=\"og:type\" content=\"article\" \/>\n<meta property=\"og:title\" content=\"Ergonomische Weka Kopfst\u00fctze - Entspannung f\u00e4ngt im Kopf an\" \/>\n<meta property=\"og:description\" content=\"F\u00fcr noch mehr Komfort beim Saunieren sorgt diese ergonomische Weka Kopfst\u00fctze. Sie passt sich ideal an Ihre Kopfform an.\" \/>\n<meta property=\"og:url\" content=\"https:\/\/www.softub.ch\/produkt\/ergonomische-weka-kopfstuetze\/\" \/>\n<meta property=\"og:site_name\" content=\"Softub Schweiz\" \/>\n<meta property=\"article:publisher\" content=\"https:\/\/www.facebook.com\/softubschweiz\" \/>\n<meta property=\"article:modified_time\" content=\"2024-09-17T14:20:31+00:00\" \/>\n<meta property=\"og:image\" content=\"https:\/\/www.softub.ch\/wp-content\/uploads\/weka-kopfst\u00fctze.jpg\" \/>\n\t<meta property=\"og:image:width\" content=\"440\" \/>\n\t<meta property=\"og:image:height\" content=\"330\" \/>\n\t<meta property=\"og:image:type\" content=\"image\/jpeg\" \/>\n<meta name=\"twitter:card\" content=\"summary_large_image\" \/>\n<meta name=\"twitter:label1\" content=\"Dur\u00e9e de lecture estim\u00e9e\" \/>\n\t<meta name=\"twitter:data1\" content=\"1 minute\" \/>\n<script type=\"application\/ld+json\" class=\"yoast-schema-graph\">{\"@context\":\"https:\\\/\\\/schema.org\",\"@graph\":[{\"@type\":\"WebPage\",\"@id\":\"https:\\\/\\\/www.softub.ch\\\/produkt\\\/ergonomische-weka-kopfstuetze\\\/\",\"url\":\"https:\\\/\\\/www.softub.ch\\\/produkt\\\/ergonomische-weka-kopfstuetze\\\/\",\"name\":\"Ergonomische Weka Kopfst\u00fctze - Entspannung f\u00e4ngt im Kopf an\",\"isPartOf\":{\"@id\":\"https:\\\/\\\/www.softub.ch\\\/fr\\\/#website\"},\"primaryImageOfPage\":{\"@id\":\"https:\\\/\\\/www.softub.ch\\\/produkt\\\/ergonomische-weka-kopfstuetze\\\/#primaryimage\"},\"image\":{\"@id\":\"https:\\\/\\\/www.softub.ch\\\/produkt\\\/ergonomische-weka-kopfstuetze\\\/#primaryimage\"},\"thumbnailUrl\":\"https:\\\/\\\/www.softub.ch\\\/wp-content\\\/uploads\\\/weka-kopfst\u00fctze.jpg\",\"datePublished\":\"2020-01-12T08:03:37+00:00\",\"dateModified\":\"2024-09-17T14:20:31+00:00\",\"description\":\"F\u00fcr noch mehr Komfort beim Saunieren sorgt diese ergonomische Weka Kopfst\u00fctze. Sie passt sich ideal an Ihre Kopfform an.\",\"breadcrumb\":{\"@id\":\"https:\\\/\\\/www.softub.ch\\\/produkt\\\/ergonomische-weka-kopfstuetze\\\/#breadcrumb\"},\"inLanguage\":\"fr-FR\",\"potentialAction\":[{\"@type\":\"ReadAction\",\"target\":[\"https:\\\/\\\/www.softub.ch\\\/produkt\\\/ergonomische-weka-kopfstuetze\\\/\"]}]},{\"@type\":\"ImageObject\",\"inLanguage\":\"fr-FR\",\"@id\":\"https:\\\/\\\/www.softub.ch\\\/produkt\\\/ergonomische-weka-kopfstuetze\\\/#primaryimage\",\"url\":\"https:\\\/\\\/www.softub.ch\\\/wp-content\\\/uploads\\\/weka-kopfst\u00fctze.jpg\",\"contentUrl\":\"https:\\\/\\\/www.softub.ch\\\/wp-content\\\/uploads\\\/weka-kopfst\u00fctze.jpg\",\"width\":440,\"height\":330,\"caption\":\"Weka ergonomische Kopfst\u00fctze. Softub Schweiz. Softub.\"},{\"@type\":\"BreadcrumbList\",\"@id\":\"https:\\\/\\\/www.softub.ch\\\/produkt\\\/ergonomische-weka-kopfstuetze\\\/#breadcrumb\",\"itemListElement\":[{\"@type\":\"ListItem\",\"position\":1,\"name\":\"Startseite\",\"item\":\"https:\\\/\\\/www.softub.ch\\\/fr\\\/\"},{\"@type\":\"ListItem\",\"position\":2,\"name\":\"Shop\",\"item\":\"https:\\\/\\\/www.softub.ch\\\/fr\\\/softub-suisse-shop\\\/\"},{\"@type\":\"ListItem\",\"position\":3,\"name\":\"Ergonomische Weka Kopfst\u00fctze &#8211; Entspannung f\u00e4ngt im Kopf an\"}]},{\"@type\":\"WebSite\",\"@id\":\"https:\\\/\\\/www.softub.ch\\\/fr\\\/#website\",\"url\":\"https:\\\/\\\/www.softub.ch\\\/fr\\\/\",\"name\":\"Softub Schweiz\",\"description\":\"Softub - Wir machen Ferien Zuhause\",\"publisher\":{\"@id\":\"https:\\\/\\\/www.softub.ch\\\/fr\\\/#organization\"},\"potentialAction\":[{\"@type\":\"SearchAction\",\"target\":{\"@type\":\"EntryPoint\",\"urlTemplate\":\"https:\\\/\\\/www.softub.ch\\\/fr\\\/?s={search_term_string}\"},\"query-input\":{\"@type\":\"PropertyValueSpecification\",\"valueRequired\":true,\"valueName\":\"search_term_string\"}}],\"inLanguage\":\"fr-FR\"},{\"@type\":\"Organization\",\"@id\":\"https:\\\/\\\/www.softub.ch\\\/fr\\\/#organization\",\"name\":\"Softub Schweiz AG\",\"url\":\"https:\\\/\\\/www.softub.ch\\\/fr\\\/\",\"logo\":{\"@type\":\"ImageObject\",\"inLanguage\":\"fr-FR\",\"@id\":\"https:\\\/\\\/www.softub.ch\\\/fr\\\/#\\\/schema\\\/logo\\\/image\\\/\",\"url\":\"https:\\\/\\\/www.softub.ch\\\/wp-content\\\/uploads\\\/Softub-Logo-Softub-Schweiz-.png\",\"contentUrl\":\"https:\\\/\\\/www.softub.ch\\\/wp-content\\\/uploads\\\/Softub-Logo-Softub-Schweiz-.png\",\"width\":200,\"height\":73,\"caption\":\"Softub Schweiz AG\"},\"image\":{\"@id\":\"https:\\\/\\\/www.softub.ch\\\/fr\\\/#\\\/schema\\\/logo\\\/image\\\/\"},\"sameAs\":[\"https:\\\/\\\/www.facebook.com\\\/softubschweiz\",\"https:\\\/\\\/www.instagram.com\\\/softub_schweiz\\\/\",\"https:\\\/\\\/ch.pinterest.com\\\/softub_schweiz\\\/\",\"https:\\\/\\\/www.linkedin.com\\\/company\\\/softub-schweiz-ag\\\/\"]}]}<\/script>\n<!-- \/ Yoast SEO Premium plugin. -->","yoast_head_json":{"title":"Ergonomische Weka Kopfst\u00fctze - Entspannung f\u00e4ngt im Kopf an","description":"F\u00fcr noch mehr Komfort beim Saunieren sorgt diese ergonomische Weka Kopfst\u00fctze. Sie passt sich ideal an Ihre Kopfform an.","robots":{"index":"index","follow":"follow","max-snippet":"max-snippet:-1","max-image-preview":"max-image-preview:large","max-video-preview":"max-video-preview:-1"},"canonical":"https:\/\/www.softub.ch\/produkt\/ergonomische-weka-kopfstuetze\/","og_locale":"fr_FR","og_type":"article","og_title":"Ergonomische Weka Kopfst\u00fctze - Entspannung f\u00e4ngt im Kopf an","og_description":"F\u00fcr noch mehr Komfort beim Saunieren sorgt diese ergonomische Weka Kopfst\u00fctze. Sie passt sich ideal an Ihre Kopfform an.","og_url":"https:\/\/www.softub.ch\/produkt\/ergonomische-weka-kopfstuetze\/","og_site_name":"Softub Schweiz","article_publisher":"https:\/\/www.facebook.com\/softubschweiz","article_modified_time":"2024-09-17T14:20:31+00:00","og_image":[{"width":440,"height":330,"url":"https:\/\/www.softub.ch\/wp-content\/uploads\/weka-kopfst\u00fctze.jpg","type":"image\/jpeg"}],"twitter_card":"summary_large_image","twitter_misc":{"Dur\u00e9e de lecture estim\u00e9e":"1 minute"},"schema":{"@context":"https:\/\/schema.org","@graph":[{"@type":"WebPage","@id":"https:\/\/www.softub.ch\/produkt\/ergonomische-weka-kopfstuetze\/","url":"https:\/\/www.softub.ch\/produkt\/ergonomische-weka-kopfstuetze\/","name":"Ergonomische Weka Kopfst\u00fctze - Entspannung f\u00e4ngt im Kopf an","isPartOf":{"@id":"https:\/\/www.softub.ch\/fr\/#website"},"primaryImageOfPage":{"@id":"https:\/\/www.softub.ch\/produkt\/ergonomische-weka-kopfstuetze\/#primaryimage"},"image":{"@id":"https:\/\/www.softub.ch\/produkt\/ergonomische-weka-kopfstuetze\/#primaryimage"},"thumbnailUrl":"https:\/\/www.softub.ch\/wp-content\/uploads\/weka-kopfst\u00fctze.jpg","datePublished":"2020-01-12T08:03:37+00:00","dateModified":"2024-09-17T14:20:31+00:00","description":"F\u00fcr noch mehr Komfort beim Saunieren sorgt diese ergonomische Weka Kopfst\u00fctze. Sie passt sich ideal an Ihre Kopfform an.","breadcrumb":{"@id":"https:\/\/www.softub.ch\/produkt\/ergonomische-weka-kopfstuetze\/#breadcrumb"},"inLanguage":"fr-FR","potentialAction":[{"@type":"ReadAction","target":["https:\/\/www.softub.ch\/produkt\/ergonomische-weka-kopfstuetze\/"]}]},{"@type":"ImageObject","inLanguage":"fr-FR","@id":"https:\/\/www.softub.ch\/produkt\/ergonomische-weka-kopfstuetze\/#primaryimage","url":"https:\/\/www.softub.ch\/wp-content\/uploads\/weka-kopfst\u00fctze.jpg","contentUrl":"https:\/\/www.softub.ch\/wp-content\/uploads\/weka-kopfst\u00fctze.jpg","width":440,"height":330,"caption":"Weka ergonomische Kopfst\u00fctze. Softub Schweiz. Softub."},{"@type":"BreadcrumbList","@id":"https:\/\/www.softub.ch\/produkt\/ergonomische-weka-kopfstuetze\/#breadcrumb","itemListElement":[{"@type":"ListItem","position":1,"name":"Startseite","item":"https:\/\/www.softub.ch\/fr\/"},{"@type":"ListItem","position":2,"name":"Shop","item":"https:\/\/www.softub.ch\/fr\/softub-suisse-shop\/"},{"@type":"ListItem","position":3,"name":"Ergonomische Weka Kopfst\u00fctze &#8211; Entspannung f\u00e4ngt im Kopf an"}]},{"@type":"WebSite","@id":"https:\/\/www.softub.ch\/fr\/#website","url":"https:\/\/www.softub.ch\/fr\/","name":"Softub Schweiz","description":"Softub - Wir machen Ferien Zuhause","publisher":{"@id":"https:\/\/www.softub.ch\/fr\/#organization"},"potentialAction":[{"@type":"SearchAction","target":{"@type":"EntryPoint","urlTemplate":"https:\/\/www.softub.ch\/fr\/?s={search_term_string}"},"query-input":{"@type":"PropertyValueSpecification","valueRequired":true,"valueName":"search_term_string"}}],"inLanguage":"fr-FR"},{"@type":"Organization","@id":"https:\/\/www.softub.ch\/fr\/#organization","name":"Softub Schweiz AG","url":"https:\/\/www.softub.ch\/fr\/","logo":{"@type":"ImageObject","inLanguage":"fr-FR","@id":"https:\/\/www.softub.ch\/fr\/#\/schema\/logo\/image\/","url":"https:\/\/www.softub.ch\/wp-content\/uploads\/Softub-Logo-Softub-Schweiz-.png","contentUrl":"https:\/\/www.softub.ch\/wp-content\/uploads\/Softub-Logo-Softub-Schweiz-.png","width":200,"height":73,"caption":"Softub Schweiz AG"},"image":{"@id":"https:\/\/www.softub.ch\/fr\/#\/schema\/logo\/image\/"},"sameAs":["https:\/\/www.facebook.com\/softubschweiz","https:\/\/www.instagram.com\/softub_schweiz\/","https:\/\/ch.pinterest.com\/softub_schweiz\/","https:\/\/www.linkedin.com\/company\/softub-schweiz-ag\/"]}]}},"_links":{"self":[{"href":"https:\/\/www.softub.ch\/fr\/wp-json\/wp\/v2\/product\/7760","targetHints":{"allow":["GET"]}}],"collection":[{"href":"https:\/\/www.softub.ch\/fr\/wp-json\/wp\/v2\/product"}],"about":[{"href":"https:\/\/www.softub.ch\/fr\/wp-json\/wp\/v2\/types\/product"}],"wp:featuredmedia":[{"embeddable":true,"href":"https:\/\/www.softub.ch\/fr\/wp-json\/wp\/v2\/media\/7763"}],"wp:attachment":[{"href":"https:\/\/www.softub.ch\/fr\/wp-json\/wp\/v2\/media?parent=7760"}],"wp:term":[{"taxonomy":"product_brand","embeddable":true,"href":"https:\/\/www.softub.ch\/fr\/wp-json\/wp\/v2\/product_brand?post=7760"},{"taxonomy":"product_cat","embeddable":true,"href":"https:\/\/www.softub.ch\/fr\/wp-json\/wp\/v2\/product_cat?post=7760"},{"taxonomy":"product_tag","embeddable":true,"href":"https:\/\/www.softub.ch\/fr\/wp-json\/wp\/v2\/product_tag?post=7760"},{"taxonomy":"woo-feed-brand","embeddable":true,"href":"https:\/\/www.softub.ch\/fr\/wp-json\/wp\/v2\/woo-feed-brand?post=7760"}],"curies":[{"name":"wp","href":"https:\/\/api.w.org\/{rel}","templated":true}]}}