{"id":7881,"date":"2020-01-12T14:01:52","date_gmt":"2020-01-12T13:01:52","guid":{"rendered":"http:\/\/www.softub.ch\/?post_type=product&#038;p=7881"},"modified":"2024-09-17T16:20:36","modified_gmt":"2024-09-17T14:20:36","slug":"weka-premium-zubehoer-set","status":"publish","type":"product","link":"https:\/\/www.softub.ch\/fr\/produit\/weka-premium-zubehoer-set\/","title":{"rendered":"Weka Premium Zubeh\u00f6r-Set &#8211; von Profis f\u00fcr Profis gemacht"},"content":{"rendered":"<h1><span style=\"color: #429bba\">Weka Premium Zubeh\u00f6r Set<\/span><\/h1>\n<p>Im Weka Premium Zubeh\u00f6r Set ist f\u00fcr Ihren n\u00e4chsten Saunagang alles dabei. Die Baderegeln helfen nicht nur Anf\u00e4ngern beim richtigen Entspannen. Im Set enthalten sind ausserdem ein Aufgussk\u00fcbel, eine Sch\u00f6pfkelle, eine Sanduhr und ein Klimamesser.<\/p>\n<p>Bestehend aus:<\/p>\n<ul>\n<li>Aufgussk\u00fcbel<\/li>\n<li>Sch\u00f6pfkelle<\/li>\n<li>Klimamesser<\/li>\n<li>Sanduhr<\/li>\n<li>Sauna-Baderegeln<\/li>\n<\/ul>\n<p>&nbsp;<\/p>\n<h3 data-fontsize=\"18\" data-lineheight=\"25\">Warum Weka?<\/h3>\n<p>Dank dem vielseitigen Saunazubeh\u00f6r von Weka, machen Sie Ihren Saunagang zu einem einzigartigen Erlebnis. Vom Peelingsalz bis zum Aufgussk\u00fcbel \u2013 erg\u00e4nzen Sie Ihre Grundausstattung mit passenden Produkten von WEKA. F\u00fcr absolute Entspannung sorgen ausserdem unsere Lendenst\u00fctzen f\u00fcr Saunaliegen. Diese lassen sich individuell an Ihre R\u00fcckenform anpassen und entlasten den R\u00fccken sp\u00fcrbar.<\/p>\n<p>Zur gezielten Entlastung verschiedener K\u00f6rperzonen finden Sie in unserem Sortiment ausserdem Kopf-, R\u00fccken- und Venenst\u00fctzen sowie ergonomisch geformte Wellnessliegen, die Sie variabel einsetzen k\u00f6nnen. Das Sauna-Zubeh\u00f6r-Set mit Sch\u00f6pfkelle, K\u00fcbel und Baderegeln sowie verschiedene Aufgusskonzentrate runden Ihren Saunagang ab.<\/p>\n<p>&nbsp;<\/p>\n<h3>Weiteres Saunazubeh\u00f6r von Weka:<\/h3>\n<p>Wir haben ein reichhaltiges Zubeh\u00f6rsortiment f\u00fcr Sie zusammengestellt, so dass Sie sich die passenden Produkte in Ruhe in unserem Onlineshop ausw\u00e4hlen k\u00f6nnen. Wenn Sie sich dar\u00fcber hinaus Ihre ganz pers\u00f6nliche Wellness-Oase schaffen wollen, so schauen Sie sich doch einfach unsere Softub <a href=\"https:\/\/softub.ch\/simply-relaxing\/softub-whirlpools\/\">Whirlpools<\/a> an \u2013 eventuell auch in Kombination mit einem <a href=\"https:\/\/meinschattenspender.ch\/\">Unosider-<\/a><a href=\"https:\/\/meinschattenspender.ch\/\">Pavillon<\/a>.<\/p>\n<p>Wir beraten Sie gerne, telefonisch, in einem unserer Showrooms oder bei Ihnen Zuhause.<\/p>\n","protected":false},"excerpt":{"rendered":"<h1><span style=\"color: #429bba\">Weka Premium Zubeh\u00f6r Set<\/span><\/h1>\n<p>Es beinhaltet alle Utensilien, die zum saunieren ben\u00f6tigt werden &#8211; ideal zur Ersteinrichtung.<\/p>\n","protected":false},"featured_media":7884,"template":"","meta":{"_acf_changed":false},"product_brand":[],"product_cat":[6294],"product_tag":[6321,468,461,1660,2315,4949,7615,1648,10090,1641,1659,270],"woo-feed-brand":[],"class_list":{"0":"post-7881","1":"product","2":"type-product","3":"status-publish","4":"has-post-thumbnail","6":"product_cat-accessoires-pour-sauna","7":"product_tag-sauna-fr","8":"product_tag-sauna-grundausstattung","9":"product_tag-sauna-zubehoer","10":"product_tag-saunazubehoerset","11":"product_tag-softub-fr-2","12":"product_tag-softub-suisse","13":"product_tag-weka-fr","14":"product_tag-weka-produkte","15":"product_tag-weka-saunen-fr","16":"product_tag-weka-saunen-fuer-innenraeume","17":"product_tag-weka-zubehoerset","18":"product_tag-wellness-fr","19":"product_shipping_class-post-20","21":"first","22":"instock","23":"taxable","24":"shipping-taxable","25":"purchasable","26":"product-type-simple"},"acf":[],"yoast_head":"<!-- This site is optimized with the Yoast SEO Premium plugin v27.5 (Yoast SEO v27.5) - https:\/\/yoast.com\/product\/yoast-seo-premium-wordpress\/ -->\n<title>Weka Premium Zubeh\u00f6r Set - von Profis f\u00fcr Profis gemacht<\/title>\n<meta name=\"description\" content=\"Das Weka Premium Zubeh\u00f6r Set! Original Produkte von Weka, Aufgussk\u00fcbel, Sch\u00f6pfkelle, Klimamesser, Sanduhr und Sauna-Baderegeln.\" \/>\n<meta name=\"robots\" content=\"index, follow, max-snippet:-1, max-image-preview:large, max-video-preview:-1\" \/>\n<link rel=\"canonical\" href=\"https:\/\/www.softub.ch\/produkt\/weka-premium-zubehoer-set\/\" \/>\n<meta property=\"og:locale\" content=\"fr_FR\" \/>\n<meta property=\"og:type\" content=\"article\" \/>\n<meta property=\"og:title\" content=\"Weka Premium Zubeh\u00f6r-Set - von Profis f\u00fcr Profis gemacht\" \/>\n<meta property=\"og:description\" content=\"Das Weka Premium Zubeh\u00f6r Set! Original Produkte von Weka, Aufgussk\u00fcbel, Sch\u00f6pfkelle, Klimamesser, Sanduhr und Sauna-Baderegeln.\" \/>\n<meta property=\"og:url\" content=\"https:\/\/www.softub.ch\/produkt\/weka-premium-zubehoer-set\/\" \/>\n<meta property=\"og:site_name\" content=\"Softub Schweiz\" \/>\n<meta property=\"article:publisher\" content=\"https:\/\/www.facebook.com\/softubschweiz\" \/>\n<meta property=\"article:modified_time\" content=\"2024-09-17T14:20:36+00:00\" \/>\n<meta property=\"og:image\" content=\"https:\/\/www.softub.ch\/wp-content\/uploads\/weka-zubeh\u00f6rsetjpg.jpg\" \/>\n\t<meta property=\"og:image:width\" content=\"440\" \/>\n\t<meta property=\"og:image:height\" content=\"330\" \/>\n\t<meta property=\"og:image:type\" content=\"image\/jpeg\" \/>\n<meta name=\"twitter:card\" content=\"summary_large_image\" \/>\n<meta name=\"twitter:label1\" content=\"Dur\u00e9e de lecture estim\u00e9e\" \/>\n\t<meta name=\"twitter:data1\" content=\"1 minute\" \/>\n<script type=\"application\/ld+json\" class=\"yoast-schema-graph\">{\"@context\":\"https:\\\/\\\/schema.org\",\"@graph\":[{\"@type\":\"WebPage\",\"@id\":\"https:\\\/\\\/www.softub.ch\\\/produkt\\\/weka-premium-zubehoer-set\\\/\",\"url\":\"https:\\\/\\\/www.softub.ch\\\/produkt\\\/weka-premium-zubehoer-set\\\/\",\"name\":\"Weka Premium Zubeh\u00f6r Set - von Profis f\u00fcr Profis gemacht\",\"isPartOf\":{\"@id\":\"https:\\\/\\\/www.softub.ch\\\/fr\\\/#website\"},\"primaryImageOfPage\":{\"@id\":\"https:\\\/\\\/www.softub.ch\\\/produkt\\\/weka-premium-zubehoer-set\\\/#primaryimage\"},\"image\":{\"@id\":\"https:\\\/\\\/www.softub.ch\\\/produkt\\\/weka-premium-zubehoer-set\\\/#primaryimage\"},\"thumbnailUrl\":\"https:\\\/\\\/www.softub.ch\\\/wp-content\\\/uploads\\\/weka-zubeh\u00f6rsetjpg.jpg\",\"datePublished\":\"2020-01-12T13:01:52+00:00\",\"dateModified\":\"2024-09-17T14:20:36+00:00\",\"description\":\"Das Weka Premium Zubeh\u00f6r Set! Original Produkte von Weka, Aufgussk\u00fcbel, Sch\u00f6pfkelle, Klimamesser, Sanduhr und Sauna-Baderegeln.\",\"breadcrumb\":{\"@id\":\"https:\\\/\\\/www.softub.ch\\\/produkt\\\/weka-premium-zubehoer-set\\\/#breadcrumb\"},\"inLanguage\":\"fr-FR\",\"potentialAction\":[{\"@type\":\"ReadAction\",\"target\":[\"https:\\\/\\\/www.softub.ch\\\/produkt\\\/weka-premium-zubehoer-set\\\/\"]}]},{\"@type\":\"ImageObject\",\"inLanguage\":\"fr-FR\",\"@id\":\"https:\\\/\\\/www.softub.ch\\\/produkt\\\/weka-premium-zubehoer-set\\\/#primaryimage\",\"url\":\"https:\\\/\\\/www.softub.ch\\\/wp-content\\\/uploads\\\/weka-zubeh\u00f6rsetjpg.jpg\",\"contentUrl\":\"https:\\\/\\\/www.softub.ch\\\/wp-content\\\/uploads\\\/weka-zubeh\u00f6rsetjpg.jpg\",\"width\":440,\"height\":330,\"caption\":\"Weka Premium Saunazubeh\u00f6r Set. Softub Schweiz. Softub.\"},{\"@type\":\"BreadcrumbList\",\"@id\":\"https:\\\/\\\/www.softub.ch\\\/produkt\\\/weka-premium-zubehoer-set\\\/#breadcrumb\",\"itemListElement\":[{\"@type\":\"ListItem\",\"position\":1,\"name\":\"Startseite\",\"item\":\"https:\\\/\\\/www.softub.ch\\\/fr\\\/\"},{\"@type\":\"ListItem\",\"position\":2,\"name\":\"Shop\",\"item\":\"https:\\\/\\\/www.softub.ch\\\/fr\\\/softub-suisse-shop\\\/\"},{\"@type\":\"ListItem\",\"position\":3,\"name\":\"Weka Premium Zubeh\u00f6r-Set &#8211; von Profis f\u00fcr Profis gemacht\"}]},{\"@type\":\"WebSite\",\"@id\":\"https:\\\/\\\/www.softub.ch\\\/fr\\\/#website\",\"url\":\"https:\\\/\\\/www.softub.ch\\\/fr\\\/\",\"name\":\"Softub Schweiz\",\"description\":\"Softub - Wir machen Ferien Zuhause\",\"publisher\":{\"@id\":\"https:\\\/\\\/www.softub.ch\\\/fr\\\/#organization\"},\"potentialAction\":[{\"@type\":\"SearchAction\",\"target\":{\"@type\":\"EntryPoint\",\"urlTemplate\":\"https:\\\/\\\/www.softub.ch\\\/fr\\\/?s={search_term_string}\"},\"query-input\":{\"@type\":\"PropertyValueSpecification\",\"valueRequired\":true,\"valueName\":\"search_term_string\"}}],\"inLanguage\":\"fr-FR\"},{\"@type\":\"Organization\",\"@id\":\"https:\\\/\\\/www.softub.ch\\\/fr\\\/#organization\",\"name\":\"Softub Schweiz AG\",\"url\":\"https:\\\/\\\/www.softub.ch\\\/fr\\\/\",\"logo\":{\"@type\":\"ImageObject\",\"inLanguage\":\"fr-FR\",\"@id\":\"https:\\\/\\\/www.softub.ch\\\/fr\\\/#\\\/schema\\\/logo\\\/image\\\/\",\"url\":\"https:\\\/\\\/www.softub.ch\\\/wp-content\\\/uploads\\\/Softub-Logo-Softub-Schweiz-.png\",\"contentUrl\":\"https:\\\/\\\/www.softub.ch\\\/wp-content\\\/uploads\\\/Softub-Logo-Softub-Schweiz-.png\",\"width\":200,\"height\":73,\"caption\":\"Softub Schweiz AG\"},\"image\":{\"@id\":\"https:\\\/\\\/www.softub.ch\\\/fr\\\/#\\\/schema\\\/logo\\\/image\\\/\"},\"sameAs\":[\"https:\\\/\\\/www.facebook.com\\\/softubschweiz\",\"https:\\\/\\\/www.instagram.com\\\/softub_schweiz\\\/\",\"https:\\\/\\\/ch.pinterest.com\\\/softub_schweiz\\\/\",\"https:\\\/\\\/www.linkedin.com\\\/company\\\/softub-schweiz-ag\\\/\"]}]}<\/script>\n<!-- \/ Yoast SEO Premium plugin. -->","yoast_head_json":{"title":"Weka Premium Zubeh\u00f6r Set - von Profis f\u00fcr Profis gemacht","description":"Das Weka Premium Zubeh\u00f6r Set! Original Produkte von Weka, Aufgussk\u00fcbel, Sch\u00f6pfkelle, Klimamesser, Sanduhr und Sauna-Baderegeln.","robots":{"index":"index","follow":"follow","max-snippet":"max-snippet:-1","max-image-preview":"max-image-preview:large","max-video-preview":"max-video-preview:-1"},"canonical":"https:\/\/www.softub.ch\/produkt\/weka-premium-zubehoer-set\/","og_locale":"fr_FR","og_type":"article","og_title":"Weka Premium Zubeh\u00f6r-Set - von Profis f\u00fcr Profis gemacht","og_description":"Das Weka Premium Zubeh\u00f6r Set! Original Produkte von Weka, Aufgussk\u00fcbel, Sch\u00f6pfkelle, Klimamesser, Sanduhr und Sauna-Baderegeln.","og_url":"https:\/\/www.softub.ch\/produkt\/weka-premium-zubehoer-set\/","og_site_name":"Softub Schweiz","article_publisher":"https:\/\/www.facebook.com\/softubschweiz","article_modified_time":"2024-09-17T14:20:36+00:00","og_image":[{"width":440,"height":330,"url":"https:\/\/www.softub.ch\/wp-content\/uploads\/weka-zubeh\u00f6rsetjpg.jpg","type":"image\/jpeg"}],"twitter_card":"summary_large_image","twitter_misc":{"Dur\u00e9e de lecture estim\u00e9e":"1 minute"},"schema":{"@context":"https:\/\/schema.org","@graph":[{"@type":"WebPage","@id":"https:\/\/www.softub.ch\/produkt\/weka-premium-zubehoer-set\/","url":"https:\/\/www.softub.ch\/produkt\/weka-premium-zubehoer-set\/","name":"Weka Premium Zubeh\u00f6r Set - von Profis f\u00fcr Profis gemacht","isPartOf":{"@id":"https:\/\/www.softub.ch\/fr\/#website"},"primaryImageOfPage":{"@id":"https:\/\/www.softub.ch\/produkt\/weka-premium-zubehoer-set\/#primaryimage"},"image":{"@id":"https:\/\/www.softub.ch\/produkt\/weka-premium-zubehoer-set\/#primaryimage"},"thumbnailUrl":"https:\/\/www.softub.ch\/wp-content\/uploads\/weka-zubeh\u00f6rsetjpg.jpg","datePublished":"2020-01-12T13:01:52+00:00","dateModified":"2024-09-17T14:20:36+00:00","description":"Das Weka Premium Zubeh\u00f6r Set! Original Produkte von Weka, Aufgussk\u00fcbel, Sch\u00f6pfkelle, Klimamesser, Sanduhr und Sauna-Baderegeln.","breadcrumb":{"@id":"https:\/\/www.softub.ch\/produkt\/weka-premium-zubehoer-set\/#breadcrumb"},"inLanguage":"fr-FR","potentialAction":[{"@type":"ReadAction","target":["https:\/\/www.softub.ch\/produkt\/weka-premium-zubehoer-set\/"]}]},{"@type":"ImageObject","inLanguage":"fr-FR","@id":"https:\/\/www.softub.ch\/produkt\/weka-premium-zubehoer-set\/#primaryimage","url":"https:\/\/www.softub.ch\/wp-content\/uploads\/weka-zubeh\u00f6rsetjpg.jpg","contentUrl":"https:\/\/www.softub.ch\/wp-content\/uploads\/weka-zubeh\u00f6rsetjpg.jpg","width":440,"height":330,"caption":"Weka Premium Saunazubeh\u00f6r Set. Softub Schweiz. Softub."},{"@type":"BreadcrumbList","@id":"https:\/\/www.softub.ch\/produkt\/weka-premium-zubehoer-set\/#breadcrumb","itemListElement":[{"@type":"ListItem","position":1,"name":"Startseite","item":"https:\/\/www.softub.ch\/fr\/"},{"@type":"ListItem","position":2,"name":"Shop","item":"https:\/\/www.softub.ch\/fr\/softub-suisse-shop\/"},{"@type":"ListItem","position":3,"name":"Weka Premium Zubeh\u00f6r-Set &#8211; von Profis f\u00fcr Profis gemacht"}]},{"@type":"WebSite","@id":"https:\/\/www.softub.ch\/fr\/#website","url":"https:\/\/www.softub.ch\/fr\/","name":"Softub Schweiz","description":"Softub - Wir machen Ferien Zuhause","publisher":{"@id":"https:\/\/www.softub.ch\/fr\/#organization"},"potentialAction":[{"@type":"SearchAction","target":{"@type":"EntryPoint","urlTemplate":"https:\/\/www.softub.ch\/fr\/?s={search_term_string}"},"query-input":{"@type":"PropertyValueSpecification","valueRequired":true,"valueName":"search_term_string"}}],"inLanguage":"fr-FR"},{"@type":"Organization","@id":"https:\/\/www.softub.ch\/fr\/#organization","name":"Softub Schweiz AG","url":"https:\/\/www.softub.ch\/fr\/","logo":{"@type":"ImageObject","inLanguage":"fr-FR","@id":"https:\/\/www.softub.ch\/fr\/#\/schema\/logo\/image\/","url":"https:\/\/www.softub.ch\/wp-content\/uploads\/Softub-Logo-Softub-Schweiz-.png","contentUrl":"https:\/\/www.softub.ch\/wp-content\/uploads\/Softub-Logo-Softub-Schweiz-.png","width":200,"height":73,"caption":"Softub Schweiz AG"},"image":{"@id":"https:\/\/www.softub.ch\/fr\/#\/schema\/logo\/image\/"},"sameAs":["https:\/\/www.facebook.com\/softubschweiz","https:\/\/www.instagram.com\/softub_schweiz\/","https:\/\/ch.pinterest.com\/softub_schweiz\/","https:\/\/www.linkedin.com\/company\/softub-schweiz-ag\/"]}]}},"_links":{"self":[{"href":"https:\/\/www.softub.ch\/fr\/wp-json\/wp\/v2\/product\/7881","targetHints":{"allow":["GET"]}}],"collection":[{"href":"https:\/\/www.softub.ch\/fr\/wp-json\/wp\/v2\/product"}],"about":[{"href":"https:\/\/www.softub.ch\/fr\/wp-json\/wp\/v2\/types\/product"}],"wp:featuredmedia":[{"embeddable":true,"href":"https:\/\/www.softub.ch\/fr\/wp-json\/wp\/v2\/media\/7884"}],"wp:attachment":[{"href":"https:\/\/www.softub.ch\/fr\/wp-json\/wp\/v2\/media?parent=7881"}],"wp:term":[{"taxonomy":"product_brand","embeddable":true,"href":"https:\/\/www.softub.ch\/fr\/wp-json\/wp\/v2\/product_brand?post=7881"},{"taxonomy":"product_cat","embeddable":true,"href":"https:\/\/www.softub.ch\/fr\/wp-json\/wp\/v2\/product_cat?post=7881"},{"taxonomy":"product_tag","embeddable":true,"href":"https:\/\/www.softub.ch\/fr\/wp-json\/wp\/v2\/product_tag?post=7881"},{"taxonomy":"woo-feed-brand","embeddable":true,"href":"https:\/\/www.softub.ch\/fr\/wp-json\/wp\/v2\/woo-feed-brand?post=7881"}],"curies":[{"name":"wp","href":"https:\/\/api.w.org\/{rel}","templated":true}]}}