{"id":7931,"date":"2020-01-12T15:04:18","date_gmt":"2020-01-12T14:04:18","guid":{"rendered":"http:\/\/www.softub.ch\/?post_type=product&#038;p=7931"},"modified":"2024-09-16T13:53:30","modified_gmt":"2024-09-16T11:53:30","slug":"weka-sanduhr","status":"publish","type":"product","link":"https:\/\/www.softub.ch\/fr\/produit\/weka-sanduhr\/","title":{"rendered":"Weka Sanduhr &#8211; die Zeit vergeht schneller als gedacht"},"content":{"rendered":"<h1><span style=\"color: #37a6ba\">Weka Sanduhr<\/span><\/h1>\n<p>Mit der Weka Sanduhr k\u00f6nnen Sie die Dauer Ihres Saunaganges selbst bestimmen und gleichzeitig die Zeit im Auge behalten. Sie ist drehbar und besteht aus naturbelassenem Holz. Diese Sanduhr ist ein sehr praktisches Accessoire in jeder Sauna.<\/p>\n<p>&nbsp;<\/p>\n<h3>Produktvorteile:<\/h3>\n<ul>\n<li>Drehbar<\/li>\n<li>Aus hochwertigem, naturbelassenem Holz<\/li>\n<\/ul>\n<p>&nbsp;<\/p>\n<h3 data-fontsize=\"18\" data-lineheight=\"25\">Warum Weka?<\/h3>\n<p>Dank dem vielseitigen Saunazubeh\u00f6r von Weka, machen Sie Ihren Saunagang zu einem einzigartigen Erlebnis. Vom Peelingsalz bis zum Aufgussk\u00fcbel \u2013 erg\u00e4nzen Sie Ihre Grundausstattung mit passenden Produkten von WEKA. F\u00fcr absolute Entspannung sorgen ausserdem unsere Lendenst\u00fctzen f\u00fcr Saunaliegen. Diese lassen sich individuell an Ihre R\u00fcckenform anpassen und entlasten den R\u00fccken sp\u00fcrbar.<\/p>\n<p>Zur gezielten Entlastung verschiedener K\u00f6rperzonen finden Sie in unserem Sortiment ausserdem Kopf-, R\u00fccken- und Venenst\u00fctzen sowie ergonomisch geformte Wellnessliegen, die Sie variabel einsetzen k\u00f6nnen. Das Sauna-Zubeh\u00f6r-Set mit Sch\u00f6pfkelle, K\u00fcbel und Baderegeln sowie verschiedene Aufgusskonzentrate runden Ihren Saunagang ab.<\/p>\n<p>&nbsp;<\/p>\n<h3>Weiteres Saunazubeh\u00f6r von Weka:<\/h3>\n<p>Wir haben ein reichhaltiges Zubeh\u00f6rsortiment f\u00fcr Sie zusammengestellt, so dass Sie sich die passenden Produkte in Ruhe in unserem Onlineshop ausw\u00e4hlen k\u00f6nnen. Wenn Sie sich dar\u00fcber hinaus Ihre ganz pers\u00f6nliche Wellness-Oase schaffen wollen, so schauen Sie sich doch einfach unsere Softub <a href=\"https:\/\/softub.ch\/simply-relaxing\/softub-whirlpools\/\">Whirlpools<\/a> an \u2013 eventuell auch in Kombination mit einem <a href=\"https:\/\/meinschattenspender.ch\/\">Unosider-<\/a><a href=\"https:\/\/meinschattenspender.ch\/\">Pavillon<\/a>.<\/p>\n<p>Wir beraten Sie gerne, telefonisch, in einem unserer Showrooms oder bei Ihnen Zuhause.<\/p>\n","protected":false},"excerpt":{"rendered":"<h1><span style=\"color: #37a6ba\">Weka Sanduhr<\/span><\/h1>\n<p>Drehbar und aus naturbelassenem Holz ist die Sanduhr ein sehr praktisches Accessoire in jeder Sauna.<\/p>\n","protected":false},"featured_media":7934,"template":"","meta":{"_acf_changed":false},"product_brand":[],"product_cat":[591],"product_tag":[4004,4005,4006,477,430,2829,468,2828,479,461,478,1655,3040,431,1202,1666,184,4027],"woo-feed-brand":[],"class_list":{"0":"post-7931","1":"product","2":"type-product","3":"status-publish","4":"has-post-thumbnail","6":"product_cat-saunazubehoer","7":"product_tag-die-besten-saunen","8":"product_tag-die-schoensten-saunen","9":"product_tag-holz-sauna","10":"product_tag-sanduhr","11":"product_tag-sauna","12":"product_tag-sauna-aus-holz","13":"product_tag-sauna-grundausstattung","14":"product_tag-sauna-von-weka","15":"product_tag-sauna-sanduhr","16":"product_tag-sauna-zubehoer","17":"product_tag-saunasanduhr","18":"product_tag-saunazubehoer-von-weka","19":"product_tag-softub-schweiz-ag","20":"product_tag-weka","21":"product_tag-weka-sauna","22":"product_tag-weka-saunazubehoer","23":"product_tag-wellness","24":"product_tag-zubehoer-von-sauna","25":"product_shipping_class-post-20","27":"first","28":"instock","29":"taxable","30":"shipping-taxable","31":"purchasable","32":"product-type-simple"},"acf":[],"yoast_head":"<!-- This site is optimized with the Yoast SEO Premium plugin v27.4 (Yoast SEO v27.4) - https:\/\/yoast.com\/product\/yoast-seo-premium-wordpress\/ -->\n<title>Weka Sanduhr - die Zeit vergeht schneller als gedacht<\/title>\n<meta name=\"description\" content=\"Drehbar und aus naturbelassenem Holz ist die Weka Sanduhr ein sehr praktisches und wichtiges Accessoire in jeder Sauna und darf nicht fehlen.\" \/>\n<meta name=\"robots\" content=\"index, follow, max-snippet:-1, max-image-preview:large, max-video-preview:-1\" \/>\n<link rel=\"canonical\" href=\"https:\/\/www.softub.ch\/produkt\/weka-sanduhr\/\" \/>\n<meta property=\"og:locale\" content=\"fr_FR\" \/>\n<meta property=\"og:type\" content=\"article\" \/>\n<meta property=\"og:title\" content=\"Weka Sanduhr - die Zeit vergeht schneller als gedacht\" \/>\n<meta property=\"og:description\" content=\"Drehbar und aus naturbelassenem Holz ist die Weka Sanduhr ein sehr praktisches und wichtiges Accessoire in jeder Sauna und darf nicht fehlen.\" \/>\n<meta property=\"og:url\" content=\"https:\/\/www.softub.ch\/produkt\/weka-sanduhr\/\" \/>\n<meta property=\"og:site_name\" content=\"Softub Schweiz\" \/>\n<meta property=\"article:publisher\" content=\"https:\/\/www.facebook.com\/softubschweiz\" \/>\n<meta property=\"article:modified_time\" content=\"2024-09-16T11:53:30+00:00\" \/>\n<meta property=\"og:image\" content=\"https:\/\/www.softub.ch\/wp-content\/uploads\/weka-sanduhr.jpg\" \/>\n\t<meta property=\"og:image:width\" content=\"440\" \/>\n\t<meta property=\"og:image:height\" content=\"330\" \/>\n\t<meta property=\"og:image:type\" content=\"image\/jpeg\" \/>\n<meta name=\"twitter:card\" content=\"summary_large_image\" \/>\n<meta name=\"twitter:label1\" content=\"Dur\u00e9e de lecture estim\u00e9e\" \/>\n\t<meta name=\"twitter:data1\" content=\"1 minute\" \/>\n<script type=\"application\/ld+json\" class=\"yoast-schema-graph\">{\"@context\":\"https:\\\/\\\/schema.org\",\"@graph\":[{\"@type\":\"WebPage\",\"@id\":\"https:\\\/\\\/www.softub.ch\\\/produkt\\\/weka-sanduhr\\\/\",\"url\":\"https:\\\/\\\/www.softub.ch\\\/produkt\\\/weka-sanduhr\\\/\",\"name\":\"Weka Sanduhr - die Zeit vergeht schneller als gedacht\",\"isPartOf\":{\"@id\":\"https:\\\/\\\/www.softub.ch\\\/fr\\\/#website\"},\"primaryImageOfPage\":{\"@id\":\"https:\\\/\\\/www.softub.ch\\\/produkt\\\/weka-sanduhr\\\/#primaryimage\"},\"image\":{\"@id\":\"https:\\\/\\\/www.softub.ch\\\/produkt\\\/weka-sanduhr\\\/#primaryimage\"},\"thumbnailUrl\":\"https:\\\/\\\/www.softub.ch\\\/wp-content\\\/uploads\\\/weka-sanduhr.jpg\",\"datePublished\":\"2020-01-12T14:04:18+00:00\",\"dateModified\":\"2024-09-16T11:53:30+00:00\",\"description\":\"Drehbar und aus naturbelassenem Holz ist die Weka Sanduhr ein sehr praktisches und wichtiges Accessoire in jeder Sauna und darf nicht fehlen.\",\"breadcrumb\":{\"@id\":\"https:\\\/\\\/www.softub.ch\\\/produkt\\\/weka-sanduhr\\\/#breadcrumb\"},\"inLanguage\":\"fr-FR\",\"potentialAction\":[{\"@type\":\"ReadAction\",\"target\":[\"https:\\\/\\\/www.softub.ch\\\/produkt\\\/weka-sanduhr\\\/\"]}]},{\"@type\":\"ImageObject\",\"inLanguage\":\"fr-FR\",\"@id\":\"https:\\\/\\\/www.softub.ch\\\/produkt\\\/weka-sanduhr\\\/#primaryimage\",\"url\":\"https:\\\/\\\/www.softub.ch\\\/wp-content\\\/uploads\\\/weka-sanduhr.jpg\",\"contentUrl\":\"https:\\\/\\\/www.softub.ch\\\/wp-content\\\/uploads\\\/weka-sanduhr.jpg\",\"width\":440,\"height\":330,\"caption\":\"Weka Sanduhr\"},{\"@type\":\"BreadcrumbList\",\"@id\":\"https:\\\/\\\/www.softub.ch\\\/produkt\\\/weka-sanduhr\\\/#breadcrumb\",\"itemListElement\":[{\"@type\":\"ListItem\",\"position\":1,\"name\":\"Startseite\",\"item\":\"https:\\\/\\\/www.softub.ch\\\/fr\\\/\"},{\"@type\":\"ListItem\",\"position\":2,\"name\":\"Shop\",\"item\":\"https:\\\/\\\/www.softub.ch\\\/fr\\\/softub-suisse-shop\\\/\"},{\"@type\":\"ListItem\",\"position\":3,\"name\":\"Weka Sanduhr &#8211; die Zeit vergeht schneller als gedacht\"}]},{\"@type\":\"WebSite\",\"@id\":\"https:\\\/\\\/www.softub.ch\\\/fr\\\/#website\",\"url\":\"https:\\\/\\\/www.softub.ch\\\/fr\\\/\",\"name\":\"Softub Schweiz\",\"description\":\"Softub - Wir machen Ferien Zuhause\",\"publisher\":{\"@id\":\"https:\\\/\\\/www.softub.ch\\\/fr\\\/#organization\"},\"potentialAction\":[{\"@type\":\"SearchAction\",\"target\":{\"@type\":\"EntryPoint\",\"urlTemplate\":\"https:\\\/\\\/www.softub.ch\\\/fr\\\/?s={search_term_string}\"},\"query-input\":{\"@type\":\"PropertyValueSpecification\",\"valueRequired\":true,\"valueName\":\"search_term_string\"}}],\"inLanguage\":\"fr-FR\"},{\"@type\":\"Organization\",\"@id\":\"https:\\\/\\\/www.softub.ch\\\/fr\\\/#organization\",\"name\":\"Softub Schweiz AG\",\"url\":\"https:\\\/\\\/www.softub.ch\\\/fr\\\/\",\"logo\":{\"@type\":\"ImageObject\",\"inLanguage\":\"fr-FR\",\"@id\":\"https:\\\/\\\/www.softub.ch\\\/fr\\\/#\\\/schema\\\/logo\\\/image\\\/\",\"url\":\"https:\\\/\\\/www.softub.ch\\\/wp-content\\\/uploads\\\/Softub-Logo-Softub-Schweiz-.png\",\"contentUrl\":\"https:\\\/\\\/www.softub.ch\\\/wp-content\\\/uploads\\\/Softub-Logo-Softub-Schweiz-.png\",\"width\":200,\"height\":73,\"caption\":\"Softub Schweiz AG\"},\"image\":{\"@id\":\"https:\\\/\\\/www.softub.ch\\\/fr\\\/#\\\/schema\\\/logo\\\/image\\\/\"},\"sameAs\":[\"https:\\\/\\\/www.facebook.com\\\/softubschweiz\",\"https:\\\/\\\/www.instagram.com\\\/softub_schweiz\\\/\",\"https:\\\/\\\/ch.pinterest.com\\\/softub_schweiz\\\/\",\"https:\\\/\\\/www.linkedin.com\\\/company\\\/softub-schweiz-ag\\\/\"]}]}<\/script>\n<!-- \/ Yoast SEO Premium plugin. -->","yoast_head_json":{"title":"Weka Sanduhr - die Zeit vergeht schneller als gedacht","description":"Drehbar und aus naturbelassenem Holz ist die Weka Sanduhr ein sehr praktisches und wichtiges Accessoire in jeder Sauna und darf nicht fehlen.","robots":{"index":"index","follow":"follow","max-snippet":"max-snippet:-1","max-image-preview":"max-image-preview:large","max-video-preview":"max-video-preview:-1"},"canonical":"https:\/\/www.softub.ch\/produkt\/weka-sanduhr\/","og_locale":"fr_FR","og_type":"article","og_title":"Weka Sanduhr - die Zeit vergeht schneller als gedacht","og_description":"Drehbar und aus naturbelassenem Holz ist die Weka Sanduhr ein sehr praktisches und wichtiges Accessoire in jeder Sauna und darf nicht fehlen.","og_url":"https:\/\/www.softub.ch\/produkt\/weka-sanduhr\/","og_site_name":"Softub Schweiz","article_publisher":"https:\/\/www.facebook.com\/softubschweiz","article_modified_time":"2024-09-16T11:53:30+00:00","og_image":[{"width":440,"height":330,"url":"https:\/\/www.softub.ch\/wp-content\/uploads\/weka-sanduhr.jpg","type":"image\/jpeg"}],"twitter_card":"summary_large_image","twitter_misc":{"Dur\u00e9e de lecture estim\u00e9e":"1 minute"},"schema":{"@context":"https:\/\/schema.org","@graph":[{"@type":"WebPage","@id":"https:\/\/www.softub.ch\/produkt\/weka-sanduhr\/","url":"https:\/\/www.softub.ch\/produkt\/weka-sanduhr\/","name":"Weka Sanduhr - die Zeit vergeht schneller als gedacht","isPartOf":{"@id":"https:\/\/www.softub.ch\/fr\/#website"},"primaryImageOfPage":{"@id":"https:\/\/www.softub.ch\/produkt\/weka-sanduhr\/#primaryimage"},"image":{"@id":"https:\/\/www.softub.ch\/produkt\/weka-sanduhr\/#primaryimage"},"thumbnailUrl":"https:\/\/www.softub.ch\/wp-content\/uploads\/weka-sanduhr.jpg","datePublished":"2020-01-12T14:04:18+00:00","dateModified":"2024-09-16T11:53:30+00:00","description":"Drehbar und aus naturbelassenem Holz ist die Weka Sanduhr ein sehr praktisches und wichtiges Accessoire in jeder Sauna und darf nicht fehlen.","breadcrumb":{"@id":"https:\/\/www.softub.ch\/produkt\/weka-sanduhr\/#breadcrumb"},"inLanguage":"fr-FR","potentialAction":[{"@type":"ReadAction","target":["https:\/\/www.softub.ch\/produkt\/weka-sanduhr\/"]}]},{"@type":"ImageObject","inLanguage":"fr-FR","@id":"https:\/\/www.softub.ch\/produkt\/weka-sanduhr\/#primaryimage","url":"https:\/\/www.softub.ch\/wp-content\/uploads\/weka-sanduhr.jpg","contentUrl":"https:\/\/www.softub.ch\/wp-content\/uploads\/weka-sanduhr.jpg","width":440,"height":330,"caption":"Weka Sanduhr"},{"@type":"BreadcrumbList","@id":"https:\/\/www.softub.ch\/produkt\/weka-sanduhr\/#breadcrumb","itemListElement":[{"@type":"ListItem","position":1,"name":"Startseite","item":"https:\/\/www.softub.ch\/fr\/"},{"@type":"ListItem","position":2,"name":"Shop","item":"https:\/\/www.softub.ch\/fr\/softub-suisse-shop\/"},{"@type":"ListItem","position":3,"name":"Weka Sanduhr &#8211; die Zeit vergeht schneller als gedacht"}]},{"@type":"WebSite","@id":"https:\/\/www.softub.ch\/fr\/#website","url":"https:\/\/www.softub.ch\/fr\/","name":"Softub Schweiz","description":"Softub - Wir machen Ferien Zuhause","publisher":{"@id":"https:\/\/www.softub.ch\/fr\/#organization"},"potentialAction":[{"@type":"SearchAction","target":{"@type":"EntryPoint","urlTemplate":"https:\/\/www.softub.ch\/fr\/?s={search_term_string}"},"query-input":{"@type":"PropertyValueSpecification","valueRequired":true,"valueName":"search_term_string"}}],"inLanguage":"fr-FR"},{"@type":"Organization","@id":"https:\/\/www.softub.ch\/fr\/#organization","name":"Softub Schweiz AG","url":"https:\/\/www.softub.ch\/fr\/","logo":{"@type":"ImageObject","inLanguage":"fr-FR","@id":"https:\/\/www.softub.ch\/fr\/#\/schema\/logo\/image\/","url":"https:\/\/www.softub.ch\/wp-content\/uploads\/Softub-Logo-Softub-Schweiz-.png","contentUrl":"https:\/\/www.softub.ch\/wp-content\/uploads\/Softub-Logo-Softub-Schweiz-.png","width":200,"height":73,"caption":"Softub Schweiz AG"},"image":{"@id":"https:\/\/www.softub.ch\/fr\/#\/schema\/logo\/image\/"},"sameAs":["https:\/\/www.facebook.com\/softubschweiz","https:\/\/www.instagram.com\/softub_schweiz\/","https:\/\/ch.pinterest.com\/softub_schweiz\/","https:\/\/www.linkedin.com\/company\/softub-schweiz-ag\/"]}]}},"_links":{"self":[{"href":"https:\/\/www.softub.ch\/fr\/wp-json\/wp\/v2\/product\/7931","targetHints":{"allow":["GET"]}}],"collection":[{"href":"https:\/\/www.softub.ch\/fr\/wp-json\/wp\/v2\/product"}],"about":[{"href":"https:\/\/www.softub.ch\/fr\/wp-json\/wp\/v2\/types\/product"}],"wp:featuredmedia":[{"embeddable":true,"href":"https:\/\/www.softub.ch\/fr\/wp-json\/wp\/v2\/media\/7934"}],"wp:attachment":[{"href":"https:\/\/www.softub.ch\/fr\/wp-json\/wp\/v2\/media?parent=7931"}],"wp:term":[{"taxonomy":"product_brand","embeddable":true,"href":"https:\/\/www.softub.ch\/fr\/wp-json\/wp\/v2\/product_brand?post=7931"},{"taxonomy":"product_cat","embeddable":true,"href":"https:\/\/www.softub.ch\/fr\/wp-json\/wp\/v2\/product_cat?post=7931"},{"taxonomy":"product_tag","embeddable":true,"href":"https:\/\/www.softub.ch\/fr\/wp-json\/wp\/v2\/product_tag?post=7931"},{"taxonomy":"woo-feed-brand","embeddable":true,"href":"https:\/\/www.softub.ch\/fr\/wp-json\/wp\/v2\/woo-feed-brand?post=7931"}],"curies":[{"name":"wp","href":"https:\/\/api.w.org\/{rel}","templated":true}]}}