{"id":8445,"date":"2020-01-19T19:47:22","date_gmt":"2020-01-19T18:47:22","guid":{"rendered":"http:\/\/www.softub.ch\/?post_type=product&#038;p=8445"},"modified":"2024-09-17T16:14:29","modified_gmt":"2024-09-17T14:14:29","slug":"weka-aufgusskuebel","status":"publish","type":"product","link":"https:\/\/www.softub.ch\/fr\/produit\/weka-aufgusskuebel\/","title":{"rendered":"Weka Aufgussk\u00fcbel &#8211; ein unverzichtbares Zubeh\u00f6r"},"content":{"rendered":"<h1><span style=\"color: #429bba\">Weka Aufgussk\u00fcbel<\/span><\/h1>\n<p>Der Weka Aufgussk\u00fcbel ist aus Spezialholz gefertigt und ein praktisches Utensil, um einen duftenden Aufguss anzumischen. Der Kunststoffeinsatz verhindert das Nasswerden des K\u00fcbels. Mit diesem Aufgussk\u00fcbel heizen Sie Ihre Sauna ein und zaubern wohltuende D\u00fcfte. Er darf in keiner Sauna fehlen.<\/p>\n<p>Gewicht: 1,65 kg<\/p>\n<p>&nbsp;<\/p>\n<h3>Produktvorteil:<\/h3>\n<ul>\n<li>Hochwertiges Spezialholz<\/li>\n<li>Inklusive Kunststoffeinsatz<\/li>\n<li>5 Liter Fassungsverm\u00f6gen<\/li>\n<\/ul>\n<p>&nbsp;<\/p>\n<h3 data-fontsize=\"18\" data-lineheight=\"25\">Warum Weka?<\/h3>\n<p>Dank dem vielseitigen Saunazubeh\u00f6r von Weka, machen Sie Ihren Saunagang zu einem einzigartigen Erlebnis. Vom Peelingsalz bis zum Aufgussk\u00fcbel \u2013 erg\u00e4nzen Sie Ihre Grundausstattung mit passenden Produkten von WEKA. F\u00fcr absolute Entspannung sorgen ausserdem unsere Lendenst\u00fctzen f\u00fcr Saunaliegen. Diese lassen sich individuell an Ihre R\u00fcckenform anpassen und entlasten den R\u00fccken sp\u00fcrbar.<\/p>\n<p>Zur gezielten Entlastung verschiedener K\u00f6rperzonen finden Sie in unserem Sortiment ausserdem Kopf-, R\u00fccken- und Venenst\u00fctzen sowie ergonomisch geformte Wellnessliegen, die Sie variabel einsetzen k\u00f6nnen. Das Sauna-Zubeh\u00f6r-Set mit Sch\u00f6pfkelle, K\u00fcbel und Baderegeln sowie verschiedene Aufgusskonzentrate runden Ihren Saunagang ab.<\/p>\n<p>&nbsp;<\/p>\n<h3>Weiteres Saunazubeh\u00f6r von Weka:<\/h3>\n<p>Wir haben ein reichhaltiges Zubeh\u00f6rsortiment f\u00fcr Sie zusammengestellt, so dass Sie sich die passenden Produkte in Ruhe in unserem Onlineshop ausw\u00e4hlen k\u00f6nnen. Wenn Sie sich dar\u00fcber hinaus Ihre ganz pers\u00f6nliche Wellness-Oase schaffen wollen, so schauen Sie sich doch einfach unsere Softub <a href=\"https:\/\/softub.ch\/simply-relaxing\/softub-whirlpools\/\">Whirlpools<\/a> an \u2013 eventuell auch in Kombination mit einem <a href=\"https:\/\/meinschattenspender.ch\/\">Unosider-<\/a><a href=\"https:\/\/meinschattenspender.ch\/\">Pavillon<\/a>.<\/p>\n<p>Wir beraten Sie gerne, telefonisch, in einem unserer Showrooms oder bei Ihnen Zuhause.<\/p>\n","protected":false},"excerpt":{"rendered":"<h1><span style=\"color: #429bba\">Weka Aufgussk\u00fcbel<\/span><\/h1>\n<p>Mit dem Aufgussk\u00fcbel aus Holz heizen Sie Ihrer Sauna ein und zaubern wohltuende D\u00fcfte. Er darf in keiner Sauna fehlen.<\/p>\n<ul>\n<li>Aus Spezialholz<\/li>\n<li>Inklusive Kunststoffeinsatz<\/li>\n<\/ul>\n","protected":false},"featured_media":7890,"template":"","meta":{"_acf_changed":false},"product_brand":[],"product_cat":[591],"product_tag":[469,430,468,461,1655,567,1179,431,1666,184],"woo-feed-brand":[],"class_list":{"0":"post-8445","1":"product","2":"type-product","3":"status-publish","4":"has-post-thumbnail","6":"product_cat-saunazubehoer","7":"product_tag-aufgusskuebel","8":"product_tag-sauna","9":"product_tag-sauna-grundausstattung","10":"product_tag-sauna-zubehoer","11":"product_tag-saunazubehoer-von-weka","12":"product_tag-softub","13":"product_tag-softub-schweiz","14":"product_tag-weka","15":"product_tag-weka-saunazubehoer","16":"product_tag-wellness","17":"product_shipping_class-post-20","19":"first","20":"instock","21":"taxable","22":"shipping-taxable","23":"purchasable","24":"product-type-simple"},"acf":[],"yoast_head":"<!-- This site is optimized with the Yoast SEO Premium plugin v27.4 (Yoast SEO v27.4) - https:\/\/yoast.com\/product\/yoast-seo-premium-wordpress\/ -->\n<title>Weka Aufgussk\u00fcbel - ein unverzichtbares Zubeh\u00f6r in Ihrer Sauna<\/title>\n<meta name=\"description\" content=\"Mit dem Weka Aufgussk\u00fcbel aus Holz heizen Sie Ihrer Sauna ein und zaubern wohltuende D\u00fcfte. Er darf in keiner Sauna fehlen.\" \/>\n<meta name=\"robots\" content=\"index, follow, max-snippet:-1, max-image-preview:large, max-video-preview:-1\" \/>\n<link rel=\"canonical\" href=\"https:\/\/www.softub.ch\/produkt\/weka-aufgusskuebel\/\" \/>\n<meta property=\"og:locale\" content=\"fr_FR\" \/>\n<meta property=\"og:type\" content=\"article\" \/>\n<meta property=\"og:title\" content=\"Weka Aufgussk\u00fcbel - ein unverzichtbares Zubeh\u00f6r\" \/>\n<meta property=\"og:description\" content=\"Mit dem Weka Aufgussk\u00fcbel aus Holz heizen Sie Ihrer Sauna ein und zaubern wohltuende D\u00fcfte. Er darf in keiner Sauna fehlen.\" \/>\n<meta property=\"og:url\" content=\"https:\/\/www.softub.ch\/produkt\/weka-aufgusskuebel\/\" \/>\n<meta property=\"og:site_name\" content=\"Softub Schweiz\" \/>\n<meta property=\"article:publisher\" content=\"https:\/\/www.facebook.com\/softubschweiz\" \/>\n<meta property=\"article:modified_time\" content=\"2024-09-17T14:14:29+00:00\" \/>\n<meta property=\"og:image\" content=\"https:\/\/www.softub.ch\/wp-content\/uploads\/weka-aufgussk\u00fcbel.jpg\" \/>\n\t<meta property=\"og:image:width\" content=\"440\" \/>\n\t<meta property=\"og:image:height\" content=\"330\" \/>\n\t<meta property=\"og:image:type\" content=\"image\/jpeg\" \/>\n<meta name=\"twitter:card\" content=\"summary_large_image\" \/>\n<meta name=\"twitter:label1\" content=\"Dur\u00e9e de lecture estim\u00e9e\" \/>\n\t<meta name=\"twitter:data1\" content=\"1 minute\" \/>\n<script type=\"application\/ld+json\" class=\"yoast-schema-graph\">{\"@context\":\"https:\\\/\\\/schema.org\",\"@graph\":[{\"@type\":\"WebPage\",\"@id\":\"https:\\\/\\\/www.softub.ch\\\/produkt\\\/weka-aufgusskuebel\\\/\",\"url\":\"https:\\\/\\\/www.softub.ch\\\/produkt\\\/weka-aufgusskuebel\\\/\",\"name\":\"Weka Aufgussk\u00fcbel - ein unverzichtbares Zubeh\u00f6r in Ihrer Sauna\",\"isPartOf\":{\"@id\":\"https:\\\/\\\/www.softub.ch\\\/fr\\\/#website\"},\"primaryImageOfPage\":{\"@id\":\"https:\\\/\\\/www.softub.ch\\\/produkt\\\/weka-aufgusskuebel\\\/#primaryimage\"},\"image\":{\"@id\":\"https:\\\/\\\/www.softub.ch\\\/produkt\\\/weka-aufgusskuebel\\\/#primaryimage\"},\"thumbnailUrl\":\"https:\\\/\\\/www.softub.ch\\\/wp-content\\\/uploads\\\/weka-aufgussk\u00fcbel.jpg\",\"datePublished\":\"2020-01-19T18:47:22+00:00\",\"dateModified\":\"2024-09-17T14:14:29+00:00\",\"description\":\"Mit dem Weka Aufgussk\u00fcbel aus Holz heizen Sie Ihrer Sauna ein und zaubern wohltuende D\u00fcfte. Er darf in keiner Sauna fehlen.\",\"breadcrumb\":{\"@id\":\"https:\\\/\\\/www.softub.ch\\\/produkt\\\/weka-aufgusskuebel\\\/#breadcrumb\"},\"inLanguage\":\"fr-FR\",\"potentialAction\":[{\"@type\":\"ReadAction\",\"target\":[\"https:\\\/\\\/www.softub.ch\\\/produkt\\\/weka-aufgusskuebel\\\/\"]}]},{\"@type\":\"ImageObject\",\"inLanguage\":\"fr-FR\",\"@id\":\"https:\\\/\\\/www.softub.ch\\\/produkt\\\/weka-aufgusskuebel\\\/#primaryimage\",\"url\":\"https:\\\/\\\/www.softub.ch\\\/wp-content\\\/uploads\\\/weka-aufgussk\u00fcbel.jpg\",\"contentUrl\":\"https:\\\/\\\/www.softub.ch\\\/wp-content\\\/uploads\\\/weka-aufgussk\u00fcbel.jpg\",\"width\":440,\"height\":330,\"caption\":\"Weka Aufgussk\u00fcbel\"},{\"@type\":\"BreadcrumbList\",\"@id\":\"https:\\\/\\\/www.softub.ch\\\/produkt\\\/weka-aufgusskuebel\\\/#breadcrumb\",\"itemListElement\":[{\"@type\":\"ListItem\",\"position\":1,\"name\":\"Startseite\",\"item\":\"https:\\\/\\\/www.softub.ch\\\/fr\\\/\"},{\"@type\":\"ListItem\",\"position\":2,\"name\":\"Shop\",\"item\":\"https:\\\/\\\/www.softub.ch\\\/fr\\\/softub-suisse-shop\\\/\"},{\"@type\":\"ListItem\",\"position\":3,\"name\":\"Weka Aufgussk\u00fcbel &#8211; ein unverzichtbares Zubeh\u00f6r\"}]},{\"@type\":\"WebSite\",\"@id\":\"https:\\\/\\\/www.softub.ch\\\/fr\\\/#website\",\"url\":\"https:\\\/\\\/www.softub.ch\\\/fr\\\/\",\"name\":\"Softub Schweiz\",\"description\":\"Softub - Wir machen Ferien Zuhause\",\"publisher\":{\"@id\":\"https:\\\/\\\/www.softub.ch\\\/fr\\\/#organization\"},\"potentialAction\":[{\"@type\":\"SearchAction\",\"target\":{\"@type\":\"EntryPoint\",\"urlTemplate\":\"https:\\\/\\\/www.softub.ch\\\/fr\\\/?s={search_term_string}\"},\"query-input\":{\"@type\":\"PropertyValueSpecification\",\"valueRequired\":true,\"valueName\":\"search_term_string\"}}],\"inLanguage\":\"fr-FR\"},{\"@type\":\"Organization\",\"@id\":\"https:\\\/\\\/www.softub.ch\\\/fr\\\/#organization\",\"name\":\"Softub Schweiz AG\",\"url\":\"https:\\\/\\\/www.softub.ch\\\/fr\\\/\",\"logo\":{\"@type\":\"ImageObject\",\"inLanguage\":\"fr-FR\",\"@id\":\"https:\\\/\\\/www.softub.ch\\\/fr\\\/#\\\/schema\\\/logo\\\/image\\\/\",\"url\":\"https:\\\/\\\/www.softub.ch\\\/wp-content\\\/uploads\\\/Softub-Logo-Softub-Schweiz-.png\",\"contentUrl\":\"https:\\\/\\\/www.softub.ch\\\/wp-content\\\/uploads\\\/Softub-Logo-Softub-Schweiz-.png\",\"width\":200,\"height\":73,\"caption\":\"Softub Schweiz AG\"},\"image\":{\"@id\":\"https:\\\/\\\/www.softub.ch\\\/fr\\\/#\\\/schema\\\/logo\\\/image\\\/\"},\"sameAs\":[\"https:\\\/\\\/www.facebook.com\\\/softubschweiz\",\"https:\\\/\\\/www.instagram.com\\\/softub_schweiz\\\/\",\"https:\\\/\\\/ch.pinterest.com\\\/softub_schweiz\\\/\",\"https:\\\/\\\/www.linkedin.com\\\/company\\\/softub-schweiz-ag\\\/\"]}]}<\/script>\n<!-- \/ Yoast SEO Premium plugin. -->","yoast_head_json":{"title":"Weka Aufgussk\u00fcbel - ein unverzichtbares Zubeh\u00f6r in Ihrer Sauna","description":"Mit dem Weka Aufgussk\u00fcbel aus Holz heizen Sie Ihrer Sauna ein und zaubern wohltuende D\u00fcfte. Er darf in keiner Sauna fehlen.","robots":{"index":"index","follow":"follow","max-snippet":"max-snippet:-1","max-image-preview":"max-image-preview:large","max-video-preview":"max-video-preview:-1"},"canonical":"https:\/\/www.softub.ch\/produkt\/weka-aufgusskuebel\/","og_locale":"fr_FR","og_type":"article","og_title":"Weka Aufgussk\u00fcbel - ein unverzichtbares Zubeh\u00f6r","og_description":"Mit dem Weka Aufgussk\u00fcbel aus Holz heizen Sie Ihrer Sauna ein und zaubern wohltuende D\u00fcfte. Er darf in keiner Sauna fehlen.","og_url":"https:\/\/www.softub.ch\/produkt\/weka-aufgusskuebel\/","og_site_name":"Softub Schweiz","article_publisher":"https:\/\/www.facebook.com\/softubschweiz","article_modified_time":"2024-09-17T14:14:29+00:00","og_image":[{"width":440,"height":330,"url":"https:\/\/www.softub.ch\/wp-content\/uploads\/weka-aufgussk\u00fcbel.jpg","type":"image\/jpeg"}],"twitter_card":"summary_large_image","twitter_misc":{"Dur\u00e9e de lecture estim\u00e9e":"1 minute"},"schema":{"@context":"https:\/\/schema.org","@graph":[{"@type":"WebPage","@id":"https:\/\/www.softub.ch\/produkt\/weka-aufgusskuebel\/","url":"https:\/\/www.softub.ch\/produkt\/weka-aufgusskuebel\/","name":"Weka Aufgussk\u00fcbel - ein unverzichtbares Zubeh\u00f6r in Ihrer Sauna","isPartOf":{"@id":"https:\/\/www.softub.ch\/fr\/#website"},"primaryImageOfPage":{"@id":"https:\/\/www.softub.ch\/produkt\/weka-aufgusskuebel\/#primaryimage"},"image":{"@id":"https:\/\/www.softub.ch\/produkt\/weka-aufgusskuebel\/#primaryimage"},"thumbnailUrl":"https:\/\/www.softub.ch\/wp-content\/uploads\/weka-aufgussk\u00fcbel.jpg","datePublished":"2020-01-19T18:47:22+00:00","dateModified":"2024-09-17T14:14:29+00:00","description":"Mit dem Weka Aufgussk\u00fcbel aus Holz heizen Sie Ihrer Sauna ein und zaubern wohltuende D\u00fcfte. Er darf in keiner Sauna fehlen.","breadcrumb":{"@id":"https:\/\/www.softub.ch\/produkt\/weka-aufgusskuebel\/#breadcrumb"},"inLanguage":"fr-FR","potentialAction":[{"@type":"ReadAction","target":["https:\/\/www.softub.ch\/produkt\/weka-aufgusskuebel\/"]}]},{"@type":"ImageObject","inLanguage":"fr-FR","@id":"https:\/\/www.softub.ch\/produkt\/weka-aufgusskuebel\/#primaryimage","url":"https:\/\/www.softub.ch\/wp-content\/uploads\/weka-aufgussk\u00fcbel.jpg","contentUrl":"https:\/\/www.softub.ch\/wp-content\/uploads\/weka-aufgussk\u00fcbel.jpg","width":440,"height":330,"caption":"Weka Aufgussk\u00fcbel"},{"@type":"BreadcrumbList","@id":"https:\/\/www.softub.ch\/produkt\/weka-aufgusskuebel\/#breadcrumb","itemListElement":[{"@type":"ListItem","position":1,"name":"Startseite","item":"https:\/\/www.softub.ch\/fr\/"},{"@type":"ListItem","position":2,"name":"Shop","item":"https:\/\/www.softub.ch\/fr\/softub-suisse-shop\/"},{"@type":"ListItem","position":3,"name":"Weka Aufgussk\u00fcbel &#8211; ein unverzichtbares Zubeh\u00f6r"}]},{"@type":"WebSite","@id":"https:\/\/www.softub.ch\/fr\/#website","url":"https:\/\/www.softub.ch\/fr\/","name":"Softub Schweiz","description":"Softub - Wir machen Ferien Zuhause","publisher":{"@id":"https:\/\/www.softub.ch\/fr\/#organization"},"potentialAction":[{"@type":"SearchAction","target":{"@type":"EntryPoint","urlTemplate":"https:\/\/www.softub.ch\/fr\/?s={search_term_string}"},"query-input":{"@type":"PropertyValueSpecification","valueRequired":true,"valueName":"search_term_string"}}],"inLanguage":"fr-FR"},{"@type":"Organization","@id":"https:\/\/www.softub.ch\/fr\/#organization","name":"Softub Schweiz AG","url":"https:\/\/www.softub.ch\/fr\/","logo":{"@type":"ImageObject","inLanguage":"fr-FR","@id":"https:\/\/www.softub.ch\/fr\/#\/schema\/logo\/image\/","url":"https:\/\/www.softub.ch\/wp-content\/uploads\/Softub-Logo-Softub-Schweiz-.png","contentUrl":"https:\/\/www.softub.ch\/wp-content\/uploads\/Softub-Logo-Softub-Schweiz-.png","width":200,"height":73,"caption":"Softub Schweiz AG"},"image":{"@id":"https:\/\/www.softub.ch\/fr\/#\/schema\/logo\/image\/"},"sameAs":["https:\/\/www.facebook.com\/softubschweiz","https:\/\/www.instagram.com\/softub_schweiz\/","https:\/\/ch.pinterest.com\/softub_schweiz\/","https:\/\/www.linkedin.com\/company\/softub-schweiz-ag\/"]}]}},"_links":{"self":[{"href":"https:\/\/www.softub.ch\/fr\/wp-json\/wp\/v2\/product\/8445","targetHints":{"allow":["GET"]}}],"collection":[{"href":"https:\/\/www.softub.ch\/fr\/wp-json\/wp\/v2\/product"}],"about":[{"href":"https:\/\/www.softub.ch\/fr\/wp-json\/wp\/v2\/types\/product"}],"wp:featuredmedia":[{"embeddable":true,"href":"https:\/\/www.softub.ch\/fr\/wp-json\/wp\/v2\/media\/7890"}],"wp:attachment":[{"href":"https:\/\/www.softub.ch\/fr\/wp-json\/wp\/v2\/media?parent=8445"}],"wp:term":[{"taxonomy":"product_brand","embeddable":true,"href":"https:\/\/www.softub.ch\/fr\/wp-json\/wp\/v2\/product_brand?post=8445"},{"taxonomy":"product_cat","embeddable":true,"href":"https:\/\/www.softub.ch\/fr\/wp-json\/wp\/v2\/product_cat?post=8445"},{"taxonomy":"product_tag","embeddable":true,"href":"https:\/\/www.softub.ch\/fr\/wp-json\/wp\/v2\/product_tag?post=8445"},{"taxonomy":"woo-feed-brand","embeddable":true,"href":"https:\/\/www.softub.ch\/fr\/wp-json\/wp\/v2\/woo-feed-brand?post=8445"}],"curies":[{"name":"wp","href":"https:\/\/api.w.org\/{rel}","templated":true}]}}