{"id":8454,"date":"2020-01-19T20:00:46","date_gmt":"2020-01-19T19:00:46","guid":{"rendered":"http:\/\/www.softub.ch\/?post_type=product&#038;p=8454"},"modified":"2024-09-17T16:08:28","modified_gmt":"2024-09-17T14:08:28","slug":"weka-auffangschale","status":"publish","type":"product","link":"https:\/\/www.softub.ch\/fr\/produit\/weka-auffangschale\/","title":{"rendered":"Weka Auffangsschale &#8211; ein Muss f\u00fcr jeden Saunaofen"},"content":{"rendered":"<h1><span style=\"color: #429bba\">Weka Auffangschale<\/span><\/h1>\n<p>Mehr Sauberkeit und Hygiene in Ihrer Sauna erm\u00f6glicht nun die Weka Auffangschale f\u00fcr Sauna\u00f6fen. Falls beim Saunaaufguss mal was daneben geht, k\u00f6nnen Sie das \u00fcbersch\u00fcssige Wasser in der Weka Auffangschale sammeln und Ihre Sauna bleibt sauber. Ein Muss f\u00fcr jeden Saunaofen.<\/p>\n<ul>\n<li>F\u00fcr die WEKA-Sauna\u00f6fen<\/li>\n<li>Um eventuell auftretendes Wasser beim Saunaaufguss aufzufangen<\/li>\n<li>Gewicht: 1,04 kg<\/li>\n<li>Materialart: Edelstahl<\/li>\n<\/ul>\n<p>&nbsp;<\/p>\n<h3 data-fontsize=\"18\" data-lineheight=\"25\">Warum Weka?<\/h3>\n<p>Dank dem vielseitigen Saunazubeh\u00f6r von Weka, machen Sie Ihren Saunagang zu einem einzigartigen Erlebnis. Vom Peelingsalz bis zum Aufgussk\u00fcbel \u2013 erg\u00e4nzen Sie Ihre Grundausstattung mit passenden Produkten von WEKA. F\u00fcr absolute Entspannung sorgen ausserdem unsere Lendenst\u00fctzen f\u00fcr Saunaliegen. Diese lassen sich individuell an Ihre R\u00fcckenform anpassen und entlasten den R\u00fccken sp\u00fcrbar.<\/p>\n<p>Zur gezielten Entlastung verschiedener K\u00f6rperzonen finden Sie in unserem Sortiment ausserdem Kopf-, R\u00fccken- und Venenst\u00fctzen sowie ergonomisch geformte Wellnessliegen, die Sie variabel einsetzen k\u00f6nnen. Das Sauna-Zubeh\u00f6r-Set mit Sch\u00f6pfkelle, K\u00fcbel und Baderegeln sowie verschiedene Aufgusskonzentrate runden Ihren Saunagang ab.<\/p>\n<p>&nbsp;<\/p>\n<h3>Weiteres Saunazubeh\u00f6r von Weka:<\/h3>\n<p>Wir haben ein reichhaltiges Zubeh\u00f6rsortiment f\u00fcr Sie zusammengestellt, so dass Sie sich die passenden Produkte in Ruhe in unserem Onlineshop ausw\u00e4hlen k\u00f6nnen. Wenn Sie sich dar\u00fcber hinaus Ihre ganz pers\u00f6nliche Wellness-Oase schaffen wollen, so schauen Sie sich doch einfach unsere Softub <a href=\"https:\/\/softub.ch\/simply-relaxing\/softub-whirlpools\/\">Whirlpools<\/a> an \u2013 eventuell auch in Kombination mit einem <a href=\"https:\/\/meinschattenspender.ch\/\">Unosider-<\/a><a href=\"https:\/\/meinschattenspender.ch\/\">Pavillon<\/a>.<\/p>\n<p>Wir beraten Sie gerne, telefonisch, in einem unserer Showrooms oder bei Ihnen Zuhause.<\/p>\n","protected":false},"excerpt":{"rendered":"<h1><span style=\"color: #429bba\">Weka Auffangschale<\/span><\/h1>\n<p>Mehr Sauberkeit und Hygiene in Ihrer Sauna erm\u00f6glicht nun die Auffangschale f\u00fcr Sauna\u00f6fen.<\/p>\n<ul>\n<li>F\u00fcr die WEKA-Sauna\u00f6fen<\/li>\n<li>Um eventuell auftretendes Wasser beim Saunaaufguss aufzufangen<\/li>\n<\/ul>\n","protected":false},"featured_media":8457,"template":"","meta":{"_acf_changed":false},"product_brand":[],"product_cat":[591],"product_tag":[430,468,461,512,567,1179,431,1502,1641,184],"woo-feed-brand":[],"class_list":{"0":"post-8454","1":"product","2":"type-product","3":"status-publish","4":"has-post-thumbnail","6":"product_cat-saunazubehoer","7":"product_tag-sauna","8":"product_tag-sauna-grundausstattung","9":"product_tag-sauna-zubehoer","10":"product_tag-saunaschale","11":"product_tag-softub","12":"product_tag-softub-schweiz","13":"product_tag-weka","14":"product_tag-weka-saunen","15":"product_tag-weka-saunen-fuer-innenraeume","16":"product_tag-wellness","17":"product_shipping_class-post-20","19":"first","20":"instock","21":"taxable","22":"shipping-taxable","23":"purchasable","24":"product-type-simple"},"acf":[],"yoast_head":"<!-- This site is optimized with the Yoast SEO Premium plugin v27.4 (Yoast SEO v27.4) - https:\/\/yoast.com\/product\/yoast-seo-premium-wordpress\/ -->\n<title>Weka Auffangschale - ein Muss f\u00fcr jeden Saunaofen<\/title>\n<meta name=\"description\" content=\"Die Weka Auffangschale ist ein Muss f\u00fcr jeden Saunaofen. Mehr Sauberkeit und Hygiene in Ihrer Sauna erm\u00f6glicht nun die Auffangschale f\u00fcr Sauna\u00f6fen.\" \/>\n<meta name=\"robots\" content=\"index, follow, max-snippet:-1, max-image-preview:large, max-video-preview:-1\" \/>\n<link rel=\"canonical\" href=\"https:\/\/www.softub.ch\/produkt\/weka-auffangschale\/\" \/>\n<meta property=\"og:locale\" content=\"fr_FR\" \/>\n<meta property=\"og:type\" content=\"article\" \/>\n<meta property=\"og:title\" content=\"Weka Auffangsschale - ein Muss f\u00fcr jeden Saunaofen\" \/>\n<meta property=\"og:description\" content=\"Die Weka Auffangschale ist ein Muss f\u00fcr jeden Saunaofen. Mehr Sauberkeit und Hygiene in Ihrer Sauna erm\u00f6glicht nun die Auffangschale f\u00fcr Sauna\u00f6fen.\" \/>\n<meta property=\"og:url\" content=\"https:\/\/www.softub.ch\/produkt\/weka-auffangschale\/\" \/>\n<meta property=\"og:site_name\" content=\"Softub Schweiz\" \/>\n<meta property=\"article:publisher\" content=\"https:\/\/www.facebook.com\/softubschweiz\" \/>\n<meta property=\"article:modified_time\" content=\"2024-09-17T14:08:28+00:00\" \/>\n<meta property=\"og:image\" content=\"https:\/\/www.softub.ch\/wp-content\/uploads\/weka-auffangschale.jpg\" \/>\n\t<meta property=\"og:image:width\" content=\"440\" \/>\n\t<meta property=\"og:image:height\" content=\"330\" \/>\n\t<meta property=\"og:image:type\" content=\"image\/jpeg\" \/>\n<meta name=\"twitter:card\" content=\"summary_large_image\" \/>\n<meta name=\"twitter:label1\" content=\"Dur\u00e9e de lecture estim\u00e9e\" \/>\n\t<meta name=\"twitter:data1\" content=\"1 minute\" \/>\n<script type=\"application\/ld+json\" class=\"yoast-schema-graph\">{\"@context\":\"https:\\\/\\\/schema.org\",\"@graph\":[{\"@type\":\"WebPage\",\"@id\":\"https:\\\/\\\/www.softub.ch\\\/produkt\\\/weka-auffangschale\\\/\",\"url\":\"https:\\\/\\\/www.softub.ch\\\/produkt\\\/weka-auffangschale\\\/\",\"name\":\"Weka Auffangschale - ein Muss f\u00fcr jeden Saunaofen\",\"isPartOf\":{\"@id\":\"https:\\\/\\\/www.softub.ch\\\/fr\\\/#website\"},\"primaryImageOfPage\":{\"@id\":\"https:\\\/\\\/www.softub.ch\\\/produkt\\\/weka-auffangschale\\\/#primaryimage\"},\"image\":{\"@id\":\"https:\\\/\\\/www.softub.ch\\\/produkt\\\/weka-auffangschale\\\/#primaryimage\"},\"thumbnailUrl\":\"https:\\\/\\\/www.softub.ch\\\/wp-content\\\/uploads\\\/weka-auffangschale.jpg\",\"datePublished\":\"2020-01-19T19:00:46+00:00\",\"dateModified\":\"2024-09-17T14:08:28+00:00\",\"description\":\"Die Weka Auffangschale ist ein Muss f\u00fcr jeden Saunaofen. Mehr Sauberkeit und Hygiene in Ihrer Sauna erm\u00f6glicht nun die Auffangschale f\u00fcr Sauna\u00f6fen.\",\"breadcrumb\":{\"@id\":\"https:\\\/\\\/www.softub.ch\\\/produkt\\\/weka-auffangschale\\\/#breadcrumb\"},\"inLanguage\":\"fr-FR\",\"potentialAction\":[{\"@type\":\"ReadAction\",\"target\":[\"https:\\\/\\\/www.softub.ch\\\/produkt\\\/weka-auffangschale\\\/\"]}]},{\"@type\":\"ImageObject\",\"inLanguage\":\"fr-FR\",\"@id\":\"https:\\\/\\\/www.softub.ch\\\/produkt\\\/weka-auffangschale\\\/#primaryimage\",\"url\":\"https:\\\/\\\/www.softub.ch\\\/wp-content\\\/uploads\\\/weka-auffangschale.jpg\",\"contentUrl\":\"https:\\\/\\\/www.softub.ch\\\/wp-content\\\/uploads\\\/weka-auffangschale.jpg\",\"width\":440,\"height\":330,\"caption\":\"Weka Auffangschale\"},{\"@type\":\"BreadcrumbList\",\"@id\":\"https:\\\/\\\/www.softub.ch\\\/produkt\\\/weka-auffangschale\\\/#breadcrumb\",\"itemListElement\":[{\"@type\":\"ListItem\",\"position\":1,\"name\":\"Startseite\",\"item\":\"https:\\\/\\\/www.softub.ch\\\/fr\\\/\"},{\"@type\":\"ListItem\",\"position\":2,\"name\":\"Shop\",\"item\":\"https:\\\/\\\/www.softub.ch\\\/fr\\\/softub-suisse-shop\\\/\"},{\"@type\":\"ListItem\",\"position\":3,\"name\":\"Weka Auffangsschale &#8211; ein Muss f\u00fcr jeden Saunaofen\"}]},{\"@type\":\"WebSite\",\"@id\":\"https:\\\/\\\/www.softub.ch\\\/fr\\\/#website\",\"url\":\"https:\\\/\\\/www.softub.ch\\\/fr\\\/\",\"name\":\"Softub Schweiz\",\"description\":\"Softub - Wir machen Ferien Zuhause\",\"publisher\":{\"@id\":\"https:\\\/\\\/www.softub.ch\\\/fr\\\/#organization\"},\"potentialAction\":[{\"@type\":\"SearchAction\",\"target\":{\"@type\":\"EntryPoint\",\"urlTemplate\":\"https:\\\/\\\/www.softub.ch\\\/fr\\\/?s={search_term_string}\"},\"query-input\":{\"@type\":\"PropertyValueSpecification\",\"valueRequired\":true,\"valueName\":\"search_term_string\"}}],\"inLanguage\":\"fr-FR\"},{\"@type\":\"Organization\",\"@id\":\"https:\\\/\\\/www.softub.ch\\\/fr\\\/#organization\",\"name\":\"Softub Schweiz AG\",\"url\":\"https:\\\/\\\/www.softub.ch\\\/fr\\\/\",\"logo\":{\"@type\":\"ImageObject\",\"inLanguage\":\"fr-FR\",\"@id\":\"https:\\\/\\\/www.softub.ch\\\/fr\\\/#\\\/schema\\\/logo\\\/image\\\/\",\"url\":\"https:\\\/\\\/www.softub.ch\\\/wp-content\\\/uploads\\\/Softub-Logo-Softub-Schweiz-.png\",\"contentUrl\":\"https:\\\/\\\/www.softub.ch\\\/wp-content\\\/uploads\\\/Softub-Logo-Softub-Schweiz-.png\",\"width\":200,\"height\":73,\"caption\":\"Softub Schweiz AG\"},\"image\":{\"@id\":\"https:\\\/\\\/www.softub.ch\\\/fr\\\/#\\\/schema\\\/logo\\\/image\\\/\"},\"sameAs\":[\"https:\\\/\\\/www.facebook.com\\\/softubschweiz\",\"https:\\\/\\\/www.instagram.com\\\/softub_schweiz\\\/\",\"https:\\\/\\\/ch.pinterest.com\\\/softub_schweiz\\\/\",\"https:\\\/\\\/www.linkedin.com\\\/company\\\/softub-schweiz-ag\\\/\"]}]}<\/script>\n<!-- \/ Yoast SEO Premium plugin. -->","yoast_head_json":{"title":"Weka Auffangschale - ein Muss f\u00fcr jeden Saunaofen","description":"Die Weka Auffangschale ist ein Muss f\u00fcr jeden Saunaofen. Mehr Sauberkeit und Hygiene in Ihrer Sauna erm\u00f6glicht nun die Auffangschale f\u00fcr Sauna\u00f6fen.","robots":{"index":"index","follow":"follow","max-snippet":"max-snippet:-1","max-image-preview":"max-image-preview:large","max-video-preview":"max-video-preview:-1"},"canonical":"https:\/\/www.softub.ch\/produkt\/weka-auffangschale\/","og_locale":"fr_FR","og_type":"article","og_title":"Weka Auffangsschale - ein Muss f\u00fcr jeden Saunaofen","og_description":"Die Weka Auffangschale ist ein Muss f\u00fcr jeden Saunaofen. Mehr Sauberkeit und Hygiene in Ihrer Sauna erm\u00f6glicht nun die Auffangschale f\u00fcr Sauna\u00f6fen.","og_url":"https:\/\/www.softub.ch\/produkt\/weka-auffangschale\/","og_site_name":"Softub Schweiz","article_publisher":"https:\/\/www.facebook.com\/softubschweiz","article_modified_time":"2024-09-17T14:08:28+00:00","og_image":[{"width":440,"height":330,"url":"https:\/\/www.softub.ch\/wp-content\/uploads\/weka-auffangschale.jpg","type":"image\/jpeg"}],"twitter_card":"summary_large_image","twitter_misc":{"Dur\u00e9e de lecture estim\u00e9e":"1 minute"},"schema":{"@context":"https:\/\/schema.org","@graph":[{"@type":"WebPage","@id":"https:\/\/www.softub.ch\/produkt\/weka-auffangschale\/","url":"https:\/\/www.softub.ch\/produkt\/weka-auffangschale\/","name":"Weka Auffangschale - ein Muss f\u00fcr jeden Saunaofen","isPartOf":{"@id":"https:\/\/www.softub.ch\/fr\/#website"},"primaryImageOfPage":{"@id":"https:\/\/www.softub.ch\/produkt\/weka-auffangschale\/#primaryimage"},"image":{"@id":"https:\/\/www.softub.ch\/produkt\/weka-auffangschale\/#primaryimage"},"thumbnailUrl":"https:\/\/www.softub.ch\/wp-content\/uploads\/weka-auffangschale.jpg","datePublished":"2020-01-19T19:00:46+00:00","dateModified":"2024-09-17T14:08:28+00:00","description":"Die Weka Auffangschale ist ein Muss f\u00fcr jeden Saunaofen. Mehr Sauberkeit und Hygiene in Ihrer Sauna erm\u00f6glicht nun die Auffangschale f\u00fcr Sauna\u00f6fen.","breadcrumb":{"@id":"https:\/\/www.softub.ch\/produkt\/weka-auffangschale\/#breadcrumb"},"inLanguage":"fr-FR","potentialAction":[{"@type":"ReadAction","target":["https:\/\/www.softub.ch\/produkt\/weka-auffangschale\/"]}]},{"@type":"ImageObject","inLanguage":"fr-FR","@id":"https:\/\/www.softub.ch\/produkt\/weka-auffangschale\/#primaryimage","url":"https:\/\/www.softub.ch\/wp-content\/uploads\/weka-auffangschale.jpg","contentUrl":"https:\/\/www.softub.ch\/wp-content\/uploads\/weka-auffangschale.jpg","width":440,"height":330,"caption":"Weka Auffangschale"},{"@type":"BreadcrumbList","@id":"https:\/\/www.softub.ch\/produkt\/weka-auffangschale\/#breadcrumb","itemListElement":[{"@type":"ListItem","position":1,"name":"Startseite","item":"https:\/\/www.softub.ch\/fr\/"},{"@type":"ListItem","position":2,"name":"Shop","item":"https:\/\/www.softub.ch\/fr\/softub-suisse-shop\/"},{"@type":"ListItem","position":3,"name":"Weka Auffangsschale &#8211; ein Muss f\u00fcr jeden Saunaofen"}]},{"@type":"WebSite","@id":"https:\/\/www.softub.ch\/fr\/#website","url":"https:\/\/www.softub.ch\/fr\/","name":"Softub Schweiz","description":"Softub - Wir machen Ferien Zuhause","publisher":{"@id":"https:\/\/www.softub.ch\/fr\/#organization"},"potentialAction":[{"@type":"SearchAction","target":{"@type":"EntryPoint","urlTemplate":"https:\/\/www.softub.ch\/fr\/?s={search_term_string}"},"query-input":{"@type":"PropertyValueSpecification","valueRequired":true,"valueName":"search_term_string"}}],"inLanguage":"fr-FR"},{"@type":"Organization","@id":"https:\/\/www.softub.ch\/fr\/#organization","name":"Softub Schweiz AG","url":"https:\/\/www.softub.ch\/fr\/","logo":{"@type":"ImageObject","inLanguage":"fr-FR","@id":"https:\/\/www.softub.ch\/fr\/#\/schema\/logo\/image\/","url":"https:\/\/www.softub.ch\/wp-content\/uploads\/Softub-Logo-Softub-Schweiz-.png","contentUrl":"https:\/\/www.softub.ch\/wp-content\/uploads\/Softub-Logo-Softub-Schweiz-.png","width":200,"height":73,"caption":"Softub Schweiz AG"},"image":{"@id":"https:\/\/www.softub.ch\/fr\/#\/schema\/logo\/image\/"},"sameAs":["https:\/\/www.facebook.com\/softubschweiz","https:\/\/www.instagram.com\/softub_schweiz\/","https:\/\/ch.pinterest.com\/softub_schweiz\/","https:\/\/www.linkedin.com\/company\/softub-schweiz-ag\/"]}]}},"_links":{"self":[{"href":"https:\/\/www.softub.ch\/fr\/wp-json\/wp\/v2\/product\/8454","targetHints":{"allow":["GET"]}}],"collection":[{"href":"https:\/\/www.softub.ch\/fr\/wp-json\/wp\/v2\/product"}],"about":[{"href":"https:\/\/www.softub.ch\/fr\/wp-json\/wp\/v2\/types\/product"}],"wp:featuredmedia":[{"embeddable":true,"href":"https:\/\/www.softub.ch\/fr\/wp-json\/wp\/v2\/media\/8457"}],"wp:attachment":[{"href":"https:\/\/www.softub.ch\/fr\/wp-json\/wp\/v2\/media?parent=8454"}],"wp:term":[{"taxonomy":"product_brand","embeddable":true,"href":"https:\/\/www.softub.ch\/fr\/wp-json\/wp\/v2\/product_brand?post=8454"},{"taxonomy":"product_cat","embeddable":true,"href":"https:\/\/www.softub.ch\/fr\/wp-json\/wp\/v2\/product_cat?post=8454"},{"taxonomy":"product_tag","embeddable":true,"href":"https:\/\/www.softub.ch\/fr\/wp-json\/wp\/v2\/product_tag?post=8454"},{"taxonomy":"woo-feed-brand","embeddable":true,"href":"https:\/\/www.softub.ch\/fr\/wp-json\/wp\/v2\/woo-feed-brand?post=8454"}],"curies":[{"name":"wp","href":"https:\/\/api.w.org\/{rel}","templated":true}]}}