{"id":8563,"date":"2020-05-02T20:01:06","date_gmt":"2020-05-02T18:01:06","guid":{"rendered":"http:\/\/www.softub.ch\/?post_type=product&#038;p=8563"},"modified":"2023-09-20T10:44:33","modified_gmt":"2023-09-20T08:44:33","slug":"weka-diabas-saunasteine","status":"publish","type":"product","link":"https:\/\/www.softub.ch\/fr\/produit\/weka-diabas-saunasteine\/","title":{"rendered":"Weka Diabas Saunasteine &#8211; f\u00fcr eine gleichm\u00e4ssige W\u00e4rmeabgabe"},"content":{"rendered":"<h1><span style=\"color: #429bba\">Weka Diabas Saunasteine<\/span><\/h1>\n<p>Die Weka Diabas Saunasteine von Weka sorgen f\u00fcr eine noch gleichm\u00e4ssigere W\u00e4rmeabgabe und machen jeden Aufguss zu einem Erlebnis. Saunasteine sind das wichtigste Zubeh\u00f6r f\u00fcr den Saunaofen. Als Basis f\u00fcr den Saunaaufguss sind die richtigen Saunasteine von entscheidener Bedeutung. Um einen effektvollen Sauna-Aufguss durchf\u00fchren zu k\u00f6nnen, bedarf es bei den Steinen einer hohen W\u00e4rmespeicherkapazit\u00e4t und Widerstandf\u00e4higkeit gegen\u00fcber extremer Temperaturschwankungen. Saunasteine sollten in regelm\u00e4ssigen Abst\u00e4nden ausgetauscht werden. Sollten die Steine sichtlich an Volumen verlieren, ist es h\u00f6chste Zeit f\u00fcr einen Austausch.<\/p>\n<ul>\n<li>Wichtigstes Zubeh\u00f6r f\u00fcr den Saunaofen<\/li>\n<li>Guter W\u00e4rmespeicher<\/li>\n<li>Gleichm\u00e4ssige W\u00e4rmeabgabe<\/li>\n<li>Gewicht: 12-12.5 kg<\/li>\n<\/ul>\n<p>&nbsp;<\/p>\n<h3 data-fontsize=\"18\" data-lineheight=\"25\">Sauna\u00f6fen &amp; Steuerger\u00e4te \u2013 hochwertige WEKA Qualit\u00e4t, die \u00fcberzeugt<\/h3>\n<p>Mit den WEKA-Produkten erleben Sie unbeschwertes Saunavergn\u00fcgen bei optimaler Temperatur und Luftfeuchtigkeit. Verschiedene Sauna\u00f6fen, das Herz einer Sauna, sowie passende Steuerger\u00e4te bieten wir Ihnen in grosser Auswahl. Die Sauna\u00f6fen von WEKA bestechen durch Ihre hochwertige Verarbeitung. Sie bestehen aus rostfreiem, doppelwandigem Edelstahl, was sie sehr stabil macht und eine lange Lebensdauer garantiert.<\/p>\n<p>Vom klassischen Saunaofen bis zum Dampfbad-Sauna-Kombiofen \u2013 WEKA h\u00e4lt verschiedene Ofenmodelle in unterschiedlichen Gr\u00f6ssen f\u00fcr Sie bereit. Egal, ob Sie eine grosse odder eine kleine Sauna haben, hier finden Sie kompatible Ofensets inklusive Silikonkabel zum Anschluss des Saunaofens.<\/p>\n<p>&nbsp;<\/p>\n<h3 data-fontsize=\"18\" data-lineheight=\"25\">Weiteres Zubeh\u00f6r:<\/h3>\n<p>Wir haben ein reichhaltiges Zubeh\u00f6rsortiment f\u00fcr Sie zusammengestellt, so dass Sie sich die passenden Produkte in Ruhe in unserem Onlineshop ausw\u00e4hlen k\u00f6nnen. Wenn Sie sich dar\u00fcber hinaus Ihre ganz pers\u00f6nliche Wellness-Oase schaffen wollen, so schauen Sie sich doch einfach unsere Softub <a href=\"https:\/\/softub.ch\/simply-relaxing\/softub-whirlpools\/\">Whirlpools<\/a> an \u2013 eventuell auch in Kombination mit einem <a href=\"https:\/\/meinschattenspender.ch\/\">Unosider-<\/a><a href=\"https:\/\/meinschattenspender.ch\/\">Pavillon<\/a>.<\/p>\n<p>Wir beraten Sie gerne, telefonisch, in einem unserer Showrooms oder bei Ihnen Zuhause.<\/p>\n","protected":false},"excerpt":{"rendered":"<h1><span style=\"color: #429bba\">Weka Diabas Saunasteine<\/span><\/h1>\n<p>Saunasteine sorgen f\u00fcr eine noch gleichm\u00e4ssigere W\u00e4rmeabgabe und machen jeden Aufguss zu einem Erlebnis.<\/p>\n","protected":false},"featured_media":8566,"template":"","meta":{"_acf_changed":false},"product_brand":[],"product_cat":[527],"product_tag":[1969,1970,430,468,1678,461,523,567,1179,431,1666,184,1125],"woo-feed-brand":[],"class_list":{"0":"post-8563","1":"product","2":"type-product","3":"status-publish","4":"has-post-thumbnail","6":"product_cat-saunaofen-und-steuergeraet","7":"product_tag-die-besten-saunasteine","8":"product_tag-hoch-qualitative-saunasteine","9":"product_tag-sauna","10":"product_tag-sauna-grundausstattung","11":"product_tag-sauna-zubehoer-von-weka","12":"product_tag-sauna-zubehoer","13":"product_tag-saunasteine","14":"product_tag-softub","15":"product_tag-softub-schweiz","16":"product_tag-weka","17":"product_tag-weka-saunazubehoer","18":"product_tag-wellness","19":"product_tag-wellnessoase","20":"product_shipping_class-post-20","22":"first","23":"instock","24":"taxable","25":"shipping-taxable","26":"purchasable","27":"product-type-simple"},"acf":[],"yoast_head":"<!-- This site is optimized with the Yoast SEO Premium plugin v27.4 (Yoast SEO v27.4) - https:\/\/yoast.com\/product\/yoast-seo-premium-wordpress\/ -->\n<title>Weka Diabas Saunasteine - f\u00fcr eine gleichm\u00e4ssigere W\u00e4rmeabgabe<\/title>\n<meta name=\"description\" content=\"Die Weka Diabas Saunasteine von Weka sorgen f\u00fcr eine noch gleichm\u00e4ssigere W\u00e4rmeabgabe und machen jeden Aufguss zu einem Erlebnis.\" \/>\n<meta name=\"robots\" content=\"index, follow, max-snippet:-1, max-image-preview:large, max-video-preview:-1\" \/>\n<link rel=\"canonical\" href=\"https:\/\/www.softub.ch\/produkt\/weka-diabas-saunasteine\/\" \/>\n<meta property=\"og:locale\" content=\"fr_FR\" \/>\n<meta property=\"og:type\" content=\"article\" \/>\n<meta property=\"og:title\" content=\"Weka Diabas Saunasteine - f\u00fcr eine gleichm\u00e4ssige W\u00e4rmeabgabe\" \/>\n<meta property=\"og:description\" content=\"Die Weka Diabas Saunasteine von Weka sorgen f\u00fcr eine noch gleichm\u00e4ssigere W\u00e4rmeabgabe und machen jeden Aufguss zu einem Erlebnis.\" \/>\n<meta property=\"og:url\" content=\"https:\/\/www.softub.ch\/produkt\/weka-diabas-saunasteine\/\" \/>\n<meta property=\"og:site_name\" content=\"Softub Schweiz\" \/>\n<meta property=\"article:publisher\" content=\"https:\/\/www.facebook.com\/softubschweiz\" \/>\n<meta property=\"article:modified_time\" content=\"2023-09-20T08:44:33+00:00\" \/>\n<meta property=\"og:image\" content=\"https:\/\/www.softub.ch\/wp-content\/uploads\/weka-saunasteine.jpg\" \/>\n\t<meta property=\"og:image:width\" content=\"440\" \/>\n\t<meta property=\"og:image:height\" content=\"330\" \/>\n\t<meta property=\"og:image:type\" content=\"image\/jpeg\" \/>\n<meta name=\"twitter:card\" content=\"summary_large_image\" \/>\n<meta name=\"twitter:label1\" content=\"Dur\u00e9e de lecture estim\u00e9e\" \/>\n\t<meta name=\"twitter:data1\" content=\"1 minute\" \/>\n<script type=\"application\/ld+json\" class=\"yoast-schema-graph\">{\"@context\":\"https:\\\/\\\/schema.org\",\"@graph\":[{\"@type\":\"WebPage\",\"@id\":\"https:\\\/\\\/www.softub.ch\\\/produkt\\\/weka-diabas-saunasteine\\\/\",\"url\":\"https:\\\/\\\/www.softub.ch\\\/produkt\\\/weka-diabas-saunasteine\\\/\",\"name\":\"Weka Diabas Saunasteine - f\u00fcr eine gleichm\u00e4ssigere W\u00e4rmeabgabe\",\"isPartOf\":{\"@id\":\"https:\\\/\\\/www.softub.ch\\\/fr\\\/#website\"},\"primaryImageOfPage\":{\"@id\":\"https:\\\/\\\/www.softub.ch\\\/produkt\\\/weka-diabas-saunasteine\\\/#primaryimage\"},\"image\":{\"@id\":\"https:\\\/\\\/www.softub.ch\\\/produkt\\\/weka-diabas-saunasteine\\\/#primaryimage\"},\"thumbnailUrl\":\"https:\\\/\\\/www.softub.ch\\\/wp-content\\\/uploads\\\/weka-saunasteine.jpg\",\"datePublished\":\"2020-05-02T18:01:06+00:00\",\"dateModified\":\"2023-09-20T08:44:33+00:00\",\"description\":\"Die Weka Diabas Saunasteine von Weka sorgen f\u00fcr eine noch gleichm\u00e4ssigere W\u00e4rmeabgabe und machen jeden Aufguss zu einem Erlebnis.\",\"breadcrumb\":{\"@id\":\"https:\\\/\\\/www.softub.ch\\\/produkt\\\/weka-diabas-saunasteine\\\/#breadcrumb\"},\"inLanguage\":\"fr-FR\",\"potentialAction\":[{\"@type\":\"ReadAction\",\"target\":[\"https:\\\/\\\/www.softub.ch\\\/produkt\\\/weka-diabas-saunasteine\\\/\"]}]},{\"@type\":\"ImageObject\",\"inLanguage\":\"fr-FR\",\"@id\":\"https:\\\/\\\/www.softub.ch\\\/produkt\\\/weka-diabas-saunasteine\\\/#primaryimage\",\"url\":\"https:\\\/\\\/www.softub.ch\\\/wp-content\\\/uploads\\\/weka-saunasteine.jpg\",\"contentUrl\":\"https:\\\/\\\/www.softub.ch\\\/wp-content\\\/uploads\\\/weka-saunasteine.jpg\",\"width\":440,\"height\":330,\"caption\":\"Abgebildet sind die Weka Diabas Saunasteine in einem Saunaofen. Die Steine haben eine dunkelgraue Farbe\"},{\"@type\":\"BreadcrumbList\",\"@id\":\"https:\\\/\\\/www.softub.ch\\\/produkt\\\/weka-diabas-saunasteine\\\/#breadcrumb\",\"itemListElement\":[{\"@type\":\"ListItem\",\"position\":1,\"name\":\"Startseite\",\"item\":\"https:\\\/\\\/www.softub.ch\\\/fr\\\/\"},{\"@type\":\"ListItem\",\"position\":2,\"name\":\"Shop\",\"item\":\"https:\\\/\\\/www.softub.ch\\\/fr\\\/softub-suisse-shop\\\/\"},{\"@type\":\"ListItem\",\"position\":3,\"name\":\"Weka Diabas Saunasteine &#8211; f\u00fcr eine gleichm\u00e4ssige W\u00e4rmeabgabe\"}]},{\"@type\":\"WebSite\",\"@id\":\"https:\\\/\\\/www.softub.ch\\\/fr\\\/#website\",\"url\":\"https:\\\/\\\/www.softub.ch\\\/fr\\\/\",\"name\":\"Softub Schweiz\",\"description\":\"Softub - Wir machen Ferien Zuhause\",\"publisher\":{\"@id\":\"https:\\\/\\\/www.softub.ch\\\/fr\\\/#organization\"},\"potentialAction\":[{\"@type\":\"SearchAction\",\"target\":{\"@type\":\"EntryPoint\",\"urlTemplate\":\"https:\\\/\\\/www.softub.ch\\\/fr\\\/?s={search_term_string}\"},\"query-input\":{\"@type\":\"PropertyValueSpecification\",\"valueRequired\":true,\"valueName\":\"search_term_string\"}}],\"inLanguage\":\"fr-FR\"},{\"@type\":\"Organization\",\"@id\":\"https:\\\/\\\/www.softub.ch\\\/fr\\\/#organization\",\"name\":\"Softub Schweiz AG\",\"url\":\"https:\\\/\\\/www.softub.ch\\\/fr\\\/\",\"logo\":{\"@type\":\"ImageObject\",\"inLanguage\":\"fr-FR\",\"@id\":\"https:\\\/\\\/www.softub.ch\\\/fr\\\/#\\\/schema\\\/logo\\\/image\\\/\",\"url\":\"https:\\\/\\\/www.softub.ch\\\/wp-content\\\/uploads\\\/Softub-Logo-Softub-Schweiz-.png\",\"contentUrl\":\"https:\\\/\\\/www.softub.ch\\\/wp-content\\\/uploads\\\/Softub-Logo-Softub-Schweiz-.png\",\"width\":200,\"height\":73,\"caption\":\"Softub Schweiz AG\"},\"image\":{\"@id\":\"https:\\\/\\\/www.softub.ch\\\/fr\\\/#\\\/schema\\\/logo\\\/image\\\/\"},\"sameAs\":[\"https:\\\/\\\/www.facebook.com\\\/softubschweiz\",\"https:\\\/\\\/www.instagram.com\\\/softub_schweiz\\\/\",\"https:\\\/\\\/ch.pinterest.com\\\/softub_schweiz\\\/\",\"https:\\\/\\\/www.linkedin.com\\\/company\\\/softub-schweiz-ag\\\/\"]}]}<\/script>\n<!-- \/ Yoast SEO Premium plugin. -->","yoast_head_json":{"title":"Weka Diabas Saunasteine - f\u00fcr eine gleichm\u00e4ssigere W\u00e4rmeabgabe","description":"Die Weka Diabas Saunasteine von Weka sorgen f\u00fcr eine noch gleichm\u00e4ssigere W\u00e4rmeabgabe und machen jeden Aufguss zu einem Erlebnis.","robots":{"index":"index","follow":"follow","max-snippet":"max-snippet:-1","max-image-preview":"max-image-preview:large","max-video-preview":"max-video-preview:-1"},"canonical":"https:\/\/www.softub.ch\/produkt\/weka-diabas-saunasteine\/","og_locale":"fr_FR","og_type":"article","og_title":"Weka Diabas Saunasteine - f\u00fcr eine gleichm\u00e4ssige W\u00e4rmeabgabe","og_description":"Die Weka Diabas Saunasteine von Weka sorgen f\u00fcr eine noch gleichm\u00e4ssigere W\u00e4rmeabgabe und machen jeden Aufguss zu einem Erlebnis.","og_url":"https:\/\/www.softub.ch\/produkt\/weka-diabas-saunasteine\/","og_site_name":"Softub Schweiz","article_publisher":"https:\/\/www.facebook.com\/softubschweiz","article_modified_time":"2023-09-20T08:44:33+00:00","og_image":[{"width":440,"height":330,"url":"https:\/\/www.softub.ch\/wp-content\/uploads\/weka-saunasteine.jpg","type":"image\/jpeg"}],"twitter_card":"summary_large_image","twitter_misc":{"Dur\u00e9e de lecture estim\u00e9e":"1 minute"},"schema":{"@context":"https:\/\/schema.org","@graph":[{"@type":"WebPage","@id":"https:\/\/www.softub.ch\/produkt\/weka-diabas-saunasteine\/","url":"https:\/\/www.softub.ch\/produkt\/weka-diabas-saunasteine\/","name":"Weka Diabas Saunasteine - f\u00fcr eine gleichm\u00e4ssigere W\u00e4rmeabgabe","isPartOf":{"@id":"https:\/\/www.softub.ch\/fr\/#website"},"primaryImageOfPage":{"@id":"https:\/\/www.softub.ch\/produkt\/weka-diabas-saunasteine\/#primaryimage"},"image":{"@id":"https:\/\/www.softub.ch\/produkt\/weka-diabas-saunasteine\/#primaryimage"},"thumbnailUrl":"https:\/\/www.softub.ch\/wp-content\/uploads\/weka-saunasteine.jpg","datePublished":"2020-05-02T18:01:06+00:00","dateModified":"2023-09-20T08:44:33+00:00","description":"Die Weka Diabas Saunasteine von Weka sorgen f\u00fcr eine noch gleichm\u00e4ssigere W\u00e4rmeabgabe und machen jeden Aufguss zu einem Erlebnis.","breadcrumb":{"@id":"https:\/\/www.softub.ch\/produkt\/weka-diabas-saunasteine\/#breadcrumb"},"inLanguage":"fr-FR","potentialAction":[{"@type":"ReadAction","target":["https:\/\/www.softub.ch\/produkt\/weka-diabas-saunasteine\/"]}]},{"@type":"ImageObject","inLanguage":"fr-FR","@id":"https:\/\/www.softub.ch\/produkt\/weka-diabas-saunasteine\/#primaryimage","url":"https:\/\/www.softub.ch\/wp-content\/uploads\/weka-saunasteine.jpg","contentUrl":"https:\/\/www.softub.ch\/wp-content\/uploads\/weka-saunasteine.jpg","width":440,"height":330,"caption":"Abgebildet sind die Weka Diabas Saunasteine in einem Saunaofen. Die Steine haben eine dunkelgraue Farbe"},{"@type":"BreadcrumbList","@id":"https:\/\/www.softub.ch\/produkt\/weka-diabas-saunasteine\/#breadcrumb","itemListElement":[{"@type":"ListItem","position":1,"name":"Startseite","item":"https:\/\/www.softub.ch\/fr\/"},{"@type":"ListItem","position":2,"name":"Shop","item":"https:\/\/www.softub.ch\/fr\/softub-suisse-shop\/"},{"@type":"ListItem","position":3,"name":"Weka Diabas Saunasteine &#8211; f\u00fcr eine gleichm\u00e4ssige W\u00e4rmeabgabe"}]},{"@type":"WebSite","@id":"https:\/\/www.softub.ch\/fr\/#website","url":"https:\/\/www.softub.ch\/fr\/","name":"Softub Schweiz","description":"Softub - Wir machen Ferien Zuhause","publisher":{"@id":"https:\/\/www.softub.ch\/fr\/#organization"},"potentialAction":[{"@type":"SearchAction","target":{"@type":"EntryPoint","urlTemplate":"https:\/\/www.softub.ch\/fr\/?s={search_term_string}"},"query-input":{"@type":"PropertyValueSpecification","valueRequired":true,"valueName":"search_term_string"}}],"inLanguage":"fr-FR"},{"@type":"Organization","@id":"https:\/\/www.softub.ch\/fr\/#organization","name":"Softub Schweiz AG","url":"https:\/\/www.softub.ch\/fr\/","logo":{"@type":"ImageObject","inLanguage":"fr-FR","@id":"https:\/\/www.softub.ch\/fr\/#\/schema\/logo\/image\/","url":"https:\/\/www.softub.ch\/wp-content\/uploads\/Softub-Logo-Softub-Schweiz-.png","contentUrl":"https:\/\/www.softub.ch\/wp-content\/uploads\/Softub-Logo-Softub-Schweiz-.png","width":200,"height":73,"caption":"Softub Schweiz AG"},"image":{"@id":"https:\/\/www.softub.ch\/fr\/#\/schema\/logo\/image\/"},"sameAs":["https:\/\/www.facebook.com\/softubschweiz","https:\/\/www.instagram.com\/softub_schweiz\/","https:\/\/ch.pinterest.com\/softub_schweiz\/","https:\/\/www.linkedin.com\/company\/softub-schweiz-ag\/"]}]}},"_links":{"self":[{"href":"https:\/\/www.softub.ch\/fr\/wp-json\/wp\/v2\/product\/8563","targetHints":{"allow":["GET"]}}],"collection":[{"href":"https:\/\/www.softub.ch\/fr\/wp-json\/wp\/v2\/product"}],"about":[{"href":"https:\/\/www.softub.ch\/fr\/wp-json\/wp\/v2\/types\/product"}],"wp:featuredmedia":[{"embeddable":true,"href":"https:\/\/www.softub.ch\/fr\/wp-json\/wp\/v2\/media\/8566"}],"wp:attachment":[{"href":"https:\/\/www.softub.ch\/fr\/wp-json\/wp\/v2\/media?parent=8563"}],"wp:term":[{"taxonomy":"product_brand","embeddable":true,"href":"https:\/\/www.softub.ch\/fr\/wp-json\/wp\/v2\/product_brand?post=8563"},{"taxonomy":"product_cat","embeddable":true,"href":"https:\/\/www.softub.ch\/fr\/wp-json\/wp\/v2\/product_cat?post=8563"},{"taxonomy":"product_tag","embeddable":true,"href":"https:\/\/www.softub.ch\/fr\/wp-json\/wp\/v2\/product_tag?post=8563"},{"taxonomy":"woo-feed-brand","embeddable":true,"href":"https:\/\/www.softub.ch\/fr\/wp-json\/wp\/v2\/woo-feed-brand?post=8563"}],"curies":[{"name":"wp","href":"https:\/\/api.w.org\/{rel}","templated":true}]}}