{"id":9872,"date":"2020-03-20T18:47:34","date_gmt":"2020-03-20T18:47:34","guid":{"rendered":"http:\/\/www.softub.ch\/?post_type=product&#038;p=9872"},"modified":"2025-12-10T02:35:20","modified_gmt":"2025-12-10T01:35:20","slug":"bain-de-sels-pour-votre-spa","status":"publish","type":"product","link":"https:\/\/www.softub.ch\/fr\/produit\/bain-de-sels-pour-votre-spa\/","title":{"rendered":"Bains de vitalit\u00e9 &#8211; m\u00e9langes de sels pour votre spa"},"content":{"rendered":"<h1><span style=\"color: #429bb9;\">M\u00e9langes de sels pour votre bain \u00e0 remous de Prof. Dr. Biener<\/span><\/h1>\n<h3><span style=\"color: #429bb9;\">&#8211; <strong>Bain de s\u00e9l\u00e9nium &#8211; protection des cellules<\/strong><\/span><\/h3>\n<p>Les min\u00e9raux de s\u00e9l\u00e9nium peuvent agir comme des pi\u00e9geurs de radicaux. Ils peuvent aider \u00e0 r\u00e9duire le stress oxydatif et donc avoir un effet relaxant et pr\u00e9venir le vieillissement pr\u00e9matur\u00e9 de la peau. Les <strong>radicaux libres<\/strong> peuvent entra\u00eener le vieillissement de la peau.<\/p>\n<p>&nbsp;<\/p>\n<div class=\"two-col-article\">\n<h3><span style=\"color: #429bb9;\">&#8211; <strong>Bain de calcium \/ magn\u00e9sium &#8211; fontaine de jouvence<\/strong><\/span><\/h3>\n<p>Des bains r\u00e9guliers dans une eau sal\u00e9e comportant du calcium ou dumagn\u00e9sium favorisent la circulation sanguine, renforcent la fonction protectrice naturelle de la peau,et la rendent douce et souple. Une peau qui tiraille et qui d\u00e9mange peut se calmer et se d\u00e9tendre. Ces min\u00e9raux ont un effet purificateur, mais\u00e9galement <strong>anti-\u00e2ge<\/strong>. Ainsi, les bains de calcium et de magn\u00e9sium pr\u00e9viennent le vieillissement de la peau.<\/p>\n<p>&nbsp;<\/p>\n<\/div>\n<h3><span style=\"color: #429bb9;\">&#8211; <strong>Bain <\/strong><strong>au sel de la mer Morte &#8211; cure de beaut\u00e9<\/strong><\/span><\/h3>\n<div class=\"two-col-article\">\n<p>Cl\u00e9op\u00e2tre n\u2019\u00e9tait pas la seule \u00e0 se baigner dans \u00a0\u00ab l&rsquo;or blanc \u00bb de la mer Morte. Le bain au sel de la mer Morte stimule la circulation et le m\u00e9tabolisme de la peau. Pendant le bain, le corps absorbe les min\u00e9raux de l\u2019eau de mer ; la fonction protectrice naturelle de la peau est renforc\u00e9e. Les probl\u00e8mes de peau tels que le <strong>psoriasis<\/strong> et la <strong>neurodermite<\/strong> s&rsquo;am\u00e9liorent consid\u00e9rablement.<\/p>\n<p>&nbsp;<\/p>\n<\/div>\n<div class=\"two-col-article\">\n<h3><span style=\"color: #429bb9;\">&#8211; <strong>Bain d&rsquo;iode \/ de s\u00e9l\u00e9nium &#8211; source vitale<\/strong><\/span><\/h3>\n<p>Fatigu\u00e9(e), \u00e9puis\u00e9(e), d\u00e9concentr\u00e9(e)? La <strong>glande thyro\u00efde<\/strong> est consid\u00e9r\u00e9e comme \u00ab\u00a0l&rsquo;acc\u00e9l\u00e9rateur\u00a0\u00bb du corps. Ses hormones contr\u00f4lent une partie consid\u00e9rable du m\u00e9tabolisme. Pour cela, il a besoin de quantit\u00e9s suffisantes d&rsquo;iode et de s\u00e9l\u00e9nium. Un bain d&rsquo;iode ou de s\u00e9l\u00e9nium peut renforcer les d\u00e9fenses de l&rsquo;organisme et retarder le processus de vieillissement. Le s\u00e9l\u00e9nium a \u00e9galement un effet antioxydant et prot\u00e8ge les cellules de la peau contre les <strong>influences n\u00e9fastes de l&rsquo;environnement<\/strong>.<\/p>\n<\/div>\n<h3><span style=\"color: #429bb9;\"><strong>Application<\/strong>:<\/span><\/h3>\n<ul>\n<li>Dissoudre compl\u00e8tement le sel contenu dans l&#8217;emballage (seau) avec de l&rsquo;eau.<\/li>\n<li>Ce n&rsquo;est que lorsque le sel s&rsquo;est <strong>liqu\u00e9fi\u00e9<\/strong> que vous pourrez verser la solution saline dans votre spa.<\/li>\n<li>Ne versez jamais le sel directement dans la piscine.<\/li>\n<li>Votre eau sera d\u2019aspect plus doux et trouble avec le sel.<\/li>\n<li>Continuez votre entretien habituel de l&rsquo;eau jusqu&rsquo;au prochain changement d&rsquo;eau.<\/li>\n<\/ul>\n<div class=\"two-col-article\"><\/div>\n","protected":false},"excerpt":{"rendered":"<p>Les bains b\u00e9n\u00e9fiques pour la sant\u00e9 sont cr\u00e9\u00e9s par le m\u00e9lange subtil de sels nobles comportant des min\u00e9raux et des oligo-\u00e9l\u00e9ments tels que le calcium, le magn\u00e9sium, l&rsquo;iode ou le s\u00e9l\u00e9nium. Utilis\u00e9s de mani\u00e8re cibl\u00e9e, ces bains chauds stimulent la circulation et le m\u00e9tabolisme de la peau et soulagent les affections cutan\u00e9es, retardent le vieillissement de la peau, purifient l&rsquo;organisme et renforcent le syst\u00e8me immunitaire.<\/p>\n","protected":false},"featured_media":9893,"template":"","meta":{"_acf_changed":false},"product_brand":[],"product_cat":[211],"product_tag":[9828],"woo-feed-brand":[],"class_list":{"0":"post-9872","1":"product","2":"type-product","3":"status-publish","4":"has-post-thumbnail","6":"product_cat-aromatherapie-parfums","7":"product_tag-sels-de-bain","8":"product_shipping_class-post-15","10":"first","11":"instock","12":"taxable","13":"shipping-taxable","14":"purchasable","15":"product-type-variable"},"acf":[],"yoast_head":"<!-- This site is optimized with the Yoast SEO Premium plugin v27.5 (Yoast SEO v27.5) - https:\/\/yoast.com\/product\/yoast-seo-premium-wordpress\/ -->\n<title>Bains de vitalit\u00e9 - m\u00e9langes de sels pour votre spa<\/title>\n<meta name=\"description\" content=\"Bains de vitalit\u00e9 - m\u00e9langes de sels pour votre spa. Bain de s\u00e9l\u00e9nium, Bain au sel de la mer, Bain de calcium \/ magn\u00e9sium, Bain d&#039;iode \/ de s\u00e9l\u00e9nium.\" \/>\n<meta name=\"robots\" content=\"index, follow, max-snippet:-1, max-image-preview:large, max-video-preview:-1\" \/>\n<link rel=\"canonical\" href=\"https:\/\/www.softub.ch\/fr\/produit\/bain-de-sels-pour-votre-spa\/\" \/>\n<meta property=\"og:locale\" content=\"fr_FR\" \/>\n<meta property=\"og:type\" content=\"article\" \/>\n<meta property=\"og:title\" content=\"Bains de vitalit\u00e9 - m\u00e9langes de sels pour votre spa\" \/>\n<meta property=\"og:description\" content=\"Bains de vitalit\u00e9 - m\u00e9langes de sels pour votre spa. Bain de s\u00e9l\u00e9nium, Bain au sel de la mer, Bain de calcium \/ magn\u00e9sium, Bain d&#039;iode \/ de s\u00e9l\u00e9nium.\" \/>\n<meta property=\"og:url\" content=\"https:\/\/www.softub.ch\/fr\/produit\/bain-de-sels-pour-votre-spa\/\" \/>\n<meta property=\"og:site_name\" content=\"Softub Schweiz\" \/>\n<meta property=\"article:publisher\" content=\"https:\/\/www.facebook.com\/softubschweiz\" \/>\n<meta property=\"article:modified_time\" content=\"2025-12-10T01:35:20+00:00\" \/>\n<meta property=\"og:image\" content=\"https:\/\/www.softub.ch\/wp-content\/uploads\/solebad-salz.png\" \/>\n\t<meta property=\"og:image:width\" content=\"1280\" \/>\n\t<meta property=\"og:image:height\" content=\"720\" \/>\n\t<meta property=\"og:image:type\" content=\"image\/png\" \/>\n<meta name=\"twitter:card\" content=\"summary_large_image\" \/>\n<meta name=\"twitter:label1\" content=\"Dur\u00e9e de lecture estim\u00e9e\" \/>\n\t<meta name=\"twitter:data1\" content=\"2 minutes\" \/>\n<script type=\"application\/ld+json\" class=\"yoast-schema-graph\">{\"@context\":\"https:\\\/\\\/schema.org\",\"@graph\":[{\"@type\":\"WebPage\",\"@id\":\"https:\\\/\\\/www.softub.ch\\\/fr\\\/produit\\\/bain-de-sels-pour-votre-spa\\\/\",\"url\":\"https:\\\/\\\/www.softub.ch\\\/fr\\\/produit\\\/bain-de-sels-pour-votre-spa\\\/\",\"name\":\"Bains de vitalit\u00e9 - m\u00e9langes de sels pour votre spa\",\"isPartOf\":{\"@id\":\"https:\\\/\\\/www.softub.ch\\\/fr\\\/#website\"},\"primaryImageOfPage\":{\"@id\":\"https:\\\/\\\/www.softub.ch\\\/fr\\\/produit\\\/bain-de-sels-pour-votre-spa\\\/#primaryimage\"},\"image\":{\"@id\":\"https:\\\/\\\/www.softub.ch\\\/fr\\\/produit\\\/bain-de-sels-pour-votre-spa\\\/#primaryimage\"},\"thumbnailUrl\":\"https:\\\/\\\/www.softub.ch\\\/wp-content\\\/uploads\\\/solebad-salz.png\",\"datePublished\":\"2020-03-20T18:47:34+00:00\",\"dateModified\":\"2025-12-10T01:35:20+00:00\",\"description\":\"Bains de vitalit\u00e9 - m\u00e9langes de sels pour votre spa. Bain de s\u00e9l\u00e9nium, Bain au sel de la mer, Bain de calcium \\\/ magn\u00e9sium, Bain d'iode \\\/ de s\u00e9l\u00e9nium.\",\"breadcrumb\":{\"@id\":\"https:\\\/\\\/www.softub.ch\\\/fr\\\/produit\\\/bain-de-sels-pour-votre-spa\\\/#breadcrumb\"},\"inLanguage\":\"fr-FR\",\"potentialAction\":[{\"@type\":\"ReadAction\",\"target\":[\"https:\\\/\\\/www.softub.ch\\\/fr\\\/produit\\\/bain-de-sels-pour-votre-spa\\\/\"]}]},{\"@type\":\"ImageObject\",\"inLanguage\":\"fr-FR\",\"@id\":\"https:\\\/\\\/www.softub.ch\\\/fr\\\/produit\\\/bain-de-sels-pour-votre-spa\\\/#primaryimage\",\"url\":\"https:\\\/\\\/www.softub.ch\\\/wp-content\\\/uploads\\\/solebad-salz.png\",\"contentUrl\":\"https:\\\/\\\/www.softub.ch\\\/wp-content\\\/uploads\\\/solebad-salz.png\",\"width\":1280,\"height\":720,\"caption\":\"Bains de vitalit\u00e9 - m\u00e9langes de sels pour votre spa\"},{\"@type\":\"BreadcrumbList\",\"@id\":\"https:\\\/\\\/www.softub.ch\\\/fr\\\/produit\\\/bain-de-sels-pour-votre-spa\\\/#breadcrumb\",\"itemListElement\":[{\"@type\":\"ListItem\",\"position\":1,\"name\":\"Startseite\",\"item\":\"https:\\\/\\\/www.softub.ch\\\/fr\\\/\"},{\"@type\":\"ListItem\",\"position\":2,\"name\":\"Shop\",\"item\":\"https:\\\/\\\/www.softub.ch\\\/fr\\\/softub-suisse-shop\\\/\"},{\"@type\":\"ListItem\",\"position\":3,\"name\":\"Bains de vitalit\u00e9 &#8211; m\u00e9langes de sels pour votre spa\"}]},{\"@type\":\"WebSite\",\"@id\":\"https:\\\/\\\/www.softub.ch\\\/fr\\\/#website\",\"url\":\"https:\\\/\\\/www.softub.ch\\\/fr\\\/\",\"name\":\"Softub Schweiz\",\"description\":\"Softub - Wir machen Ferien Zuhause\",\"publisher\":{\"@id\":\"https:\\\/\\\/www.softub.ch\\\/fr\\\/#organization\"},\"potentialAction\":[{\"@type\":\"SearchAction\",\"target\":{\"@type\":\"EntryPoint\",\"urlTemplate\":\"https:\\\/\\\/www.softub.ch\\\/fr\\\/?s={search_term_string}\"},\"query-input\":{\"@type\":\"PropertyValueSpecification\",\"valueRequired\":true,\"valueName\":\"search_term_string\"}}],\"inLanguage\":\"fr-FR\"},{\"@type\":\"Organization\",\"@id\":\"https:\\\/\\\/www.softub.ch\\\/fr\\\/#organization\",\"name\":\"Softub Schweiz AG\",\"url\":\"https:\\\/\\\/www.softub.ch\\\/fr\\\/\",\"logo\":{\"@type\":\"ImageObject\",\"inLanguage\":\"fr-FR\",\"@id\":\"https:\\\/\\\/www.softub.ch\\\/fr\\\/#\\\/schema\\\/logo\\\/image\\\/\",\"url\":\"https:\\\/\\\/www.softub.ch\\\/wp-content\\\/uploads\\\/Softub-Logo-Softub-Schweiz-.png\",\"contentUrl\":\"https:\\\/\\\/www.softub.ch\\\/wp-content\\\/uploads\\\/Softub-Logo-Softub-Schweiz-.png\",\"width\":200,\"height\":73,\"caption\":\"Softub Schweiz AG\"},\"image\":{\"@id\":\"https:\\\/\\\/www.softub.ch\\\/fr\\\/#\\\/schema\\\/logo\\\/image\\\/\"},\"sameAs\":[\"https:\\\/\\\/www.facebook.com\\\/softubschweiz\",\"https:\\\/\\\/www.instagram.com\\\/softub_schweiz\\\/\",\"https:\\\/\\\/ch.pinterest.com\\\/softub_schweiz\\\/\",\"https:\\\/\\\/www.linkedin.com\\\/company\\\/softub-schweiz-ag\\\/\"]}]}<\/script>\n<!-- \/ Yoast SEO Premium plugin. -->","yoast_head_json":{"title":"Bains de vitalit\u00e9 - m\u00e9langes de sels pour votre spa","description":"Bains de vitalit\u00e9 - m\u00e9langes de sels pour votre spa. Bain de s\u00e9l\u00e9nium, Bain au sel de la mer, Bain de calcium \/ magn\u00e9sium, Bain d'iode \/ de s\u00e9l\u00e9nium.","robots":{"index":"index","follow":"follow","max-snippet":"max-snippet:-1","max-image-preview":"max-image-preview:large","max-video-preview":"max-video-preview:-1"},"canonical":"https:\/\/www.softub.ch\/fr\/produit\/bain-de-sels-pour-votre-spa\/","og_locale":"fr_FR","og_type":"article","og_title":"Bains de vitalit\u00e9 - m\u00e9langes de sels pour votre spa","og_description":"Bains de vitalit\u00e9 - m\u00e9langes de sels pour votre spa. Bain de s\u00e9l\u00e9nium, Bain au sel de la mer, Bain de calcium \/ magn\u00e9sium, Bain d'iode \/ de s\u00e9l\u00e9nium.","og_url":"https:\/\/www.softub.ch\/fr\/produit\/bain-de-sels-pour-votre-spa\/","og_site_name":"Softub Schweiz","article_publisher":"https:\/\/www.facebook.com\/softubschweiz","article_modified_time":"2025-12-10T01:35:20+00:00","og_image":[{"width":1280,"height":720,"url":"https:\/\/www.softub.ch\/wp-content\/uploads\/solebad-salz.png","type":"image\/png"}],"twitter_card":"summary_large_image","twitter_misc":{"Dur\u00e9e de lecture estim\u00e9e":"2 minutes"},"schema":{"@context":"https:\/\/schema.org","@graph":[{"@type":"WebPage","@id":"https:\/\/www.softub.ch\/fr\/produit\/bain-de-sels-pour-votre-spa\/","url":"https:\/\/www.softub.ch\/fr\/produit\/bain-de-sels-pour-votre-spa\/","name":"Bains de vitalit\u00e9 - m\u00e9langes de sels pour votre spa","isPartOf":{"@id":"https:\/\/www.softub.ch\/fr\/#website"},"primaryImageOfPage":{"@id":"https:\/\/www.softub.ch\/fr\/produit\/bain-de-sels-pour-votre-spa\/#primaryimage"},"image":{"@id":"https:\/\/www.softub.ch\/fr\/produit\/bain-de-sels-pour-votre-spa\/#primaryimage"},"thumbnailUrl":"https:\/\/www.softub.ch\/wp-content\/uploads\/solebad-salz.png","datePublished":"2020-03-20T18:47:34+00:00","dateModified":"2025-12-10T01:35:20+00:00","description":"Bains de vitalit\u00e9 - m\u00e9langes de sels pour votre spa. Bain de s\u00e9l\u00e9nium, Bain au sel de la mer, Bain de calcium \/ magn\u00e9sium, Bain d'iode \/ de s\u00e9l\u00e9nium.","breadcrumb":{"@id":"https:\/\/www.softub.ch\/fr\/produit\/bain-de-sels-pour-votre-spa\/#breadcrumb"},"inLanguage":"fr-FR","potentialAction":[{"@type":"ReadAction","target":["https:\/\/www.softub.ch\/fr\/produit\/bain-de-sels-pour-votre-spa\/"]}]},{"@type":"ImageObject","inLanguage":"fr-FR","@id":"https:\/\/www.softub.ch\/fr\/produit\/bain-de-sels-pour-votre-spa\/#primaryimage","url":"https:\/\/www.softub.ch\/wp-content\/uploads\/solebad-salz.png","contentUrl":"https:\/\/www.softub.ch\/wp-content\/uploads\/solebad-salz.png","width":1280,"height":720,"caption":"Bains de vitalit\u00e9 - m\u00e9langes de sels pour votre spa"},{"@type":"BreadcrumbList","@id":"https:\/\/www.softub.ch\/fr\/produit\/bain-de-sels-pour-votre-spa\/#breadcrumb","itemListElement":[{"@type":"ListItem","position":1,"name":"Startseite","item":"https:\/\/www.softub.ch\/fr\/"},{"@type":"ListItem","position":2,"name":"Shop","item":"https:\/\/www.softub.ch\/fr\/softub-suisse-shop\/"},{"@type":"ListItem","position":3,"name":"Bains de vitalit\u00e9 &#8211; m\u00e9langes de sels pour votre spa"}]},{"@type":"WebSite","@id":"https:\/\/www.softub.ch\/fr\/#website","url":"https:\/\/www.softub.ch\/fr\/","name":"Softub Schweiz","description":"Softub - Wir machen Ferien Zuhause","publisher":{"@id":"https:\/\/www.softub.ch\/fr\/#organization"},"potentialAction":[{"@type":"SearchAction","target":{"@type":"EntryPoint","urlTemplate":"https:\/\/www.softub.ch\/fr\/?s={search_term_string}"},"query-input":{"@type":"PropertyValueSpecification","valueRequired":true,"valueName":"search_term_string"}}],"inLanguage":"fr-FR"},{"@type":"Organization","@id":"https:\/\/www.softub.ch\/fr\/#organization","name":"Softub Schweiz AG","url":"https:\/\/www.softub.ch\/fr\/","logo":{"@type":"ImageObject","inLanguage":"fr-FR","@id":"https:\/\/www.softub.ch\/fr\/#\/schema\/logo\/image\/","url":"https:\/\/www.softub.ch\/wp-content\/uploads\/Softub-Logo-Softub-Schweiz-.png","contentUrl":"https:\/\/www.softub.ch\/wp-content\/uploads\/Softub-Logo-Softub-Schweiz-.png","width":200,"height":73,"caption":"Softub Schweiz AG"},"image":{"@id":"https:\/\/www.softub.ch\/fr\/#\/schema\/logo\/image\/"},"sameAs":["https:\/\/www.facebook.com\/softubschweiz","https:\/\/www.instagram.com\/softub_schweiz\/","https:\/\/ch.pinterest.com\/softub_schweiz\/","https:\/\/www.linkedin.com\/company\/softub-schweiz-ag\/"]}]}},"_links":{"self":[{"href":"https:\/\/www.softub.ch\/fr\/wp-json\/wp\/v2\/product\/9872","targetHints":{"allow":["GET"]}}],"collection":[{"href":"https:\/\/www.softub.ch\/fr\/wp-json\/wp\/v2\/product"}],"about":[{"href":"https:\/\/www.softub.ch\/fr\/wp-json\/wp\/v2\/types\/product"}],"wp:featuredmedia":[{"embeddable":true,"href":"https:\/\/www.softub.ch\/fr\/wp-json\/wp\/v2\/media\/9893"}],"wp:attachment":[{"href":"https:\/\/www.softub.ch\/fr\/wp-json\/wp\/v2\/media?parent=9872"}],"wp:term":[{"taxonomy":"product_brand","embeddable":true,"href":"https:\/\/www.softub.ch\/fr\/wp-json\/wp\/v2\/product_brand?post=9872"},{"taxonomy":"product_cat","embeddable":true,"href":"https:\/\/www.softub.ch\/fr\/wp-json\/wp\/v2\/product_cat?post=9872"},{"taxonomy":"product_tag","embeddable":true,"href":"https:\/\/www.softub.ch\/fr\/wp-json\/wp\/v2\/product_tag?post=9872"},{"taxonomy":"woo-feed-brand","embeddable":true,"href":"https:\/\/www.softub.ch\/fr\/wp-json\/wp\/v2\/woo-feed-brand?post=9872"}],"curies":[{"name":"wp","href":"https:\/\/api.w.org\/{rel}","templated":true}]}}